{"id":737543,"date":"2025-08-27T23:31:02","date_gmt":"2025-08-27T20:31:02","guid":{"rendered":"https:\/\/roveyayinevi.com.tr\/index.php\/urun\/sufilerin-tarihine-farkli-bir-bakis-denemesi\/"},"modified":"2026-04-16T02:46:56","modified_gmt":"2026-04-15T23:46:56","slug":"sufilerin-tarihine-farkli-bir-bakis-denemesi","status":"publish","type":"product","link":"https:\/\/roveyayinevi.com.tr\/index.php\/urun\/sufilerin-tarihine-farkli-bir-bakis-denemesi\/","title":{"rendered":"Sufilerin Tarihine Farkl\u0131 Bir Bak\u0131\u015f Denemesi"},"content":{"rendered":"<p>&#8220;Bu \u00e7\u0131\u011f\u0131r a\u00e7an eser, yaln\u0131zca tasavvuf gibi \u00e7ok y\u00f6nl\u00fc bir olguyu anlamak i\u00e7in de\u011fil, ayn\u0131 zamanda modern tarihin en \u00f6nemli metodolojik meselelerine ili\u015fkin fikir edinmek i\u00e7in de kritiktir.&#8221;Kamal Gasimov, Voices on Central Asia&#8221;Tasavvufun \u00e7ok y\u00f6nl\u00fcl\u00fc\u011f\u00fcne giri\u015f arayan herkes, Alexander Knysh&#8217;in bu kitab\u0131n\u0131 okumal\u0131d\u0131r.&#8221;History Today&#8221;Yazar, mevcut teorik yap\u0131lara meydan okuyarak tasavvufa dair \u00fcst s\u00f6ylemlerin yeniden d\u00fc\u015f\u00fcn\u00fclmesini sa\u011fl\u0131yor.&#8221;Ayesha Khan, Muslim World Book Review&#8221;Tasavvufun farkl\u0131 perspektiflerine ve boyutlar\u0131na \u00e7a\u011fda\u015f bir bak\u0131\u015fla yakla\u015fan bu eser, yeni fikir denemeleri sunuyor ve bu bak\u0131mdan tasavvufun \u00e7e\u015fitli karma\u015f\u0131k a\u00e7\u0131lar\u0131n\u0131n anla\u015f\u0131lmas\u0131na katk\u0131da bulunuyor.&#8221;ShahRokh Raei, Die Welt des Islams&#8221;\u0130sl\u00e2m&#8217;\u0131n temel geleneklerinden birinin ba\u015ftan sona yeniden d\u00fc\u015f\u00fcn\u00fclmesi ve yeniden \u00e7er\u00e7evelenmesi konusunda, ne hakk\u0131nda konu\u015ftu\u011funu ger\u00e7ekten bilen bir akademisyen taraf\u0131ndan yaz\u0131lm\u0131\u015f, \u00f6nemli ve olduk\u00e7a orijinal bir kitap.&#8221;Mark Sedgwick, Aarhus \u00dcniversitesi, Danimarka&#8221;Bu, tasavvufun i\u00e7inden ve d\u0131\u015f\u0131ndan gelen gruplar\u0131n tasavvufu modern zamanlara kadar nas\u0131l kavramsalla\u015ft\u0131rd\u0131klar\u0131 ve yorumlad\u0131klar\u0131 konusunda bug\u00fcne kadar yap\u0131lm\u0131\u015f en iyi \u00e7al\u0131\u015fmad\u0131r.&#8221;William Chittick, Stony Brook \u00dcniversitesi&#8221;Alexander Knysh, tasavvuf hareketlerinin tarihi ve tasavvuf \u00fczerine ara\u015ft\u0131rmalar hakk\u0131nda e\u015fi g\u00f6r\u00fclmemi\u015f bir eser ortaya koyuyor. Bat\u0131l\u0131 akademisyenleri ve M\u00fcsl\u00fcmanlar\u0131, se\u00e7kinleri ve di\u011fer kitleleri, tasavvufun d\u0131\u015f\u0131ndan ve i\u00e7inden gelenlerin t\u00fcm\u00fcn\u00fc bir araya getiren yazar; tasavvuf s\u00f6ylemine, kurumlar\u0131na ve liderli\u011fine dair de\u011fi\u015fik bak\u0131\u015f a\u00e7\u0131lar\u0131 sunuyor.&#8221;Bruce B. Lawrence, The &#8220;Koran&#8221; in English: A Biography kitab\u0131n\u0131n yazar\u0131&#8221;\u0130sl\u00e2m\u00ee ara\u015ft\u0131rmalar alan\u0131nda y\u00fckselen bir akademisyen taraf\u0131ndan yaz\u0131lan bu \u00e7\u0131\u011f\u0131r a\u00e7an eser detayl\u0131 ve ikna edicidir. \u0130sl\u00e2m gibi bir d\u00fcnya dinine i\u00e7eriden ve d\u0131\u015far\u0131dan nas\u0131l yakla\u015f\u0131laca\u011f\u0131na y\u00f6nelik bu model, \u00f6n\u00fcm\u00fczdeki y\u0131llarda tasavvufa referans olarak literat\u00fcrde yerini alacakt\u0131r.&#8221;Bilal Orfali, Beyrut Amerikan \u00dcniversitesi<\/p>\n","protected":false},"excerpt":{"rendered":"<p>&#8220;Bu \u00e7\u0131\u011f\u0131r a\u00e7an eser, yaln\u0131zca tasavvuf gibi \u00e7ok y\u00f6nl\u00fc bir olguyu anlamak i\u00e7in de\u011fil, ayn\u0131 zamanda modern tarihin en \u00f6nemli metodolojik meselelerine ili\u015fkin fikir edinmek i\u00e7in<span class=\"excerpt-hellip\"> [\u2026]<\/span><\/p>\n","protected":false},"featured_media":0,"template":"","meta":{"_monsterinsights_skip_tracking":false,"_monsterinsights_sitenote_active":false,"_monsterinsights_sitenote_note":"","_monsterinsights_sitenote_category":0},"product_brand":[],"product_cat":[12718,12719,15238],"product_tag":[],"class_list":{"0":"post-737543","1":"product","2":"type-product","3":"status-publish","5":"product_cat-din","6":"product_cat-islam","7":"product_cat-tasavvuf","8":"pa_cilt-ciltsiz","9":"pa_tur-kitap","10":"pa_yayinevi-nefes-yayincilik","11":"pa_yazar-alexander-knysh","13":"first","14":"instock","15":"sale","16":"shipping-taxable","17":"purchasable","18":"product-type-simple"},"_links":{"self":[{"href":"https:\/\/roveyayinevi.com.tr\/index.php\/wp-json\/wp\/v2\/product\/737543","targetHints":{"allow":["GET"]}}],"collection":[{"href":"https:\/\/roveyayinevi.com.tr\/index.php\/wp-json\/wp\/v2\/product"}],"about":[{"href":"https:\/\/roveyayinevi.com.tr\/index.php\/wp-json\/wp\/v2\/types\/product"}],"wp:attachment":[{"href":"https:\/\/roveyayinevi.com.tr\/index.php\/wp-json\/wp\/v2\/media?parent=737543"}],"wp:term":[{"taxonomy":"product_brand","embeddable":true,"href":"https:\/\/roveyayinevi.com.tr\/index.php\/wp-json\/wp\/v2\/product_brand?post=737543"},{"taxonomy":"product_cat","embeddable":true,"href":"https:\/\/roveyayinevi.com.tr\/index.php\/wp-json\/wp\/v2\/product_cat?post=737543"},{"taxonomy":"product_tag","embeddable":true,"href":"https:\/\/roveyayinevi.com.tr\/index.php\/wp-json\/wp\/v2\/product_tag?post=737543"}],"curies":[{"name":"wp","href":"https:\/\/api.w.org\/{rel}","templated":true}]}}