{"id":737542,"date":"2025-08-27T23:31:01","date_gmt":"2025-08-27T20:31:01","guid":{"rendered":"https:\/\/roveyayinevi.com.tr\/index.php\/urun\/bilen-kalp\/"},"modified":"2026-04-16T02:46:56","modified_gmt":"2026-04-15T23:46:56","slug":"bilen-kalp","status":"publish","type":"product","link":"https:\/\/roveyayinevi.com.tr\/index.php\/urun\/bilen-kalp\/","title":{"rendered":"Bilen Kalp"},"content":{"rendered":"<p>Ruhlar \u00e2leminden bu d\u00fcnyaya sefer etmi\u015f olan insano\u011flunun hik\u00e2yesi uzundur. Bir tarafta m\u00e2n\u00e2 \u00e2lemlerinin hakikati, di\u011fer tarafta ise be\u015fer\u00ee h\u00e2llerin sanc\u0131s\u0131 ile can \u00e7eki\u015fen insan, sanki \u00e7\u00f6lde u\u00e7u\u015fan bir t\u00fcy misalidir. Bu heng\u00e2me i\u00e7inde kurtulu\u015f yolu arayan bir sufi ise ebed\u00ee huzurun, kalplere inen il\u00e2h\u00ee vahyin nuru ile ayd\u0131nlanmak oldu\u011funu bilir. \u201cBilmek\u201d elbette tek ba\u015f\u0131na bir \u00e7are de\u011fildir fakat tam bir iman ile ahl\u00e2k g\u00fczelli\u011finin en y\u00fcce mertebesine eri\u015fenler ancak bilenlerdir. Bilmekten maksat ise kendini bilmektir. Bu sebeple de y\u00fcce Peygamber Efendimiz, \u201cNefsini bilen kendini bilir.\u201d diyerek bizlere yol g\u00f6stermi\u015ftir.Amerikal\u0131 ara\u015ft\u0131rmac\u0131, yazar, e\u011fitmen, Sufizm ve Mevlev\u00ee gelene\u011finin Bat\u0131\u2019daki \u00f6nde gelen simalar\u0131ndan Kabir Helminski\u2019nin \u201cThe Knowing Heart: A Sufi Path of Transformation\u201d isimli orijinal kitab\u0131ndan T\u00fcrk\u00e7eye terc\u00fcme edilmi\u015f olan \u201cBilen Kalp: D\u00f6n\u00fc\u015f\u00fcm\u00fcn Sufi Yolu\u201d adl\u0131 eser, bizlere ger\u00e7ekten de \u201cbizim hik\u00e2yemizi\u201d anlat\u0131yor. Kendimizi bilmenin \u00e7e\u015fitli katmanlar\u0131n\u0131 g\u00f6zler \u00f6n\u00fcne seriyor.Eser, \u00e7e\u015fitli ba\u015fl\u0131klar alt\u0131nda yedi b\u00f6l\u00fcmden olu\u015fuyor. Postmodern durumun getirdikleri, m\u00e2neviyat aray\u0131\u015flar\u0131, a\u015fk\u0131n g\u00fcc\u00fc, sufi e\u011fitimi, nefsin yap\u0131s\u0131, kalp temizli\u011fi, zikir, al\u00e7akg\u00f6n\u00fcll\u00fcl\u00fck, teslimiyet, m\u00fcr\u015fid-m\u00fcrid ili\u015fkisi, dervi\u015flik yolu, sohbet, \u00e2dap, Kur\u2019an, ruh, vecd, sem\u00e2, insan\u0131n hakikati, nefsin k\u0131nanmas\u0131 ve kalbin e\u011fitimi gibi daha pek \u00e7ok konunun i\u00e7erisinden ge\u00e7irilerek sufi hayat\u0131n bu uzun maceras\u0131na tan\u0131kl\u0131k ediyoruz.<\/p>\n","protected":false},"excerpt":{"rendered":"<p>Ruhlar \u00e2leminden bu d\u00fcnyaya sefer etmi\u015f olan insano\u011flunun hik\u00e2yesi uzundur. Bir tarafta m\u00e2n\u00e2 \u00e2lemlerinin hakikati, di\u011fer tarafta ise be\u015fer\u00ee h\u00e2llerin sanc\u0131s\u0131 ile can \u00e7eki\u015fen insan, sanki<span class=\"excerpt-hellip\"> [\u2026]<\/span><\/p>\n","protected":false},"featured_media":0,"template":"","meta":{"_monsterinsights_skip_tracking":false,"_monsterinsights_sitenote_active":false,"_monsterinsights_sitenote_note":"","_monsterinsights_sitenote_category":0},"product_brand":[],"product_cat":[12718,12719,12720],"product_tag":[],"class_list":{"0":"post-737542","1":"product","2":"type-product","3":"status-publish","5":"product_cat-din","6":"product_cat-islam","7":"product_cat-tasavvuf-mezhepler-tarikatlar","8":"pa_cilt-ciltsiz","9":"pa_tur-kitap","10":"pa_yayinevi-nefes-yayincilik","11":"pa_yazar-kabir-helminski","13":"first","14":"instock","15":"sale","16":"shipping-taxable","17":"purchasable","18":"product-type-simple"},"_links":{"self":[{"href":"https:\/\/roveyayinevi.com.tr\/index.php\/wp-json\/wp\/v2\/product\/737542","targetHints":{"allow":["GET"]}}],"collection":[{"href":"https:\/\/roveyayinevi.com.tr\/index.php\/wp-json\/wp\/v2\/product"}],"about":[{"href":"https:\/\/roveyayinevi.com.tr\/index.php\/wp-json\/wp\/v2\/types\/product"}],"wp:attachment":[{"href":"https:\/\/roveyayinevi.com.tr\/index.php\/wp-json\/wp\/v2\/media?parent=737542"}],"wp:term":[{"taxonomy":"product_brand","embeddable":true,"href":"https:\/\/roveyayinevi.com.tr\/index.php\/wp-json\/wp\/v2\/product_brand?post=737542"},{"taxonomy":"product_cat","embeddable":true,"href":"https:\/\/roveyayinevi.com.tr\/index.php\/wp-json\/wp\/v2\/product_cat?post=737542"},{"taxonomy":"product_tag","embeddable":true,"href":"https:\/\/roveyayinevi.com.tr\/index.php\/wp-json\/wp\/v2\/product_tag?post=737542"}],"curies":[{"name":"wp","href":"https:\/\/api.w.org\/{rel}","templated":true}]}}