{"id":737541,"date":"2025-08-27T23:31:00","date_gmt":"2025-08-27T20:31:00","guid":{"rendered":"https:\/\/roveyayinevi.com.tr\/index.php\/urun\/24-kariyer-tuzagi\/"},"modified":"2026-04-16T02:46:56","modified_gmt":"2026-04-15T23:46:56","slug":"24-kariyer-tuzagi","status":"publish","type":"product","link":"https:\/\/roveyayinevi.com.tr\/index.php\/urun\/24-kariyer-tuzagi\/","title":{"rendered":"24 Kariyer Tuza\u011f\u0131"},"content":{"rendered":"<p>\u0130\u015flerimiz i\u00e7in \u00e7ok \u00e7e\u015fitli konular\u0131 inceliyor, y\u00f6netiyor ve y\u00fcr\u00fct\u00fcyoruz. Derin analizler, risk y\u00f6netimleri ve benzeri \u00e7al\u0131\u015fmalar yap\u0131yoruz. Peki, kendi kariyerimizi b\u00f6yle bir ciddiyetle ele al\u0131yor muyuz?Ele almal\u0131y\u0131z, \u00e7\u00fcnk\u00fc kariyerde \u00e7ok s\u0131k g\u00f6zlenen ortak birtak\u0131m tuzaklar vard\u0131r. Bunlar\u0131 fark edersek kariyerimizi hem \u00e7ok daha h\u0131zl\u0131 hem de istedi\u011fimiz y\u00f6nde ilerletebiliriz. Fakat fark edemezsek bazen tek bir tuzakta y\u0131llar\u0131m\u0131z\u0131 kaybedebilir, hatta t\u00fcm kariyerimizi heba edebiliriz. \u00dcstelik kariyerimiz o kadar \u00e7ok zaman al\u0131yor ki\u2026 Onu hayat\u0131m\u0131zdan \u00e7\u0131kard\u0131\u011f\u0131m\u0131zda geriye sadece k\u0131rp\u0131nt\u0131lar kal\u0131yor.Uzun y\u0131llard\u0131r i\u015f hayat\u0131nda olan ve bu alanda derin ara\u015ft\u0131rmalar yapan Mustafa Acungil, hem kendi kariyerini hem de temas etti\u011fi insanlar\u0131n kariyerlerini g\u00f6zlemleyerek 24 Kariyer Tuza\u011f\u0131\u2019n\u0131 sizler i\u00e7in kaleme ald\u0131.Art\u0131k kariyerinizi ve hayat\u0131n\u0131z\u0131 daha iyi y\u00f6netmenin vakti gelmedi mi?<\/p>\n","protected":false},"excerpt":{"rendered":"<p>\u0130\u015flerimiz i\u00e7in \u00e7ok \u00e7e\u015fitli konular\u0131 inceliyor, y\u00f6netiyor ve y\u00fcr\u00fct\u00fcyoruz. Derin analizler, risk y\u00f6netimleri ve benzeri \u00e7al\u0131\u015fmalar yap\u0131yoruz. Peki, kendi kariyerimizi b\u00f6yle bir ciddiyetle ele al\u0131yor muyuz?Ele<span class=\"excerpt-hellip\"> [\u2026]<\/span><\/p>\n","protected":false},"featured_media":0,"template":"","meta":{"_monsterinsights_skip_tracking":false,"_monsterinsights_sitenote_active":false,"_monsterinsights_sitenote_note":"","_monsterinsights_sitenote_category":0},"product_brand":[],"product_cat":[12364,12376],"product_tag":[],"class_list":{"0":"post-737541","1":"product","2":"type-product","3":"status-publish","5":"product_cat-genel-konular","6":"product_cat-kisisel-gelisim","7":"pa_cilt-ciltsiz","8":"pa_tur-kitap","9":"pa_yayinevi-tuti-kitap","10":"pa_yazar-mustafa-acungil","12":"first","13":"instock","14":"sale","15":"shipping-taxable","16":"purchasable","17":"product-type-simple"},"_links":{"self":[{"href":"https:\/\/roveyayinevi.com.tr\/index.php\/wp-json\/wp\/v2\/product\/737541","targetHints":{"allow":["GET"]}}],"collection":[{"href":"https:\/\/roveyayinevi.com.tr\/index.php\/wp-json\/wp\/v2\/product"}],"about":[{"href":"https:\/\/roveyayinevi.com.tr\/index.php\/wp-json\/wp\/v2\/types\/product"}],"wp:attachment":[{"href":"https:\/\/roveyayinevi.com.tr\/index.php\/wp-json\/wp\/v2\/media?parent=737541"}],"wp:term":[{"taxonomy":"product_brand","embeddable":true,"href":"https:\/\/roveyayinevi.com.tr\/index.php\/wp-json\/wp\/v2\/product_brand?post=737541"},{"taxonomy":"product_cat","embeddable":true,"href":"https:\/\/roveyayinevi.com.tr\/index.php\/wp-json\/wp\/v2\/product_cat?post=737541"},{"taxonomy":"product_tag","embeddable":true,"href":"https:\/\/roveyayinevi.com.tr\/index.php\/wp-json\/wp\/v2\/product_tag?post=737541"}],"curies":[{"name":"wp","href":"https:\/\/api.w.org\/{rel}","templated":true}]}}