{"id":737540,"date":"2025-08-27T23:30:59","date_gmt":"2025-08-27T20:30:59","guid":{"rendered":"https:\/\/roveyayinevi.com.tr\/index.php\/urun\/5-gun-kala\/"},"modified":"2026-04-16T02:46:56","modified_gmt":"2026-04-15T23:46:56","slug":"5-gun-kala","status":"publish","type":"product","link":"https:\/\/roveyayinevi.com.tr\/index.php\/urun\/5-gun-kala\/","title":{"rendered":"5 G\u00fcn Kala"},"content":{"rendered":"<p>5 G\u00fcn Kala 15 \u00dclkede Ayn\u0131 Anda Sat\u0131\u015fta!Vedala\u015fmak i\u00e7in sadece be\u015f g\u00fcnleri var Hayat\u0131 geriye do\u011fru sayarak ya\u015fayan ve sevdiklerinden ayr\u0131lmaya haz\u0131rlanan iki karakterin dramatik hikayelerini okumaya haz\u0131r m\u0131s\u0131n\u0131z? Bir yanda \u00f6l\u00fcm\u00fcne be\u015f g\u00fcn kald\u0131\u011f\u0131n\u0131 bilen bir anne, Mara Di\u011fer yanda ise koruyucu ebeveyn olarak kalplerini a\u00e7t\u0131klar\u0131 k\u00fc\u00e7\u00fck Curtis\u2019i be\u015f g\u00fcn sonra ger\u00e7ek annesine geri vermek zorunda olan bir baba, Scott \u0130nternette yollar\u0131 kesi\u015fen Mara ile Scott bu be\u015f g\u00fcne neleri s\u0131\u011fd\u0131rabilir?Duygular\u0131m\u0131z\u0131n &#8230;Son dedi\u011fi \u00f6lece\u011fimiz veya ayr\u0131laca\u011f\u0131m\u0131z an\u2019\u0131 bilerek ve bekleyerek nas\u0131l ya\u015far\u0131z? Vedala\u015fmak I\u00e7in Sizin Ka\u00e7 G\u00fcn\u00fcn\u00fcz Kald\u0131? Julie Lawson Timmer\u2019\u0131n kaleme ald\u0131\u011f\u0131 5 G\u00fcn Kala, ayr\u0131l\u0131\u011f\u0131n ve \u00f6l\u00fcm\u00fcn yudum yudum ya\u015fanmas\u0131na dair okuru tam kalbinden vuran bir hik\u00e2ye T\u00fcm d\u00fcnyada takip edilen ve \u00e7ok satan romanc\u0131 Jojo Moyes&#8217;in dilinde bir kitap ar\u0131yorsan\u0131z, 5 G\u00fcn Kala tam size g\u00f6re&#8230;<\/p>\n","protected":false},"excerpt":{"rendered":"<p>5 G\u00fcn Kala 15 \u00dclkede Ayn\u0131 Anda Sat\u0131\u015fta!Vedala\u015fmak i\u00e7in sadece be\u015f g\u00fcnleri var Hayat\u0131 geriye do\u011fru sayarak ya\u015fayan ve sevdiklerinden ayr\u0131lmaya haz\u0131rlanan iki karakterin dramatik hikayelerini<span class=\"excerpt-hellip\"> [\u2026]<\/span><\/p>\n","protected":false},"featured_media":0,"template":"","meta":{"_monsterinsights_skip_tracking":false,"_monsterinsights_sitenote_active":false,"_monsterinsights_sitenote_note":"","_monsterinsights_sitenote_category":0},"product_brand":[],"product_cat":[12291,12711],"product_tag":[],"class_list":{"0":"post-737540","1":"product","2":"type-product","3":"status-publish","5":"product_cat-edebiyat","6":"product_cat-roman-oyku","7":"pa_cilt-ciltsiz","8":"pa_tur-kitap","9":"pa_yayinevi-tuti-kitap","10":"pa_yazar-julie-lawson-timmer","12":"first","13":"instock","14":"sale","15":"shipping-taxable","16":"purchasable","17":"product-type-simple"},"_links":{"self":[{"href":"https:\/\/roveyayinevi.com.tr\/index.php\/wp-json\/wp\/v2\/product\/737540","targetHints":{"allow":["GET"]}}],"collection":[{"href":"https:\/\/roveyayinevi.com.tr\/index.php\/wp-json\/wp\/v2\/product"}],"about":[{"href":"https:\/\/roveyayinevi.com.tr\/index.php\/wp-json\/wp\/v2\/types\/product"}],"wp:attachment":[{"href":"https:\/\/roveyayinevi.com.tr\/index.php\/wp-json\/wp\/v2\/media?parent=737540"}],"wp:term":[{"taxonomy":"product_brand","embeddable":true,"href":"https:\/\/roveyayinevi.com.tr\/index.php\/wp-json\/wp\/v2\/product_brand?post=737540"},{"taxonomy":"product_cat","embeddable":true,"href":"https:\/\/roveyayinevi.com.tr\/index.php\/wp-json\/wp\/v2\/product_cat?post=737540"},{"taxonomy":"product_tag","embeddable":true,"href":"https:\/\/roveyayinevi.com.tr\/index.php\/wp-json\/wp\/v2\/product_tag?post=737540"}],"curies":[{"name":"wp","href":"https:\/\/api.w.org\/{rel}","templated":true}]}}