{"id":737538,"date":"2025-08-27T23:30:57","date_gmt":"2025-08-27T20:30:57","guid":{"rendered":"https:\/\/roveyayinevi.com.tr\/index.php\/urun\/44-turk-masali\/"},"modified":"2026-04-16T02:46:56","modified_gmt":"2026-04-15T23:46:56","slug":"44-turk-masali","status":"publish","type":"product","link":"https:\/\/roveyayinevi.com.tr\/index.php\/urun\/44-turk-masali\/","title":{"rendered":"44 T\u00fcrk Masal\u0131"},"content":{"rendered":"<p>Masallar umut kayna\u011f\u0131d\u0131r&#8230;K\u00f6t\u00fcl\u00fcklerden kurtulman\u0131n m\u00fcmk\u00fcn oldu\u011funu g\u00f6sterirler ve hepsinde iyiler \u00f6d\u00fcllendirilir, k\u00f6t\u00fcler ise cezaland\u0131r\u0131l\u0131r. Nihayet mutlu sona ula\u015f\u0131l\u0131r.Bu alem mucizelerle doludur&#8230;Masallardaki sultanlar, \u015fehzadeler, cesur k\u00f6yl\u00fcler, b\u00fcy\u00fcc\u00fcler, cad\u0131lar, ejderhalar ve devler gibi kahramanlar da ger\u00e7ek d\u00fcnyadakine benzer korkularla, felaketlerle kar\u015f\u0131 kar\u015f\u0131yad\u0131r ama burada arzular ger\u00e7ek olur. Bazen dervi\u015fler, bazen periler, bazen de konu\u015fan hayvanlar kahramanlar\u0131n imdad\u0131na yeti\u015fir.Ignacz K\u00fanos&#8217;un, Osmanl\u0131 T\u00fcrkiyesi&#8217;ne yapt\u0131\u011f\u0131 gezilerde derledi\u011fi masallardan olu\u015fan ve 1913 y\u0131l\u0131 orijinal kopyas\u0131na sadece Northwestern \u00dcniversitesi&#8217;nden ula\u015f\u0131labilen &#8220;44 T\u00fcrk Masal\u0131&#8221; \u00fclkemizde ilk defa yay\u0131mlanmaktad\u0131r. Ve bu kitaptaki hayal d\u00fcnyas\u0131n\u0131n kap\u0131lar\u0131 sadece \u00e7ocuklara de\u011fil, herkese a\u00e7\u0131kt\u0131r&#8230;\u015eimdiye kadar hi\u00e7 dinlemedi\u011finiz ve okumad\u0131\u011f\u0131n\u0131z bu masallar\u0131 ke\u015ffetmeye haz\u0131r m\u0131s\u0131n\u0131z?<\/p>\n","protected":false},"excerpt":{"rendered":"<p>Masallar umut kayna\u011f\u0131d\u0131r&#8230;K\u00f6t\u00fcl\u00fcklerden kurtulman\u0131n m\u00fcmk\u00fcn oldu\u011funu g\u00f6sterirler ve hepsinde iyiler \u00f6d\u00fcllendirilir, k\u00f6t\u00fcler ise cezaland\u0131r\u0131l\u0131r. Nihayet mutlu sona ula\u015f\u0131l\u0131r.Bu alem mucizelerle doludur&#8230;Masallardaki sultanlar, \u015fehzadeler, cesur k\u00f6yl\u00fcler, b\u00fcy\u00fcc\u00fcler,<span class=\"excerpt-hellip\"> [\u2026]<\/span><\/p>\n","protected":false},"featured_media":0,"template":"","meta":{"_monsterinsights_skip_tracking":false,"_monsterinsights_sitenote_active":false,"_monsterinsights_sitenote_note":"","_monsterinsights_sitenote_category":0},"product_brand":[],"product_cat":[12274,12523],"product_tag":[],"class_list":{"0":"post-737538","1":"product","2":"type-product","3":"status-publish","5":"product_cat-cocuk-ve-genclik-kitaplari","6":"product_cat-masallar","7":"pa_cilt-ciltsiz","8":"pa_tur-kitap","9":"pa_yayinevi-tuti-kitap","10":"pa_yazar-ignacz-kunos","12":"first","13":"instock","14":"sale","15":"shipping-taxable","16":"purchasable","17":"product-type-simple"},"_links":{"self":[{"href":"https:\/\/roveyayinevi.com.tr\/index.php\/wp-json\/wp\/v2\/product\/737538","targetHints":{"allow":["GET"]}}],"collection":[{"href":"https:\/\/roveyayinevi.com.tr\/index.php\/wp-json\/wp\/v2\/product"}],"about":[{"href":"https:\/\/roveyayinevi.com.tr\/index.php\/wp-json\/wp\/v2\/types\/product"}],"wp:attachment":[{"href":"https:\/\/roveyayinevi.com.tr\/index.php\/wp-json\/wp\/v2\/media?parent=737538"}],"wp:term":[{"taxonomy":"product_brand","embeddable":true,"href":"https:\/\/roveyayinevi.com.tr\/index.php\/wp-json\/wp\/v2\/product_brand?post=737538"},{"taxonomy":"product_cat","embeddable":true,"href":"https:\/\/roveyayinevi.com.tr\/index.php\/wp-json\/wp\/v2\/product_cat?post=737538"},{"taxonomy":"product_tag","embeddable":true,"href":"https:\/\/roveyayinevi.com.tr\/index.php\/wp-json\/wp\/v2\/product_tag?post=737538"}],"curies":[{"name":"wp","href":"https:\/\/api.w.org\/{rel}","templated":true}]}}