{"id":737537,"date":"2025-08-27T23:30:57","date_gmt":"2025-08-27T20:30:57","guid":{"rendered":"https:\/\/roveyayinevi.com.tr\/index.php\/urun\/24-soruda-dijital-donusum\/"},"modified":"2026-04-16T02:46:56","modified_gmt":"2026-04-15T23:46:56","slug":"24-soruda-dijital-donusum","status":"publish","type":"product","link":"https:\/\/roveyayinevi.com.tr\/index.php\/urun\/24-soruda-dijital-donusum\/","title":{"rendered":"24 Soruda Dijital D\u00f6n\u00fc\u015f\u00fcm"},"content":{"rendered":"<p>\u201cMustafa Acungil, dijital d\u00f6n\u00fc\u015f\u00fcm\u00fc sadece teknik bir konu olarak de\u011fil, bir anda ya\u015fl\u0131s\u0131 ve genciyle hepimizin i\u015fini, hayat tarz\u0131n\u0131, d\u00fc\u015f\u00fcnce bi\u00e7imini de\u011fi\u015ftirebilecek bir olgu olarak \u00f6n\u00fcm\u00fcze koyuyor.\u201d-Dr. Ahmet Albayrak, Genel M\u00fcd\u00fcr Yard\u0131mc\u0131s\u0131 &#8211; Kuveyt T\u00fcrk Kat\u0131l\u0131m Bankas\u0131\u201cYazar\u0131m\u0131z \u2018Bir dalgaya binmek pek de kolay bir \u015fey de\u011fil. Ama alt\u0131nda kalmaktan \u00e7ok daha iyi oldu\u011fu kesin.\u2019 diyor. Bu kitap, i\u00e7inden ge\u00e7ti\u011fimiz dalgayla ba\u015fa \u00e7\u0131kmak i\u00e7in birebir.\u201d-Esra Beyzadeo\u011flu, Bilgi Teknolojileri &#8211; \u00dcst D\u00fczey Y\u00f6netici\u201cDijital d\u00f6n\u00fc\u015f\u00fcm, sadece teknolojik bir konu olman\u0131n \u00e7ok \u00f6tesinde insan hayat\u0131n\u0131 derinden etkiliyor. Kendinizi dijital bir gelecekte daha iyi nas\u0131l konumlayaca\u011f\u0131n\u0131za ili\u015fkin \u00f6nemli ipu\u00e7lar\u0131n\u0131 bu kitaptan edinebilirsiniz.\u201d-Hakan \u00c7evik, Y\u00f6netim Kurulu Ba\u015fkan\u0131 &amp; CEO, Bilge Adam Bili\u015fim Grubu\u201cSevgili Acungil, son y\u0131llarda hep beraber pe\u015finden ko\u015fmaya ba\u015flad\u0131\u011f\u0131m\u0131z dijitalle\u015fme, dijital d\u00f6n\u00fc\u015f\u00fcm kavramlar\u0131n\u0131 olduk\u00e7a yal\u0131n ve g\u00fczel bir dille anlatm\u0131\u015f. Hem kurumsal \u015firketlerde hem de bireysel hayatta okunmas\u0131n\u0131n son derece de\u011fer yarataca\u011f\u0131n\u0131 d\u00fc\u015f\u00fcnd\u00fc\u011f\u00fcm bir eser olmu\u015f.\u201d-H\u00fcseyin \u00c7a\u011flar, Enerjisa Perakende Sat\u0131\u015f \u015eirketleri Genel M\u00fcd\u00fcr\u00fc\u201c\u0130\u00e7inde bulundu\u011fumuz dijital d\u00f6n\u00fc\u015f\u00fcmde arkada kalmak istemeyen ve teknolojinin bi\u00e7imlendirece\u011fi gelece\u011fin d\u00fcnyas\u0131nda ba\u015far\u0131yla var olmay\u0131 hedefleyen herkesin bir solukta okuyaca\u011f\u0131 bir kitap.\u201d-K\u00fcr\u015fat Alparslan, Tradesoft &#8211; Strateji Dan\u0131\u015fman\u0131\u201cMustafa Acungil, bu kitapla, g\u00fcn\u00fcm\u00fcz\u00fcn ve gelece\u011fin dijital d\u00fcnyas\u0131na hepimiz i\u00e7in \u0131\u015f\u0131k tutuyor. Gelecekte \u2018insan\u2019 olarak neye d\u00f6n\u00fc\u015fece\u011fimizi, nas\u0131l bir gelece\u011fe do\u011fru ilerledi\u011fimizi sa\u011fl\u0131kl\u0131 bir bi\u00e7imde \u00f6ng\u00f6rebilmek i\u00e7in bu bilgilerle donanmam\u0131z\u0131n temel bir ihtiya\u00e7 oldu\u011funu d\u00fc\u015f\u00fcn\u00fcyorum.\u201d-Prof. Dr. Sinan Canan, \u00dcsk\u00fcdar \u00dcniversitesi \u0130nsan ve Toplum Bilimleri Fak\u00fcltesi \u00d6\u011fretim \u00dcyesi &amp; Yazar\u201cGelece\u011fe haz\u0131rlan\u0131rken gelece\u011fin gerekliliklerini esas almal\u0131y\u0131z. Dijital oyuncaklar\u0131n p\u0131r\u0131lt\u0131lar\u0131yla g\u00f6z\u00fcn\u00fcz\u00fcn kama\u015fmas\u0131 yerine, yar\u0131n\u0131n d\u00fcnyas\u0131n\u0131n sizin i\u00e7in ne anlama gelece\u011fini kavramak \u00fczere bu kitab\u0131 okuyun.\u201d-Ufuk \u015eaml\u0131o\u011flu, \u0130stanbul Bilgi \u00dcniversitesi &#8211; Bilgi E\u011fitim Program Koordinat\u00f6r\u00fc<\/p>\n","protected":false},"excerpt":{"rendered":"<p>\u201cMustafa Acungil, dijital d\u00f6n\u00fc\u015f\u00fcm\u00fc sadece teknik bir konu olarak de\u011fil, bir anda ya\u015fl\u0131s\u0131 ve genciyle hepimizin i\u015fini, hayat tarz\u0131n\u0131, d\u00fc\u015f\u00fcnce bi\u00e7imini de\u011fi\u015ftirebilecek bir olgu olarak \u00f6n\u00fcm\u00fcze<span class=\"excerpt-hellip\"> [\u2026]<\/span><\/p>\n","protected":false},"featured_media":0,"template":"","meta":{"_monsterinsights_skip_tracking":false,"_monsterinsights_sitenote_active":false,"_monsterinsights_sitenote_note":"","_monsterinsights_sitenote_category":0},"product_brand":[],"product_cat":[12364,12376],"product_tag":[],"class_list":{"0":"post-737537","1":"product","2":"type-product","3":"status-publish","5":"product_cat-genel-konular","6":"product_cat-kisisel-gelisim","7":"pa_cilt-ciltsiz","8":"pa_tur-kitap","9":"pa_yayinevi-tuti-kitap","10":"pa_yazar-mustafa-acungil","12":"first","13":"instock","14":"sale","15":"shipping-taxable","16":"purchasable","17":"product-type-simple"},"_links":{"self":[{"href":"https:\/\/roveyayinevi.com.tr\/index.php\/wp-json\/wp\/v2\/product\/737537","targetHints":{"allow":["GET"]}}],"collection":[{"href":"https:\/\/roveyayinevi.com.tr\/index.php\/wp-json\/wp\/v2\/product"}],"about":[{"href":"https:\/\/roveyayinevi.com.tr\/index.php\/wp-json\/wp\/v2\/types\/product"}],"wp:attachment":[{"href":"https:\/\/roveyayinevi.com.tr\/index.php\/wp-json\/wp\/v2\/media?parent=737537"}],"wp:term":[{"taxonomy":"product_brand","embeddable":true,"href":"https:\/\/roveyayinevi.com.tr\/index.php\/wp-json\/wp\/v2\/product_brand?post=737537"},{"taxonomy":"product_cat","embeddable":true,"href":"https:\/\/roveyayinevi.com.tr\/index.php\/wp-json\/wp\/v2\/product_cat?post=737537"},{"taxonomy":"product_tag","embeddable":true,"href":"https:\/\/roveyayinevi.com.tr\/index.php\/wp-json\/wp\/v2\/product_tag?post=737537"}],"curies":[{"name":"wp","href":"https:\/\/api.w.org\/{rel}","templated":true}]}}