{"id":737536,"date":"2025-08-27T23:30:55","date_gmt":"2025-08-27T20:30:55","guid":{"rendered":"https:\/\/roveyayinevi.com.tr\/index.php\/urun\/ayi-2\/"},"modified":"2026-04-16T02:46:56","modified_gmt":"2026-04-15T23:46:56","slug":"ayi-2","status":"publish","type":"product","link":"https:\/\/roveyayinevi.com.tr\/index.php\/urun\/ayi-2\/","title":{"rendered":"Ay\u0131"},"content":{"rendered":"<p>\u201c(\u2026) Her \u015feyi oldu\u011fu gibi hat\u0131rl\u0131yordum. So\u011futucunun i\u00e7indeyken duydu\u011fum ay\u0131 kokusunu, metal k\u0131s\u0131mlara pen\u00e7e at\u0131\u015f\u0131n\u0131, babam\u0131n par\u00e7alanm\u0131\u015f aya\u011f\u0131n\u0131, ayakkab\u0131s\u0131n\u0131, annemin g\u00f6z\u00fcn\u00fc dolduran k\u0131rm\u0131z\u0131 damarlar\u0131. (\u2026)\u201dSiyah ay\u0131 di\u011fer vah\u015fi ay\u0131lardan farkl\u0131 olarak nadir durumlarda insanlar\u0131n pe\u015fine d\u00fc\u015fer. Whyte ailesi yanl\u0131\u015f zamanda yanl\u0131\u015f yerde mi kamp kurmu\u015flard\u0131? Yoksa siyah ay\u0131 sadece ac\u0131km\u0131\u015f m\u0131yd\u0131?Ger\u00e7ek bir olaydan esinlenilerek yaz\u0131lan ve bir \u00e7ocu\u011fun g\u00f6z\u00fcnden anlat\u0131lan bu kitap, Whyte ailesinin tatil i\u00e7in gittikleri kampta ya\u015fad\u0131klar\u0131n\u0131 konu al\u0131yor. Keyifle ba\u015flayan yolculuk, bir anda hayatta kalma m\u00fccadelesine d\u00f6n\u00fc\u015f\u00fcyor.<\/p>\n","protected":false},"excerpt":{"rendered":"<p>\u201c(\u2026) Her \u015feyi oldu\u011fu gibi hat\u0131rl\u0131yordum. So\u011futucunun i\u00e7indeyken duydu\u011fum ay\u0131 kokusunu, metal k\u0131s\u0131mlara pen\u00e7e at\u0131\u015f\u0131n\u0131, babam\u0131n par\u00e7alanm\u0131\u015f aya\u011f\u0131n\u0131, ayakkab\u0131s\u0131n\u0131, annemin g\u00f6z\u00fcn\u00fc dolduran k\u0131rm\u0131z\u0131 damarlar\u0131. (\u2026)\u201dSiyah ay\u0131<span class=\"excerpt-hellip\"> [\u2026]<\/span><\/p>\n","protected":false},"featured_media":0,"template":"","meta":{"_monsterinsights_skip_tracking":false,"_monsterinsights_sitenote_active":false,"_monsterinsights_sitenote_note":"","_monsterinsights_sitenote_category":0},"product_brand":[],"product_cat":[12291,12711],"product_tag":[],"class_list":{"0":"post-737536","1":"product","2":"type-product","3":"status-publish","5":"product_cat-edebiyat","6":"product_cat-roman-oyku","7":"pa_cilt-ciltsiz","8":"pa_tur-kitap","9":"pa_yayinevi-tuti-kitap","10":"pa_yazar-claire-cameron","12":"first","13":"instock","14":"sale","15":"shipping-taxable","16":"purchasable","17":"product-type-simple"},"_links":{"self":[{"href":"https:\/\/roveyayinevi.com.tr\/index.php\/wp-json\/wp\/v2\/product\/737536","targetHints":{"allow":["GET"]}}],"collection":[{"href":"https:\/\/roveyayinevi.com.tr\/index.php\/wp-json\/wp\/v2\/product"}],"about":[{"href":"https:\/\/roveyayinevi.com.tr\/index.php\/wp-json\/wp\/v2\/types\/product"}],"wp:attachment":[{"href":"https:\/\/roveyayinevi.com.tr\/index.php\/wp-json\/wp\/v2\/media?parent=737536"}],"wp:term":[{"taxonomy":"product_brand","embeddable":true,"href":"https:\/\/roveyayinevi.com.tr\/index.php\/wp-json\/wp\/v2\/product_brand?post=737536"},{"taxonomy":"product_cat","embeddable":true,"href":"https:\/\/roveyayinevi.com.tr\/index.php\/wp-json\/wp\/v2\/product_cat?post=737536"},{"taxonomy":"product_tag","embeddable":true,"href":"https:\/\/roveyayinevi.com.tr\/index.php\/wp-json\/wp\/v2\/product_tag?post=737536"}],"curies":[{"name":"wp","href":"https:\/\/api.w.org\/{rel}","templated":true}]}}