{"id":737534,"date":"2025-08-27T23:30:53","date_gmt":"2025-08-27T20:30:53","guid":{"rendered":"https:\/\/roveyayinevi.com.tr\/index.php\/urun\/ask-yolunda-masallar\/"},"modified":"2026-04-16T02:46:56","modified_gmt":"2026-04-15T23:46:56","slug":"ask-yolunda-masallar","status":"publish","type":"product","link":"https:\/\/roveyayinevi.com.tr\/index.php\/urun\/ask-yolunda-masallar\/","title":{"rendered":"A\u015fk Yolunda Masallar"},"content":{"rendered":"<p>A\u015fk! Yarat\u0131c\u0131\u2019n\u0131n \u00fcfledi\u011fi ilk nefesle ba\u015flayan yolculuk! A\u015fk ki b\u00fct\u00fcn masallar\u0131n ba\u015flang\u0131c\u0131 ve sonu&#8230; Ve ya\u015fam, t\u00fcm masallar\u0131n anas\u0131 ve en muhte\u015femi&#8230; Her an \u015fa\u015f\u0131rtan b\u00fcy\u00fcs\u00fcyle binbir kap\u0131 d\u00fc\u015fletip binbir ba\u015fka kap\u0131dan ge\u00e7irir yolcusunu. Aranan bulundu\u011funda, gizli bilinir oldu\u011funda geriye tek kalacak olan o, A\u015fk!A\u015fk \u00e7a\u011f\u0131r\u0131r masalc\u0131y\u0131. O \u00e7a\u011fr\u0131y\u0131 duyup onun yoluna d\u00fc\u015fmemek ne m\u00fcmk\u00fcn! Neyle kar\u015f\u0131la\u015faca\u011f\u0131n\u0131 bilmeden teslimiyetle \u00e7\u0131kar bu yolculu\u011fa masalc\u0131&#8230; Yolda\u015f\u0131 melekle birlikte k\u00e2h bir deniz kenar\u0131nda k\u00e2h bir bal\u0131k\u00e7\u0131 teknesinde k\u00e2h kalabal\u0131k bir \u015fehirde insandan insana, masaldan masala dola\u015f\u0131rlar. \u0130lk emir: \u201cOku!\u201d Masalc\u0131 yollar\u0131 boyunca ge\u00e7tikleri her masalda biraz daha kavrar okunmas\u0131 gereken anlam\u0131.A\u015fk Yolunda Masallar, yeti\u015fkinler i\u00e7in yaz\u0131lm\u0131\u015f olsa da yediden yetmi\u015fe herkesin ilgisini \u00e7ekecek i\u00e7eri\u011fiyle, masaldan masala renkli bir yolculu\u011fa davet ediyor okuyucusunu.<\/p>\n","protected":false},"excerpt":{"rendered":"<p>A\u015fk! Yarat\u0131c\u0131\u2019n\u0131n \u00fcfledi\u011fi ilk nefesle ba\u015flayan yolculuk! A\u015fk ki b\u00fct\u00fcn masallar\u0131n ba\u015flang\u0131c\u0131 ve sonu&#8230; Ve ya\u015fam, t\u00fcm masallar\u0131n anas\u0131 ve en muhte\u015femi&#8230; Her an \u015fa\u015f\u0131rtan b\u00fcy\u00fcs\u00fcyle<span class=\"excerpt-hellip\"> [\u2026]<\/span><\/p>\n","protected":false},"featured_media":0,"template":"","meta":{"_monsterinsights_skip_tracking":false,"_monsterinsights_sitenote_active":false,"_monsterinsights_sitenote_note":"","_monsterinsights_sitenote_category":0},"product_brand":[],"product_cat":[12291,12292],"product_tag":[],"class_list":{"0":"post-737534","1":"product","2":"type-product","3":"status-publish","5":"product_cat-edebiyat","6":"product_cat-turk-edebiyati","7":"pa_cilt-ciltsiz","8":"pa_tur-kitap","9":"pa_yayinevi-tuti-kitap","10":"pa_yazar-gunay-menekse","12":"first","13":"instock","14":"sale","15":"shipping-taxable","16":"purchasable","17":"product-type-simple"},"_links":{"self":[{"href":"https:\/\/roveyayinevi.com.tr\/index.php\/wp-json\/wp\/v2\/product\/737534","targetHints":{"allow":["GET"]}}],"collection":[{"href":"https:\/\/roveyayinevi.com.tr\/index.php\/wp-json\/wp\/v2\/product"}],"about":[{"href":"https:\/\/roveyayinevi.com.tr\/index.php\/wp-json\/wp\/v2\/types\/product"}],"wp:attachment":[{"href":"https:\/\/roveyayinevi.com.tr\/index.php\/wp-json\/wp\/v2\/media?parent=737534"}],"wp:term":[{"taxonomy":"product_brand","embeddable":true,"href":"https:\/\/roveyayinevi.com.tr\/index.php\/wp-json\/wp\/v2\/product_brand?post=737534"},{"taxonomy":"product_cat","embeddable":true,"href":"https:\/\/roveyayinevi.com.tr\/index.php\/wp-json\/wp\/v2\/product_cat?post=737534"},{"taxonomy":"product_tag","embeddable":true,"href":"https:\/\/roveyayinevi.com.tr\/index.php\/wp-json\/wp\/v2\/product_tag?post=737534"}],"curies":[{"name":"wp","href":"https:\/\/api.w.org\/{rel}","templated":true}]}}