{"id":737533,"date":"2025-08-27T23:30:52","date_gmt":"2025-08-27T20:30:52","guid":{"rendered":"https:\/\/roveyayinevi.com.tr\/index.php\/urun\/yeni-amerika-dis-politika-iceride-baslar\/"},"modified":"2026-04-16T02:46:56","modified_gmt":"2026-04-15T23:46:56","slug":"yeni-amerika-dis-politika-iceride-baslar","status":"publish","type":"product","link":"https:\/\/roveyayinevi.com.tr\/index.php\/urun\/yeni-amerika-dis-politika-iceride-baslar\/","title":{"rendered":"Yeni Amerika &#8211; D\u0131\u015f Politika \u0130\u00e7eride Ba\u015flar"},"content":{"rendered":"<p>&#8220;YEN\u0130 AMER\u0130KA &#8211; D\u0131\u015f Politika \u0130\u00e7eride Ba\u015flar&#8221; -Richard N. Haass- &#8220;ABD&#8217;nin k\u00fcresel liderli\u011fini sarsan en \u00f6nemli tehditler \u00fclke s\u0131n\u0131rlar\u0131 d\u0131\u015f\u0131ndan de\u011fil, i\u00e7eriden gelmektedir.&#8221; ABD&#8217;nin D\u0131\u015f \u0130li\u015fkiler Konseyi (CFR) Ba\u015fkan\u0131 Richard N. Haass bu kitapta &#8216;K\u00fcresel G\u00fc\u00e7&#8217;\u00fcn tek \u00fclkenin h\u00e2kimiyetinden \u00e7\u0131k\u0131p yay\u0131ld\u0131\u011f\u0131 yeni 21. y\u00fczy\u0131l\u0131 tan\u0131ml\u0131yor ve ABD \u00fcst\u00fcnl\u00fc\u011f\u00fcne dayanan bu &#8216;kutupsuz&#8217; d\u00fcnyadan net bir Amerikan egemenli\u011finin \u00e7\u0131kmad\u0131\u011f\u0131n\u0131 s\u00f6yl\u00fcyor. ABD, uzun bir s\u00fcredir bu stratejik hatas\u0131na ne zaman ve ne \u015fekilde bir son verece\u011fini tart\u0131\u015f\u0131yor. \u0130\u015fte tam burada Richard N. Haass, Amerikan D\u0131\u015f Politikas\u0131&#8217;na y\u00f6nelik yeni bir re\u00e7ete devreye sokuyor: &#8220;Restorasyon &#8211; Evini d\u00fczene sokarsa!&#8221; Haass, Yeni Amerika &#8211; D\u0131\u015f Politika \u0130\u00e7eride Ba\u015flar kitab\u0131nda ABD&#8217;nin i\u00e7eride uygulamas\u0131n\u0131 gerekli g\u00f6rd\u00fc\u011f\u00fc d\u00fczeni, yurtd\u0131\u015f\u0131nda uygulad\u0131\u011f\u0131 s\u00f6m\u00fcr\u00fc d\u00fczeni \u00fczerinden tart\u0131\u015f\u0131yor ve ABD&#8217;nin d\u00fcnyaya tekrar liderlik edebilmesi i\u00e7in g\u00fcc\u00fcn\u00fc, etkisini ve kabiliyetini tekrar devreye sokabilecek -zaman\u0131n\u0131n \u00f6tesinde- bir vizyon ortaya koyuyor. <\/p>\n","protected":false},"excerpt":{"rendered":"<p>&#8220;YEN\u0130 AMER\u0130KA &#8211; D\u0131\u015f Politika \u0130\u00e7eride Ba\u015flar&#8221; -Richard N. Haass- &#8220;ABD&#8217;nin k\u00fcresel liderli\u011fini sarsan en \u00f6nemli tehditler \u00fclke s\u0131n\u0131rlar\u0131 d\u0131\u015f\u0131ndan de\u011fil, i\u00e7eriden gelmektedir.&#8221; ABD&#8217;nin D\u0131\u015f \u0130li\u015fkiler<span class=\"excerpt-hellip\"> [\u2026]<\/span><\/p>\n","protected":false},"featured_media":0,"template":"","meta":{"_monsterinsights_skip_tracking":false,"_monsterinsights_sitenote_active":false,"_monsterinsights_sitenote_note":"","_monsterinsights_sitenote_category":0},"product_brand":[],"product_cat":[13590,12337],"product_tag":[],"class_list":{"0":"post-737533","1":"product","2":"type-product","3":"status-publish","5":"product_cat-arastirma-inceleme-politika-siyaset","6":"product_cat-politika-siyaset","7":"pa_cilt-ciltsiz","8":"pa_tur-kitap","9":"pa_yayinevi-tuti-kitap","10":"pa_yazar-richard-n-haass","12":"first","13":"instock","14":"sale","15":"shipping-taxable","16":"purchasable","17":"product-type-simple"},"_links":{"self":[{"href":"https:\/\/roveyayinevi.com.tr\/index.php\/wp-json\/wp\/v2\/product\/737533","targetHints":{"allow":["GET"]}}],"collection":[{"href":"https:\/\/roveyayinevi.com.tr\/index.php\/wp-json\/wp\/v2\/product"}],"about":[{"href":"https:\/\/roveyayinevi.com.tr\/index.php\/wp-json\/wp\/v2\/types\/product"}],"wp:attachment":[{"href":"https:\/\/roveyayinevi.com.tr\/index.php\/wp-json\/wp\/v2\/media?parent=737533"}],"wp:term":[{"taxonomy":"product_brand","embeddable":true,"href":"https:\/\/roveyayinevi.com.tr\/index.php\/wp-json\/wp\/v2\/product_brand?post=737533"},{"taxonomy":"product_cat","embeddable":true,"href":"https:\/\/roveyayinevi.com.tr\/index.php\/wp-json\/wp\/v2\/product_cat?post=737533"},{"taxonomy":"product_tag","embeddable":true,"href":"https:\/\/roveyayinevi.com.tr\/index.php\/wp-json\/wp\/v2\/product_tag?post=737533"}],"curies":[{"name":"wp","href":"https:\/\/api.w.org\/{rel}","templated":true}]}}