{"id":737532,"date":"2025-08-27T23:30:51","date_gmt":"2025-08-27T20:30:51","guid":{"rendered":"https:\/\/roveyayinevi.com.tr\/index.php\/urun\/astronomi\/"},"modified":"2026-04-16T02:46:56","modified_gmt":"2026-04-15T23:46:56","slug":"astronomi","status":"publish","type":"product","link":"https:\/\/roveyayinevi.com.tr\/index.php\/urun\/astronomi\/","title":{"rendered":"Astronomi"},"content":{"rendered":"<p>Astronomi bilimini hi\u00e7 merak ettiniz mi?Uzay\u0131n derinliklerinde \u015fa\u015f\u0131rt\u0131c\u0131 ve ola\u011fan\u00fcst\u00fc olaylar oluyor. Hatta g\u00f6ky\u00fcz\u00fcnde as\u0131rlard\u0131r s\u00fcren bir danstan s\u00f6z edebiliriz. G\u00fcne\u015f sistemi, y\u0131ld\u0131zlar, meteor ve tutulmalar, hepsi bu b\u00fcy\u00fck koreografinin i\u00e7inde harekette!Uzaydaki bu hareketli mucizeleri bilmek i\u00e7inse hi\u00e7 de astronot olmaya gerek yok. Tek yapman\u0131z gereken, bu kitab\u0131n sayfalar\u0131n\u0131 aralamak\u2026B\u00fcy\u00fck patlama, g\u00fcne\u015f sistemi, gezegenler, Ay, G\u00fcne\u015f, y\u0131ld\u0131zlar, bur\u00e7lar, g\u00fcn d\u00f6n\u00fcmleri, g\u00f6kta\u015f\u0131 ya\u011fmurlar\u0131\u2026 Bu kitap, g\u00f6ky\u00fcz\u00fcyle ilgili akl\u0131n\u0131za gelebilecek b\u00fct\u00fcn sorular\u0131 cevaplayarak sizi uzay\u0131n sonsuzlu\u011funda bir tura \u00e7\u0131karacak.E\u011flenceli bir dansa siz de var m\u0131s\u0131n\u0131z?<\/p>\n","protected":false},"excerpt":{"rendered":"<p>Astronomi bilimini hi\u00e7 merak ettiniz mi?Uzay\u0131n derinliklerinde \u015fa\u015f\u0131rt\u0131c\u0131 ve ola\u011fan\u00fcst\u00fc olaylar oluyor. Hatta g\u00f6ky\u00fcz\u00fcnde as\u0131rlard\u0131r s\u00fcren bir danstan s\u00f6z edebiliriz. G\u00fcne\u015f sistemi, y\u0131ld\u0131zlar, meteor ve tutulmalar,<span class=\"excerpt-hellip\"> [\u2026]<\/span><\/p>\n","protected":false},"featured_media":0,"template":"","meta":{"_monsterinsights_skip_tracking":false,"_monsterinsights_sitenote_active":false,"_monsterinsights_sitenote_note":"","_monsterinsights_sitenote_category":0},"product_brand":[],"product_cat":[13005,13006],"product_tag":[],"class_list":{"0":"post-737532","1":"product","2":"type-product","3":"status-publish","5":"product_cat-bilim-muhendislik","6":"product_cat-populer-bilim","7":"pa_cilt-ciltsiz","8":"pa_tur-kitap","9":"pa_yayinevi-tuti-kitap","10":"pa_yazar-jeff-becan","12":"first","13":"instock","14":"sale","15":"shipping-taxable","16":"purchasable","17":"product-type-simple"},"_links":{"self":[{"href":"https:\/\/roveyayinevi.com.tr\/index.php\/wp-json\/wp\/v2\/product\/737532","targetHints":{"allow":["GET"]}}],"collection":[{"href":"https:\/\/roveyayinevi.com.tr\/index.php\/wp-json\/wp\/v2\/product"}],"about":[{"href":"https:\/\/roveyayinevi.com.tr\/index.php\/wp-json\/wp\/v2\/types\/product"}],"wp:attachment":[{"href":"https:\/\/roveyayinevi.com.tr\/index.php\/wp-json\/wp\/v2\/media?parent=737532"}],"wp:term":[{"taxonomy":"product_brand","embeddable":true,"href":"https:\/\/roveyayinevi.com.tr\/index.php\/wp-json\/wp\/v2\/product_brand?post=737532"},{"taxonomy":"product_cat","embeddable":true,"href":"https:\/\/roveyayinevi.com.tr\/index.php\/wp-json\/wp\/v2\/product_cat?post=737532"},{"taxonomy":"product_tag","embeddable":true,"href":"https:\/\/roveyayinevi.com.tr\/index.php\/wp-json\/wp\/v2\/product_tag?post=737532"}],"curies":[{"name":"wp","href":"https:\/\/api.w.org\/{rel}","templated":true}]}}