{"id":737531,"date":"2025-08-27T23:30:50","date_gmt":"2025-08-27T20:30:50","guid":{"rendered":"https:\/\/roveyayinevi.com.tr\/index.php\/urun\/manga-sanati-sirlari\/"},"modified":"2025-11-21T07:37:46","modified_gmt":"2025-11-21T04:37:46","slug":"manga-sanati-sirlari","status":"publish","type":"product","link":"https:\/\/roveyayinevi.com.tr\/index.php\/urun\/manga-sanati-sirlari\/","title":{"rendered":"Manga Sanat\u0131 S\u0131rlar\u0131"},"content":{"rendered":"<p>MANGA SANATI \u00c7\u0130ZER\u0130 OLMAK \u0130\u00c7\u0130N \u0130HT\u0130YACINIZ OLAN HER\u015eEY!   H\u0130\u00c7B\u0130R \u00d6ZEL ARACA \u0130HT\u0130YA\u00c7 DUYMADAN Dalia\u2019n\u0131n rehberli\u011finde sadece kalem k\u00e2\u011f\u0131tla siz de manga tarz\u0131nda \u00e7izim yapabilirsiniz. G\u00d6REREK \u00d6\u011eRENENLER \u0130\u00c7\u0130N Y\u00fcz, v\u00fccut ve duru\u015flar\u0131 ad\u0131m ad\u0131m anlatan a\u00e7\u0131klamalarla en sevdi\u011finiz karakterlerin tarz\u0131nda nas\u0131l fig\u00fcr \u00e7izme y\u00f6ntemlerini \u00f6\u011frenin. B\u0130R PORTFOLYO OLU\u015eTURUN Her b\u00f6l\u00fcm\u00fcn sonunda, daha \u00f6nce g\u00f6rd\u00fc\u011f\u00fcn\u00fcz \u00e7izimlerin \u00fcst\u00fcnden ge\u00e7ebilece\u011finiz ya da serbest\u00e7e \u00e7izim yapabilece\u011finiz al\u0131\u015ft\u0131rma egzersizleri bulunmaktad\u0131r. Kitab\u0131 bitirdi\u011finizde sanatsal geli\u015fiminizi ortaya koyan bir portfolyoya sahip olacaks\u0131n\u0131z. SANAT\u00c7I K\u00d6\u015eES\u0130 Pek \u00e7ok sanat\u00e7\u0131 kendi manga \u00e7izim s\u0131rlar\u0131n\u0131 ve \u00e7izimlerini payla\u015fmak \u00fczere bu sayfalarda yer ald\u0131. <\/p>\n","protected":false},"excerpt":{"rendered":"<p>MANGA SANATI \u00c7\u0130ZER\u0130 OLMAK \u0130\u00c7\u0130N \u0130HT\u0130YACINIZ OLAN HER\u015eEY! H\u0130\u00c7B\u0130R \u00d6ZEL ARACA \u0130HT\u0130YA\u00c7 DUYMADAN Dalia\u2019n\u0131n rehberli\u011finde sadece kalem k\u00e2\u011f\u0131tla siz de manga tarz\u0131nda \u00e7izim yapabilirsiniz. G\u00d6REREK \u00d6\u011eRENENLER<span class=\"excerpt-hellip\"> [\u2026]<\/span><\/p>\n","protected":false},"featured_media":0,"template":"","meta":{"_monsterinsights_skip_tracking":false,"_monsterinsights_sitenote_active":false,"_monsterinsights_sitenote_note":"","_monsterinsights_sitenote_category":0},"product_brand":[],"product_cat":[44608,12408],"product_tag":[],"class_list":{"0":"post-737531","1":"product","2":"type-product","3":"status-publish","5":"product_cat-diger-sanat","6":"product_cat-sanat","7":"pa_cilt-ciltsiz","8":"pa_tur-kitap","9":"pa_yayinevi-hayalperest-yayinlari","10":"pa_yazar-ozge-ilik","12":"first","13":"instock","14":"sale","15":"shipping-taxable","16":"purchasable","17":"product-type-simple"},"_links":{"self":[{"href":"https:\/\/roveyayinevi.com.tr\/index.php\/wp-json\/wp\/v2\/product\/737531","targetHints":{"allow":["GET"]}}],"collection":[{"href":"https:\/\/roveyayinevi.com.tr\/index.php\/wp-json\/wp\/v2\/product"}],"about":[{"href":"https:\/\/roveyayinevi.com.tr\/index.php\/wp-json\/wp\/v2\/types\/product"}],"wp:attachment":[{"href":"https:\/\/roveyayinevi.com.tr\/index.php\/wp-json\/wp\/v2\/media?parent=737531"}],"wp:term":[{"taxonomy":"product_brand","embeddable":true,"href":"https:\/\/roveyayinevi.com.tr\/index.php\/wp-json\/wp\/v2\/product_brand?post=737531"},{"taxonomy":"product_cat","embeddable":true,"href":"https:\/\/roveyayinevi.com.tr\/index.php\/wp-json\/wp\/v2\/product_cat?post=737531"},{"taxonomy":"product_tag","embeddable":true,"href":"https:\/\/roveyayinevi.com.tr\/index.php\/wp-json\/wp\/v2\/product_tag?post=737531"}],"curies":[{"name":"wp","href":"https:\/\/api.w.org\/{rel}","templated":true}]}}