{"id":737529,"date":"2025-08-27T23:30:48","date_gmt":"2025-08-27T20:30:48","guid":{"rendered":"https:\/\/roveyayinevi.com.tr\/index.php\/urun\/allah-seven-kalplerdedir\/"},"modified":"2026-04-16T02:46:56","modified_gmt":"2026-04-15T23:46:56","slug":"allah-seven-kalplerdedir","status":"publish","type":"product","link":"https:\/\/roveyayinevi.com.tr\/index.php\/urun\/allah-seven-kalplerdedir\/","title":{"rendered":"Allah Seven Kalplerdedir"},"content":{"rendered":"<p>1975 do\u011fumlu olan Pa\u015fayeva Afganistan, Irak, Filistin, Afrika ve Amerika ba\u015fta olmak \u00fczere d\u00fcnyan\u0131n bir\u00e7ok b\u00f6lgesinde say\u0131s\u0131z program ve belgesel haz\u0131rlam\u0131\u015ft\u0131r. Azerbaycan Millet Meclisi\u2019nde ba\u011f\u0131ms\u0131z milletvekili olan Pa\u015fayeva; uluslararas\u0131 alanda \u00e7ok say\u0131da \u00f6d\u00fcl, madalya ve diploma sahibi oldu\u011fu gibi, bir\u00e7ok ilmi kitap, roman ve y\u00fczlerce makalenin de yazar\u0131d\u0131r.12. \u0130nternet Medyas\u0131 Y\u0131l\u0131n En \u0130yileri \u00f6d\u00fcl t\u00f6reninde de \u201cUlusal Dostluk ve Bar\u0131\u015f \u00d6d\u00fcl\u00fc\u201d ne lay\u0131k g\u00f6r\u00fclen Pa\u015fayeva \u201cAllah Seven Kalplerdedir\u201d kitab\u0131nda bir yandan modern insan\u0131n yaln\u0131zl\u0131\u011fa mahk\u00fbm \u00e7\u0131kmazlar\u0131n\u0131, bir yandan da bu \u00e7\u0131kmaz\u0131n sevgiyle nas\u0131l a\u015f\u0131labilece\u011fini ak\u0131c\u0131 bir dille anlatmaya \u00e7al\u0131\u015f\u0131yor.Allah a\u015fk\u0131n\u0131n var olan b\u00fct\u00fcn sevgilerin kayna\u011f\u0131 oldu\u011fu, sevgisiz hi\u00e7bir kalpte Allah\u2019\u0131n var olamayaca\u011f\u0131 tezine dayanan Allah Seven Kalplerdedir kitab\u0131 bu anlamda okurun kalbine dokunmay\u0131, y\u00fcz\u00fcnde bir tutam \u00fcmit ye\u015fertmeyi ama\u00e7l\u0131yor.<\/p>\n","protected":false},"excerpt":{"rendered":"<p>1975 do\u011fumlu olan Pa\u015fayeva Afganistan, Irak, Filistin, Afrika ve Amerika ba\u015fta olmak \u00fczere d\u00fcnyan\u0131n bir\u00e7ok b\u00f6lgesinde say\u0131s\u0131z program ve belgesel haz\u0131rlam\u0131\u015ft\u0131r. Azerbaycan Millet Meclisi\u2019nde ba\u011f\u0131ms\u0131z milletvekili<span class=\"excerpt-hellip\"> [\u2026]<\/span><\/p>\n","protected":false},"featured_media":0,"template":"","meta":{"_monsterinsights_skip_tracking":false,"_monsterinsights_sitenote_active":false,"_monsterinsights_sitenote_note":"","_monsterinsights_sitenote_category":0},"product_brand":[],"product_cat":[12718,12719,12720],"product_tag":[],"class_list":{"0":"post-737529","1":"product","2":"type-product","3":"status-publish","5":"product_cat-din","6":"product_cat-islam","7":"product_cat-tasavvuf-mezhepler-tarikatlar","8":"pa_cilt-ciltsiz","9":"pa_tur-kitap","10":"pa_yayinevi-tuti-kitap","11":"pa_yazar-ganire-pasayeva","13":"first","14":"instock","15":"sale","16":"shipping-taxable","17":"purchasable","18":"product-type-simple"},"_links":{"self":[{"href":"https:\/\/roveyayinevi.com.tr\/index.php\/wp-json\/wp\/v2\/product\/737529","targetHints":{"allow":["GET"]}}],"collection":[{"href":"https:\/\/roveyayinevi.com.tr\/index.php\/wp-json\/wp\/v2\/product"}],"about":[{"href":"https:\/\/roveyayinevi.com.tr\/index.php\/wp-json\/wp\/v2\/types\/product"}],"wp:attachment":[{"href":"https:\/\/roveyayinevi.com.tr\/index.php\/wp-json\/wp\/v2\/media?parent=737529"}],"wp:term":[{"taxonomy":"product_brand","embeddable":true,"href":"https:\/\/roveyayinevi.com.tr\/index.php\/wp-json\/wp\/v2\/product_brand?post=737529"},{"taxonomy":"product_cat","embeddable":true,"href":"https:\/\/roveyayinevi.com.tr\/index.php\/wp-json\/wp\/v2\/product_cat?post=737529"},{"taxonomy":"product_tag","embeddable":true,"href":"https:\/\/roveyayinevi.com.tr\/index.php\/wp-json\/wp\/v2\/product_tag?post=737529"}],"curies":[{"name":"wp","href":"https:\/\/api.w.org\/{rel}","templated":true}]}}