{"id":737527,"date":"2025-08-27T23:30:46","date_gmt":"2025-08-27T20:30:46","guid":{"rendered":"https:\/\/roveyayinevi.com.tr\/index.php\/urun\/akli-karisik\/"},"modified":"2026-04-16T02:46:55","modified_gmt":"2026-04-15T23:46:55","slug":"akli-karisik","status":"publish","type":"product","link":"https:\/\/roveyayinevi.com.tr\/index.php\/urun\/akli-karisik\/","title":{"rendered":"Akl\u0131 Kar\u0131\u015f\u0131k"},"content":{"rendered":"<p>Can s\u0131k\u0131nt\u0131s\u0131ndan m\u0131 \u015fikayet\u00e7isin?Ya\u015fam\u0131nda art\u0131k seni hayrete d\u00fc\u015f\u00fcren pek bir \u015fey kalmad\u0131ysa,\u00c7o\u011fu zaman kendini keyifsiz, \u015fevksiz, enerjisiz hissediyorsan,Bazen g\u00f6\u011fs\u00fcn s\u0131k\u0131nt\u0131dan \u00e7atlayacakm\u0131\u015f gibi hissediyorsanAnla ki asl\u0131nda kalbin sana sesleniyor!Ona kulak ver ki en s\u0131radan g\u00f6rd\u00fc\u011f\u00fcn \u015feyler bile seni hayretten hayrete d\u00fc\u015f\u00fcrs\u00fcn.S\u0131ra d\u0131\u015f\u0131 ancak makul deneyimlere a\u00e7\u0131l, al\u0131\u015fkanl\u0131klar\u0131na meydan oku:Birka\u00e7 g\u00fcn k\u00f6yde k\u00f6y ko\u015fullar\u0131na uyarak ya\u015fa,Sanatla ilgilen, sanat\u00e7\u0131lar\u0131n at\u00f6lyesine misafir ol,Muhta\u00e7lara yard\u0131m et, hastalar\u0131 ziyaret et, \u00e7ocuklar\u0131 sevindir,R\u00fcyalar\u0131n\u0131 \u00f6nemse, belgesel izle, fiziksel egzersiz yap,Mevlevi semas\u0131 gibi s\u00fbf\u00ee programlar\u0131na kat\u0131l.Bazen g\u00f6zlerini kapay\u0131p kendi i\u00e7 d\u00fcnyan\u0131 seyret;Bazen al eline teleskopu, gece vakti g\u00f6ky\u00fcz\u00fcn\u00fc seyret.G\u00f6receksin can s\u0131k\u0131nt\u0131s\u0131n\u0131n yerini ya\u015fam co\u015fkusu alacak&#8230;<\/p>\n","protected":false},"excerpt":{"rendered":"<p>Can s\u0131k\u0131nt\u0131s\u0131ndan m\u0131 \u015fikayet\u00e7isin?Ya\u015fam\u0131nda art\u0131k seni hayrete d\u00fc\u015f\u00fcren pek bir \u015fey kalmad\u0131ysa,\u00c7o\u011fu zaman kendini keyifsiz, \u015fevksiz, enerjisiz hissediyorsan,Bazen g\u00f6\u011fs\u00fcn s\u0131k\u0131nt\u0131dan \u00e7atlayacakm\u0131\u015f gibi hissediyorsanAnla ki asl\u0131nda kalbin<span class=\"excerpt-hellip\"> [\u2026]<\/span><\/p>\n","protected":false},"featured_media":0,"template":"","meta":{"_monsterinsights_skip_tracking":false,"_monsterinsights_sitenote_active":false,"_monsterinsights_sitenote_note":"","_monsterinsights_sitenote_category":0},"product_brand":[],"product_cat":[12364,12376],"product_tag":[],"class_list":{"0":"post-737527","1":"product","2":"type-product","3":"status-publish","5":"product_cat-genel-konular","6":"product_cat-kisisel-gelisim","7":"pa_cilt-ciltsiz","8":"pa_tur-kitap","9":"pa_yayinevi-tuti-kitap","10":"pa_yazar-ali-riza-bayzan","12":"first","13":"instock","14":"sale","15":"shipping-taxable","16":"purchasable","17":"product-type-simple"},"_links":{"self":[{"href":"https:\/\/roveyayinevi.com.tr\/index.php\/wp-json\/wp\/v2\/product\/737527","targetHints":{"allow":["GET"]}}],"collection":[{"href":"https:\/\/roveyayinevi.com.tr\/index.php\/wp-json\/wp\/v2\/product"}],"about":[{"href":"https:\/\/roveyayinevi.com.tr\/index.php\/wp-json\/wp\/v2\/types\/product"}],"wp:attachment":[{"href":"https:\/\/roveyayinevi.com.tr\/index.php\/wp-json\/wp\/v2\/media?parent=737527"}],"wp:term":[{"taxonomy":"product_brand","embeddable":true,"href":"https:\/\/roveyayinevi.com.tr\/index.php\/wp-json\/wp\/v2\/product_brand?post=737527"},{"taxonomy":"product_cat","embeddable":true,"href":"https:\/\/roveyayinevi.com.tr\/index.php\/wp-json\/wp\/v2\/product_cat?post=737527"},{"taxonomy":"product_tag","embeddable":true,"href":"https:\/\/roveyayinevi.com.tr\/index.php\/wp-json\/wp\/v2\/product_tag?post=737527"}],"curies":[{"name":"wp","href":"https:\/\/api.w.org\/{rel}","templated":true}]}}