{"id":737526,"date":"2025-08-27T23:30:45","date_gmt":"2025-08-27T20:30:45","guid":{"rendered":"https:\/\/roveyayinevi.com.tr\/index.php\/urun\/beyaz-kanatli-vampir-11-uc-gece\/"},"modified":"2026-04-16T02:46:55","modified_gmt":"2026-04-15T23:46:55","slug":"beyaz-kanatli-vampir-11-uc-gece","status":"publish","type":"product","link":"https:\/\/roveyayinevi.com.tr\/index.php\/urun\/beyaz-kanatli-vampir-11-uc-gece\/","title":{"rendered":"Beyaz Kanatl\u0131 Vampir 11 \u2013 \u00dc\u00e7 Gece"},"content":{"rendered":"<p>Beyaz Kanatl\u0131 Vampir serisi ilk kitab\u0131yla y\u00fcz binlerce \u00e7ocu\u011fun g\u00f6nl\u00fcn\u00fc fethetmeyi ba\u015fard\u0131. Di\u011fer kitaplar\u0131 ile de tutkulu bir hayran kitlesine sahip oldu. Kitap okumaktan nefret eden \u00e7ocuklar dahi bu seriye kay\u0131ts\u0131z kalamad\u0131. Tam bitti derken bamba\u015fka bir macerayla yeniden ba\u015flad\u0131. Ve \u015fimdi Beyaz Kanatl\u0131 Vampir 11 \u00dc\u00e7 Gece sizlerle. Her sayfas\u0131nda heyecan, macera ve e\u011flence\u2026 <\/p>\n","protected":false},"excerpt":{"rendered":"<p>Beyaz Kanatl\u0131 Vampir serisi ilk kitab\u0131yla y\u00fcz binlerce \u00e7ocu\u011fun g\u00f6nl\u00fcn\u00fc fethetmeyi ba\u015fard\u0131. Di\u011fer kitaplar\u0131 ile de tutkulu bir hayran kitlesine sahip oldu. Kitap okumaktan nefret eden<span class=\"excerpt-hellip\"> [\u2026]<\/span><\/p>\n","protected":false},"featured_media":0,"template":"","meta":{"_monsterinsights_skip_tracking":false,"_monsterinsights_sitenote_active":false,"_monsterinsights_sitenote_note":"","_monsterinsights_sitenote_category":0},"product_brand":[],"product_cat":[12275,12274],"product_tag":[],"class_list":{"0":"post-737526","1":"product","2":"type-product","3":"status-publish","5":"product_cat-6-12-yas-kitaplari","6":"product_cat-cocuk-ve-genclik-kitaplari","7":"pa_cilt-ciltsiz","8":"pa_tur-kitap","9":"pa_yayinevi-pinus-kitap","10":"pa_yazar-erkan-iseri","12":"first","13":"instock","14":"sale","15":"shipping-taxable","16":"purchasable","17":"product-type-simple"},"_links":{"self":[{"href":"https:\/\/roveyayinevi.com.tr\/index.php\/wp-json\/wp\/v2\/product\/737526","targetHints":{"allow":["GET"]}}],"collection":[{"href":"https:\/\/roveyayinevi.com.tr\/index.php\/wp-json\/wp\/v2\/product"}],"about":[{"href":"https:\/\/roveyayinevi.com.tr\/index.php\/wp-json\/wp\/v2\/types\/product"}],"wp:attachment":[{"href":"https:\/\/roveyayinevi.com.tr\/index.php\/wp-json\/wp\/v2\/media?parent=737526"}],"wp:term":[{"taxonomy":"product_brand","embeddable":true,"href":"https:\/\/roveyayinevi.com.tr\/index.php\/wp-json\/wp\/v2\/product_brand?post=737526"},{"taxonomy":"product_cat","embeddable":true,"href":"https:\/\/roveyayinevi.com.tr\/index.php\/wp-json\/wp\/v2\/product_cat?post=737526"},{"taxonomy":"product_tag","embeddable":true,"href":"https:\/\/roveyayinevi.com.tr\/index.php\/wp-json\/wp\/v2\/product_tag?post=737526"}],"curies":[{"name":"wp","href":"https:\/\/api.w.org\/{rel}","templated":true}]}}