{"id":737525,"date":"2025-08-27T23:30:44","date_gmt":"2025-08-27T20:30:44","guid":{"rendered":"https:\/\/roveyayinevi.com.tr\/index.php\/urun\/dunya-bu-kadar\/"},"modified":"2026-04-08T02:55:20","modified_gmt":"2026-04-07T23:55:20","slug":"dunya-bu-kadar","status":"publish","type":"product","link":"https:\/\/roveyayinevi.com.tr\/index.php\/urun\/dunya-bu-kadar\/","title":{"rendered":"D\u00fcnya Bu Kadar"},"content":{"rendered":"<p>D\u00fcnyada her g\u00fczel \u015fey, renkli balonlar gibi ne\u015feyle oradan oraya sal\u0131n\u0131rken hayat\u0131n dikenlerinden birine de\u011fip yok olmak zorunda m\u0131? Birini sevmek, onunla mutlu olmak neden bu kadar imk\u00e2ns\u0131z? Kendini d\u00fcnyan\u0131n geri kalan\u0131ndan ayr\u0131 bir yere koyup birbirini seven iki insan\u0131n bir arada durabilmesi, neden bu iki insan d\u0131\u015f\u0131ndaki her \u015feye ba\u011fl\u0131? D\u00fcnya Bu Kadar Mahir \u00dcnsal Eri\u015f\u2019in ilk roman\u0131. Gelgelelim onun \u00f6yk\u00fc d\u00fcnyas\u0131na s\u0131k\u0131 s\u0131k\u0131ya ba\u011fl\u0131 bir roman bu. \u201cBir ikindi kahvalt\u0131s\u0131\u201dna gelemeyen G\u00fcne\u015f\u2019in hik\u00e2yesiyle yola koyulan yazar geri d\u00f6n\u00fc\u015flerle, s\u0131\u00e7ramalarla G\u00fcne\u015f\u2019in anne babas\u0131 Turan Bey ve M\u00fckerrem Han\u0131m\u2019a, Kore Sava\u015f\u0131 y\u0131llar\u0131na, Yalova Depremi\u2019ne, Hasan Fehmi Bey\u2019e; evlere ansiklopedi satan Korhan\u2019la Fevziye\u2019den bu ansiklopedilerin yay\u0131nc\u0131s\u0131 Nuri\u2019ye; kaymakam beyin k\u0131z\u0131 Yeliz\u2019den \u015eelhum Aste\u011fmen\u2019e ve daha pek \u00e7ok fig\u00fcr ve ya\u015fant\u0131ya sahne a\u00e7\u0131yor. Karakterden karaktere, andan \u00e2na, mek\u00e2ndan mek\u00e2na ge\u00e7erek y\u0131llara yay\u0131lan, tesad\u00fcflerin pe\u015fi s\u0131ra geldi\u011fi bu kanl\u0131 canl\u0131 romanda hayat kesitleri, kumdaki ayak izleri gibi do\u011fall\u0131kla kesi\u015ferek bir b\u00fct\u00fcnde birle\u015ftiriliyor. D\u00fcnya Bu Kadar, hem alabildi\u011fine yarat\u0131c\u0131 olay \u00f6rg\u00fcs\u00fc hem sat\u0131rlar\u0131ndan \u0131\u015f\u0131yan enerjisi hem de benzersiz duyarl\u0131l\u0131\u011f\u0131yla edebiyat d\u00fcnyam\u0131zdaki yolculu\u011funa devam ediyor. <\/p>\n","protected":false},"excerpt":{"rendered":"<p>D\u00fcnyada her g\u00fczel \u015fey, renkli balonlar gibi ne\u015feyle oradan oraya sal\u0131n\u0131rken hayat\u0131n dikenlerinden birine de\u011fip yok olmak zorunda m\u0131? Birini sevmek, onunla mutlu olmak neden bu<span class=\"excerpt-hellip\"> [\u2026]<\/span><\/p>\n","protected":false},"featured_media":0,"template":"","meta":{"_monsterinsights_skip_tracking":false,"_monsterinsights_sitenote_active":false,"_monsterinsights_sitenote_note":"","_monsterinsights_sitenote_category":0},"product_brand":[],"product_cat":[12291,12711],"product_tag":[],"class_list":{"0":"post-737525","1":"product","2":"type-product","3":"status-publish","5":"product_cat-edebiyat","6":"product_cat-roman-oyku","7":"pa_cilt-ciltsiz","8":"pa_tur-kitap","9":"pa_yayinevi-can-yayinlari","10":"pa_yazar-mahir-unsal-eris","12":"first","13":"instock","14":"sale","15":"shipping-taxable","16":"purchasable","17":"product-type-simple"},"_links":{"self":[{"href":"https:\/\/roveyayinevi.com.tr\/index.php\/wp-json\/wp\/v2\/product\/737525","targetHints":{"allow":["GET"]}}],"collection":[{"href":"https:\/\/roveyayinevi.com.tr\/index.php\/wp-json\/wp\/v2\/product"}],"about":[{"href":"https:\/\/roveyayinevi.com.tr\/index.php\/wp-json\/wp\/v2\/types\/product"}],"wp:attachment":[{"href":"https:\/\/roveyayinevi.com.tr\/index.php\/wp-json\/wp\/v2\/media?parent=737525"}],"wp:term":[{"taxonomy":"product_brand","embeddable":true,"href":"https:\/\/roveyayinevi.com.tr\/index.php\/wp-json\/wp\/v2\/product_brand?post=737525"},{"taxonomy":"product_cat","embeddable":true,"href":"https:\/\/roveyayinevi.com.tr\/index.php\/wp-json\/wp\/v2\/product_cat?post=737525"},{"taxonomy":"product_tag","embeddable":true,"href":"https:\/\/roveyayinevi.com.tr\/index.php\/wp-json\/wp\/v2\/product_tag?post=737525"}],"curies":[{"name":"wp","href":"https:\/\/api.w.org\/{rel}","templated":true}]}}