{"id":737524,"date":"2025-08-27T23:30:43","date_gmt":"2025-08-27T20:30:43","guid":{"rendered":"https:\/\/roveyayinevi.com.tr\/index.php\/urun\/evrimin-kokeni\/"},"modified":"2025-10-23T07:42:15","modified_gmt":"2025-10-23T04:42:15","slug":"evrimin-kokeni","status":"publish","type":"product","link":"https:\/\/roveyayinevi.com.tr\/index.php\/urun\/evrimin-kokeni\/","title":{"rendered":"Evrimin  K\u00f6keni"},"content":{"rendered":"<p>Do\u011fal se\u00e7ilim yoluyla evrim s\u00fcreci, canl\u0131lar\u0131n \u00fcremesini, kendilerinin kopyalar\u0131n\u0131 \u00fcretmesini, fakat kopyalar\u0131n pek de m\u00fckemmel olmamas\u0131n\u0131 ve b\u00f6ylelikle de sonraki nesilde \u00e7e\u015fitlili\u011fin var olmas\u0131n\u0131 gerektirir. E\u011fer bu \u00e7e\u015fitlilik, her ne sebeple olursa olsun o yavrulardan baz\u0131lar\u0131n\u0131 di\u011ferlerinden daha ba\u015far\u0131l\u0131 k\u0131larsa bunlar\u0131 daha ba\u015far\u0131l\u0131 k\u0131lan ay\u0131rt edici \u00f6zellikler de sonraki nesiller aras\u0131nda yay\u0131lacakt\u0131r ve onlar \u201cse\u00e7ilecektir.\u201d Bu kuram sadece Charles Darwin\u2019in zihninde bir anda belirmedi, aksine, binlerce y\u0131ld\u0131r d\u00fcnya \u00e7ap\u0131ndaki filozoflar taraf\u0131ndan incelendi ve tart\u0131\u015f\u0131ld\u0131. Kitap, evrim fikrinin evriminin izini s\u00fcrmekte, zaman i\u00e7inde farkl\u0131 toplumlar taraf\u0131ndan nas\u0131l de\u011fi\u015fti\u011fini ve de\u011fi\u015ftirildi\u011fini g\u00f6stermektedir. Yazarlar Darwin\u2019in Tehlikeli Fikrini uygun ba\u011flam\u0131na yerle\u015ftirecek genetik ve biyokimyasal evrimi inceleyerek, kuram\u0131n daha \u00f6nce olanlar \u00fczerine nas\u0131l in\u015fa edildi\u011fini ve yirminci y\u00fczy\u0131lda nas\u0131l geli\u015ftirildi\u011fini ortaya koyuyorlar. Bunlar\u0131n hi\u00e7biri, Darwin\u2019in evrimin bireyler ve t\u00fcrler d\u00fczeyinde nas\u0131l i\u015fledi\u011fini alg\u0131lamadaki ba\u015far\u0131s\u0131n\u0131 azaltm\u0131yor, tersine Darwin\u2019in katk\u0131s\u0131n\u0131n antik \u00e7a\u011fa uzanan ve bug\u00fcn h\u00e2l\u00e2 olu\u015fturulmakta olan bir zincirin en \u00f6nemli halkalar\u0131ndan biri oldu\u011funu g\u00f6steriyor.   \u2013Waterstones 2020\u2019nin En \u0130yi Kitab\u0131 \u201cZarif ve titizlikle ara\u015ft\u0131r\u0131lm\u0131\u015f [&#8230;] bu \u00e7ok keyifli bir kitap\u201d \u2013The Observatory \u201cMary ve John Gribbin b\u00fcy\u00fck bir netlikle yaz\u0131yorlar\u201d \u2013Guardian \u201cKesin ama gizemli [&#8230;] bir \u015fiir kadar g\u00fczel ve bir roman kadar heyecan verici\u201d \u2013Sunday Times <\/p>\n","protected":false},"excerpt":{"rendered":"<p>Do\u011fal se\u00e7ilim yoluyla evrim s\u00fcreci, canl\u0131lar\u0131n \u00fcremesini, kendilerinin kopyalar\u0131n\u0131 \u00fcretmesini, fakat kopyalar\u0131n pek de m\u00fckemmel olmamas\u0131n\u0131 ve b\u00f6ylelikle de sonraki nesilde \u00e7e\u015fitlili\u011fin var olmas\u0131n\u0131 gerektirir. E\u011fer<span class=\"excerpt-hellip\"> [\u2026]<\/span><\/p>\n","protected":false},"featured_media":0,"template":"","meta":{"_monsterinsights_skip_tracking":false,"_monsterinsights_sitenote_active":false,"_monsterinsights_sitenote_note":"","_monsterinsights_sitenote_category":0},"product_brand":[],"product_cat":[13005,13010],"product_tag":[],"class_list":{"0":"post-737524","1":"product","2":"type-product","3":"status-publish","5":"product_cat-bilim-muhendislik","6":"product_cat-doga-bilimleri","7":"pa_cilt-ciltsiz","8":"pa_tur-kitap","9":"pa_yayinevi-alfa-yayinlari","10":"pa_yazar-mary-john-gribbin","12":"first","13":"instock","14":"sale","15":"shipping-taxable","16":"purchasable","17":"product-type-simple"},"_links":{"self":[{"href":"https:\/\/roveyayinevi.com.tr\/index.php\/wp-json\/wp\/v2\/product\/737524","targetHints":{"allow":["GET"]}}],"collection":[{"href":"https:\/\/roveyayinevi.com.tr\/index.php\/wp-json\/wp\/v2\/product"}],"about":[{"href":"https:\/\/roveyayinevi.com.tr\/index.php\/wp-json\/wp\/v2\/types\/product"}],"wp:attachment":[{"href":"https:\/\/roveyayinevi.com.tr\/index.php\/wp-json\/wp\/v2\/media?parent=737524"}],"wp:term":[{"taxonomy":"product_brand","embeddable":true,"href":"https:\/\/roveyayinevi.com.tr\/index.php\/wp-json\/wp\/v2\/product_brand?post=737524"},{"taxonomy":"product_cat","embeddable":true,"href":"https:\/\/roveyayinevi.com.tr\/index.php\/wp-json\/wp\/v2\/product_cat?post=737524"},{"taxonomy":"product_tag","embeddable":true,"href":"https:\/\/roveyayinevi.com.tr\/index.php\/wp-json\/wp\/v2\/product_tag?post=737524"}],"curies":[{"name":"wp","href":"https:\/\/api.w.org\/{rel}","templated":true}]}}