{"id":737523,"date":"2025-08-27T23:30:42","date_gmt":"2025-08-27T20:30:42","guid":{"rendered":"https:\/\/roveyayinevi.com.tr\/index.php\/urun\/cop-dedektifleri\/"},"modified":"2026-04-16T02:46:55","modified_gmt":"2026-04-15T23:46:55","slug":"cop-dedektifleri","status":"publish","type":"product","link":"https:\/\/roveyayinevi.com.tr\/index.php\/urun\/cop-dedektifleri\/","title":{"rendered":"\u00c7\u00f6p Dedektifleri"},"content":{"rendered":"<p>D\u00fcnyaca \u00fcnl\u00fc sanat\u00e7\u0131 Peter H. Reynolds, bu kez ikiz karde\u015fi Paul H. Reynolds\u2019la birlikte e\u011flenceli bir diziye imza at\u0131yor. Bilim, teknoloji, m\u00fchendislik, sanat ve matemati\u011fi disiplinler aras\u0131 \u00e7al\u0131\u015fma y\u00f6ntemiyle ele alan kitaplar, \u00f6zetle \u015funu s\u00f6yl\u00fcyor: Hayat, yarat\u0131c\u0131 olma f\u0131rsatlar\u0131yla doludur. \u00c7evre bilincini \u00f6ne \u00e7\u0131karan bu ikinci kitapta, ikizler Sidney ve Simon, bir kampanya ba\u015flat\u0131r. Ama\u00e7lar\u0131 ailelerinin, mahallelerinin ve okullar\u0131n\u0131n \u00e7\u0131kard\u0131\u011f\u0131 \u00e7\u00f6p\u00fc azaltmak, at\u0131lan malzemeleri gerid\u00f6n\u00fc\u015f\u00fcmle yeniden kullanabilmektir.<\/p>\n","protected":false},"excerpt":{"rendered":"<p>D\u00fcnyaca \u00fcnl\u00fc sanat\u00e7\u0131 Peter H. Reynolds, bu kez ikiz karde\u015fi Paul H. Reynolds\u2019la birlikte e\u011flenceli bir diziye imza at\u0131yor. Bilim, teknoloji, m\u00fchendislik, sanat ve matemati\u011fi disiplinler<span class=\"excerpt-hellip\"> [\u2026]<\/span><\/p>\n","protected":false},"featured_media":0,"template":"","meta":{"_monsterinsights_skip_tracking":false,"_monsterinsights_sitenote_active":false,"_monsterinsights_sitenote_note":"","_monsterinsights_sitenote_category":0},"product_brand":[],"product_cat":[12274,12284],"product_tag":[],"class_list":{"0":"post-737523","1":"product","2":"type-product","3":"status-publish","5":"product_cat-cocuk-ve-genclik-kitaplari","6":"product_cat-hikayeler","7":"pa_cilt-ciltsiz","8":"pa_tur-kitap","9":"pa_yayinevi-uyurgezer-kitap","10":"pa_yazar-paul-a-reynolds","12":"first","13":"instock","14":"sale","15":"shipping-taxable","16":"purchasable","17":"product-type-simple"},"_links":{"self":[{"href":"https:\/\/roveyayinevi.com.tr\/index.php\/wp-json\/wp\/v2\/product\/737523","targetHints":{"allow":["GET"]}}],"collection":[{"href":"https:\/\/roveyayinevi.com.tr\/index.php\/wp-json\/wp\/v2\/product"}],"about":[{"href":"https:\/\/roveyayinevi.com.tr\/index.php\/wp-json\/wp\/v2\/types\/product"}],"wp:attachment":[{"href":"https:\/\/roveyayinevi.com.tr\/index.php\/wp-json\/wp\/v2\/media?parent=737523"}],"wp:term":[{"taxonomy":"product_brand","embeddable":true,"href":"https:\/\/roveyayinevi.com.tr\/index.php\/wp-json\/wp\/v2\/product_brand?post=737523"},{"taxonomy":"product_cat","embeddable":true,"href":"https:\/\/roveyayinevi.com.tr\/index.php\/wp-json\/wp\/v2\/product_cat?post=737523"},{"taxonomy":"product_tag","embeddable":true,"href":"https:\/\/roveyayinevi.com.tr\/index.php\/wp-json\/wp\/v2\/product_tag?post=737523"}],"curies":[{"name":"wp","href":"https:\/\/api.w.org\/{rel}","templated":true}]}}