{"id":737520,"date":"2025-08-27T23:30:39","date_gmt":"2025-08-27T20:30:39","guid":{"rendered":"https:\/\/roveyayinevi.com.tr\/index.php\/urun\/hep-senin-yuzunden\/"},"modified":"2026-04-16T02:46:55","modified_gmt":"2026-04-15T23:46:55","slug":"hep-senin-yuzunden","status":"publish","type":"product","link":"https:\/\/roveyayinevi.com.tr\/index.php\/urun\/hep-senin-yuzunden\/","title":{"rendered":"Hep Senin Y\u00fcz\u00fcnden"},"content":{"rendered":"<p>Edebiyat\u0131m\u0131z\u0131n sevilen kalemlerinden \u00c7i\u011fdem Sezer, hayal k\u0131r\u0131kl\u0131klar\u0131n\u0131, \u00e7ocuk olman\u0131n zorluklar\u0131n\u0131 ve ger\u00e7ek dostlu\u011fu e\u011flenceli bir dille ele al\u0131yor. Yazar, ba\u015fkalar\u0131yla k\u0131yaslanman\u0131n yaratt\u0131\u011f\u0131 k\u0131rg\u0131nl\u0131\u011f\u0131, \u00f6fkenin ve anla\u015f\u0131lamaman\u0131n hayat\u0131 nas\u0131l zorla\u015ft\u0131rd\u0131\u011f\u0131n\u0131 ve b\u00fcy\u00fcklerin her zaman hakl\u0131 olmad\u0131\u011f\u0131n\u0131 hat\u0131rlat\u0131yor.Erdi, her \u015feyi m\u00fckemmel yapan kuzeni \u0130rem\u2019in bir s\u00fcreli\u011fine kendilerinde kalaca\u011f\u0131n\u0131 \u00f6\u011frenir. Ba\u015flang\u0131\u00e7ta i\u015fler yolunda giderken zamanla kuzeninin yapt\u0131klar\u0131 Erdi\u2019nin g\u00f6z\u00fcne batmaya ba\u015flar. \u0130rem\u2019in, kar\u0131ncas\u0131yla dalga ge\u00e7mesi barda\u011f\u0131 ta\u015f\u0131ran son damla olur. Erdi\u2019nin \u00f6fkesini yenmek i\u00e7in buldu\u011fu tekerlemeli \u00e7\u00f6z\u00fcmler i\u015fe yarayacak m\u0131d\u0131r?Edebiyat\u0131m\u0131z\u0131n sevilen kalemlerinden \u00c7i\u011fdem Sezer, hayal k\u0131r\u0131kl\u0131klar\u0131n\u0131, \u00e7ocuk olman\u0131n zorluklar\u0131n\u0131 ve ger\u00e7ek dostlu\u011fu e\u011flenceli bir dille ele al\u0131yor. Yazar, ba\u015fkalar\u0131yla k\u0131yaslanman\u0131n yaratt\u0131\u011f\u0131 k\u0131rg\u0131nl\u0131\u011f\u0131, \u00f6fkenin ve anla\u015f\u0131lamaman\u0131n hayat\u0131 nas\u0131l zorla\u015ft\u0131rd\u0131\u011f\u0131n\u0131 ve b\u00fcy\u00fcklerin her zaman hakl\u0131 olmad\u0131\u011f\u0131n\u0131 hat\u0131rlat\u0131yor.Erdi, her \u015feyi m\u00fckemmel yapan kuzeni \u0130rem\u2019in bir s\u00fcreli\u011fine kendilerinde kalaca\u011f\u0131n\u0131 \u00f6\u011frenir. Ba\u015flang\u0131\u00e7ta i\u015fler yolunda giderken zamanla kuzeninin yapt\u0131klar\u0131 Erdi\u2019nin g\u00f6z\u00fcne batmaya ba\u015flar. \u0130rem\u2019in, kar\u0131ncas\u0131yla dalga ge\u00e7mesi barda\u011f\u0131 ta\u015f\u0131ran son damla olur. Erdi\u2019nin \u00f6fkesini yenmek i\u00e7in buldu\u011fu tekerlemeli \u00e7\u00f6z\u00fcmler i\u015fe yarayacak m\u0131d\u0131r?<\/p>\n","protected":false},"excerpt":{"rendered":"<p>Edebiyat\u0131m\u0131z\u0131n sevilen kalemlerinden \u00c7i\u011fdem Sezer, hayal k\u0131r\u0131kl\u0131klar\u0131n\u0131, \u00e7ocuk olman\u0131n zorluklar\u0131n\u0131 ve ger\u00e7ek dostlu\u011fu e\u011flenceli bir dille ele al\u0131yor. Yazar, ba\u015fkalar\u0131yla k\u0131yaslanman\u0131n yaratt\u0131\u011f\u0131 k\u0131rg\u0131nl\u0131\u011f\u0131, \u00f6fkenin ve anla\u015f\u0131lamaman\u0131n<span class=\"excerpt-hellip\"> [\u2026]<\/span><\/p>\n","protected":false},"featured_media":0,"template":"","meta":{"_monsterinsights_skip_tracking":false,"_monsterinsights_sitenote_active":false,"_monsterinsights_sitenote_note":"","_monsterinsights_sitenote_category":0},"product_brand":[],"product_cat":[12275,12274],"product_tag":[],"class_list":{"0":"post-737520","1":"product","2":"type-product","3":"status-publish","5":"product_cat-6-12-yas-kitaplari","6":"product_cat-cocuk-ve-genclik-kitaplari","7":"pa_cilt-ciltsiz","8":"pa_tur-kitap","9":"pa_yayinevi-uyurgezer-kitap","10":"pa_yazar-cigdem-sezer","12":"first","13":"instock","14":"sale","15":"shipping-taxable","16":"purchasable","17":"product-type-simple"},"_links":{"self":[{"href":"https:\/\/roveyayinevi.com.tr\/index.php\/wp-json\/wp\/v2\/product\/737520","targetHints":{"allow":["GET"]}}],"collection":[{"href":"https:\/\/roveyayinevi.com.tr\/index.php\/wp-json\/wp\/v2\/product"}],"about":[{"href":"https:\/\/roveyayinevi.com.tr\/index.php\/wp-json\/wp\/v2\/types\/product"}],"wp:attachment":[{"href":"https:\/\/roveyayinevi.com.tr\/index.php\/wp-json\/wp\/v2\/media?parent=737520"}],"wp:term":[{"taxonomy":"product_brand","embeddable":true,"href":"https:\/\/roveyayinevi.com.tr\/index.php\/wp-json\/wp\/v2\/product_brand?post=737520"},{"taxonomy":"product_cat","embeddable":true,"href":"https:\/\/roveyayinevi.com.tr\/index.php\/wp-json\/wp\/v2\/product_cat?post=737520"},{"taxonomy":"product_tag","embeddable":true,"href":"https:\/\/roveyayinevi.com.tr\/index.php\/wp-json\/wp\/v2\/product_tag?post=737520"}],"curies":[{"name":"wp","href":"https:\/\/api.w.org\/{rel}","templated":true}]}}