{"id":737519,"date":"2025-08-27T23:30:38","date_gmt":"2025-08-27T20:30:38","guid":{"rendered":"https:\/\/roveyayinevi.com.tr\/index.php\/urun\/bayan-tilkinin-sinifi-saglikli-oluyor\/"},"modified":"2026-04-16T02:46:55","modified_gmt":"2026-04-15T23:46:55","slug":"bayan-tilkinin-sinifi-saglikli-oluyor","status":"publish","type":"product","link":"https:\/\/roveyayinevi.com.tr\/index.php\/urun\/bayan-tilkinin-sinifi-saglikli-oluyor\/","title":{"rendered":"Bayan Tilki&#8217;nin S\u0131n\u0131f\u0131 Sa\u011fl\u0131kl\u0131 Oluyor"},"content":{"rendered":"<p>Bayan Tilki\u2019nin \u00f6\u011frencileri formsuz ve hep yorgun&#8230; Oysa sa\u011fl\u0131kl\u0131 olman\u0131n e\u011flenceli yollar\u0131 da var. Bayan Tilki\u2019nin s\u0131n\u0131f\u0131nda i\u015fler yolunda gitmiyor. Derslerde uyuyanlar, sa\u011fl\u0131ks\u0131z beslenenler, merdivende ayaklar\u0131n\u0131 s\u00fcr\u00fcyenler&#8230; Bayan Tilki, \u00f6\u011frencileri i\u00e7in kayg\u0131lan\u0131yor ve zaman kaybetmeden harekete ge\u00e7iyor. B\u00fct\u00fcn s\u0131n\u0131f daha sa\u011fl\u0131kl\u0131 beslenip, daha zinde olmaya kararl\u0131. \u00dcstelik \u00f6nlerindeSpor Bayram\u0131 var&#8230; Sporu keyfe d\u00f6n\u00fc\u015ft\u00fcrmeye ve tak\u0131m olman\u0131n de\u011ferini bilmeye davetlisiniz&#8230;<\/p>\n","protected":false},"excerpt":{"rendered":"<p>Bayan Tilki\u2019nin \u00f6\u011frencileri formsuz ve hep yorgun&#8230; Oysa sa\u011fl\u0131kl\u0131 olman\u0131n e\u011flenceli yollar\u0131 da var. Bayan Tilki\u2019nin s\u0131n\u0131f\u0131nda i\u015fler yolunda gitmiyor. Derslerde uyuyanlar, sa\u011fl\u0131ks\u0131z beslenenler, merdivende ayaklar\u0131n\u0131<span class=\"excerpt-hellip\"> [\u2026]<\/span><\/p>\n","protected":false},"featured_media":0,"template":"","meta":{"_monsterinsights_skip_tracking":false,"_monsterinsights_sitenote_active":false,"_monsterinsights_sitenote_note":"","_monsterinsights_sitenote_category":0},"product_brand":[],"product_cat":[12274,12284],"product_tag":[],"class_list":{"0":"post-737519","1":"product","2":"type-product","3":"status-publish","5":"product_cat-cocuk-ve-genclik-kitaplari","6":"product_cat-hikayeler","7":"pa_cilt-ciltsiz","8":"pa_tur-kitap","9":"pa_yayinevi-uyurgezer-kitap","10":"pa_yazar-eileen-spinelli","12":"first","13":"instock","14":"sale","15":"shipping-taxable","16":"purchasable","17":"product-type-simple"},"_links":{"self":[{"href":"https:\/\/roveyayinevi.com.tr\/index.php\/wp-json\/wp\/v2\/product\/737519","targetHints":{"allow":["GET"]}}],"collection":[{"href":"https:\/\/roveyayinevi.com.tr\/index.php\/wp-json\/wp\/v2\/product"}],"about":[{"href":"https:\/\/roveyayinevi.com.tr\/index.php\/wp-json\/wp\/v2\/types\/product"}],"wp:attachment":[{"href":"https:\/\/roveyayinevi.com.tr\/index.php\/wp-json\/wp\/v2\/media?parent=737519"}],"wp:term":[{"taxonomy":"product_brand","embeddable":true,"href":"https:\/\/roveyayinevi.com.tr\/index.php\/wp-json\/wp\/v2\/product_brand?post=737519"},{"taxonomy":"product_cat","embeddable":true,"href":"https:\/\/roveyayinevi.com.tr\/index.php\/wp-json\/wp\/v2\/product_cat?post=737519"},{"taxonomy":"product_tag","embeddable":true,"href":"https:\/\/roveyayinevi.com.tr\/index.php\/wp-json\/wp\/v2\/product_tag?post=737519"}],"curies":[{"name":"wp","href":"https:\/\/api.w.org\/{rel}","templated":true}]}}