{"id":737517,"date":"2025-08-27T23:30:35","date_gmt":"2025-08-27T20:30:35","guid":{"rendered":"https:\/\/roveyayinevi.com.tr\/index.php\/urun\/sinavin-boylesi\/"},"modified":"2025-11-13T07:33:19","modified_gmt":"2025-11-13T04:33:19","slug":"sinavin-boylesi","status":"publish","type":"product","link":"https:\/\/roveyayinevi.com.tr\/index.php\/urun\/sinavin-boylesi\/","title":{"rendered":"S\u0131nav\u0131n B\u00f6ylesi"},"content":{"rendered":"<p>\u201cMatematikte ba\u015far\u0131s\u0131z m\u0131 oluyorsun?Problem \u00e7\u00f6zerken zorluk mu ya\u015f\u0131yorsun?Dahas\u0131, kula\u011fa sert gelse de, matematiktenNefret mi ediyorsun?\u201d\u0130spanyol \u00e7ocuk ve gen\u00e7lik edebiyat\u0131n\u0131n sayg\u0131n kalemlerinden Jordi Sierra i Fabra, matemati\u011fi ve maceray\u0131 ustal\u0131kla birle\u015ftiriyor. Okuru; say\u0131lar, ipu\u00e7lar\u0131 ve gizemli olaylar\u0131n pe\u015fi s\u0131ra ko\u015ftururken, matemati\u011fin korkutucu imaj\u0131n\u0131 da yerle bir ediyor.<\/p>\n","protected":false},"excerpt":{"rendered":"<p>\u201cMatematikte ba\u015far\u0131s\u0131z m\u0131 oluyorsun?Problem \u00e7\u00f6zerken zorluk mu ya\u015f\u0131yorsun?Dahas\u0131, kula\u011fa sert gelse de, matematiktenNefret mi ediyorsun?\u201d\u0130spanyol \u00e7ocuk ve gen\u00e7lik edebiyat\u0131n\u0131n sayg\u0131n kalemlerinden Jordi Sierra i Fabra, matemati\u011fi<span class=\"excerpt-hellip\"> [\u2026]<\/span><\/p>\n","protected":false},"featured_media":0,"template":"","meta":{"_monsterinsights_skip_tracking":false,"_monsterinsights_sitenote_active":false,"_monsterinsights_sitenote_note":"","_monsterinsights_sitenote_category":0},"product_brand":[],"product_cat":[12275,12274],"product_tag":[],"class_list":{"0":"post-737517","1":"product","2":"type-product","3":"status-publish","5":"product_cat-6-12-yas-kitaplari","6":"product_cat-cocuk-ve-genclik-kitaplari","7":"pa_cilt-ciltsiz","8":"pa_tur-kitap","9":"pa_yayinevi-uyurgezer-kitap","10":"pa_yazar-jordi-sierra-i-fabra","12":"first","13":"instock","14":"sale","15":"shipping-taxable","16":"purchasable","17":"product-type-simple"},"_links":{"self":[{"href":"https:\/\/roveyayinevi.com.tr\/index.php\/wp-json\/wp\/v2\/product\/737517","targetHints":{"allow":["GET"]}}],"collection":[{"href":"https:\/\/roveyayinevi.com.tr\/index.php\/wp-json\/wp\/v2\/product"}],"about":[{"href":"https:\/\/roveyayinevi.com.tr\/index.php\/wp-json\/wp\/v2\/types\/product"}],"wp:attachment":[{"href":"https:\/\/roveyayinevi.com.tr\/index.php\/wp-json\/wp\/v2\/media?parent=737517"}],"wp:term":[{"taxonomy":"product_brand","embeddable":true,"href":"https:\/\/roveyayinevi.com.tr\/index.php\/wp-json\/wp\/v2\/product_brand?post=737517"},{"taxonomy":"product_cat","embeddable":true,"href":"https:\/\/roveyayinevi.com.tr\/index.php\/wp-json\/wp\/v2\/product_cat?post=737517"},{"taxonomy":"product_tag","embeddable":true,"href":"https:\/\/roveyayinevi.com.tr\/index.php\/wp-json\/wp\/v2\/product_tag?post=737517"}],"curies":[{"name":"wp","href":"https:\/\/api.w.org\/{rel}","templated":true}]}}