{"id":737514,"date":"2025-08-27T23:30:32","date_gmt":"2025-08-27T20:30:32","guid":{"rendered":"https:\/\/roveyayinevi.com.tr\/index.php\/urun\/edgar-kavga-ediyor\/"},"modified":"2026-04-16T02:46:55","modified_gmt":"2026-04-15T23:46:55","slug":"edgar-kavga-ediyor","status":"publish","type":"product","link":"https:\/\/roveyayinevi.com.tr\/index.php\/urun\/edgar-kavga-ediyor\/","title":{"rendered":"Edgar Kavga Ediyor"},"content":{"rendered":"<p>\u015eiddet nedir? Vurmadan \u015fiddet olur mu? \u0130nsan ba\u015fkalar\u0131na ni\u00e7in vurur? Birisinin \u015fiddeti kar\u015f\u0131s\u0131nda ne yapmak gerekir? Ba\u015fkalar\u0131na \u015fiddet uygulamamak i\u00e7in ne yapmal\u0131y\u0131z?Duygu Okulu\u2019nda bir sorun ortaya \u00e7\u0131kt\u0131\u011f\u0131nda, felsefe ve ahlak dersleriyle de\u011fil, birlikte tart\u0131\u015f\u0131larak \u00e7\u00f6z\u00fcl\u00fcr. D\u00fc\u015f\u00fcnce payla\u015f\u0131mlar\u0131 bir\u00e7ok sesin duyulmas\u0131n\u0131 sa\u011flar ve d\u00fc\u015f\u00fcnceyi bir \u00e7\u00f6z\u00fcme varana dek y\u00f6nlendirir. Birlikte ya\u015fama, kendini daha iyi anlamay\u0131 h\u0131zland\u0131rman\u0131nbir arac\u0131d\u0131r. Ba\u015fka ara\u00e7lar da vard\u0131r ve hepsi birden tek bir anahtar kelimenin \u00fczerinde temellenir: \u0130leti\u015fim. Edgar kavga m\u0131 ar\u0131yor? Bunu tart\u0131\u015fal\u0131m. Ni\u00e7in kavga edilir? Ve m\u00fcthi\u015f bir \u00f6fkeye kap\u0131lmak \u00fczere olan bir insan, bunun \u00fcstesinden nas\u0131l gelebilir? Duygu Okulu; duygular\u0131 ve birlikte ya\u015fama kurallar\u0131n\u0131 daha iyi anlamak i\u00e7in ailecek payla\u015f\u0131lacak resimli kitaplar.<\/p>\n","protected":false},"excerpt":{"rendered":"<p>\u015eiddet nedir? Vurmadan \u015fiddet olur mu? \u0130nsan ba\u015fkalar\u0131na ni\u00e7in vurur? Birisinin \u015fiddeti kar\u015f\u0131s\u0131nda ne yapmak gerekir? Ba\u015fkalar\u0131na \u015fiddet uygulamamak i\u00e7in ne yapmal\u0131y\u0131z?Duygu Okulu\u2019nda bir sorun ortaya<span class=\"excerpt-hellip\"> [\u2026]<\/span><\/p>\n","protected":false},"featured_media":0,"template":"","meta":{"_monsterinsights_skip_tracking":false,"_monsterinsights_sitenote_active":false,"_monsterinsights_sitenote_note":"","_monsterinsights_sitenote_category":0},"product_brand":[],"product_cat":[12274,12284],"product_tag":[],"class_list":{"0":"post-737514","1":"product","2":"type-product","3":"status-publish","5":"product_cat-cocuk-ve-genclik-kitaplari","6":"product_cat-hikayeler","7":"pa_cilt-ciltsiz","8":"pa_tur-kitap","9":"pa_yayinevi-uyurgezer-kitap","10":"pa_yazar-pakita","12":"first","13":"instock","14":"sale","15":"shipping-taxable","16":"purchasable","17":"product-type-simple"},"_links":{"self":[{"href":"https:\/\/roveyayinevi.com.tr\/index.php\/wp-json\/wp\/v2\/product\/737514","targetHints":{"allow":["GET"]}}],"collection":[{"href":"https:\/\/roveyayinevi.com.tr\/index.php\/wp-json\/wp\/v2\/product"}],"about":[{"href":"https:\/\/roveyayinevi.com.tr\/index.php\/wp-json\/wp\/v2\/types\/product"}],"wp:attachment":[{"href":"https:\/\/roveyayinevi.com.tr\/index.php\/wp-json\/wp\/v2\/media?parent=737514"}],"wp:term":[{"taxonomy":"product_brand","embeddable":true,"href":"https:\/\/roveyayinevi.com.tr\/index.php\/wp-json\/wp\/v2\/product_brand?post=737514"},{"taxonomy":"product_cat","embeddable":true,"href":"https:\/\/roveyayinevi.com.tr\/index.php\/wp-json\/wp\/v2\/product_cat?post=737514"},{"taxonomy":"product_tag","embeddable":true,"href":"https:\/\/roveyayinevi.com.tr\/index.php\/wp-json\/wp\/v2\/product_tag?post=737514"}],"curies":[{"name":"wp","href":"https:\/\/api.w.org\/{rel}","templated":true}]}}