{"id":737512,"date":"2025-08-27T23:30:30","date_gmt":"2025-08-27T20:30:30","guid":{"rendered":"https:\/\/roveyayinevi.com.tr\/index.php\/urun\/leon-kaba-konusuyor\/"},"modified":"2026-04-16T02:46:55","modified_gmt":"2026-04-15T23:46:55","slug":"leon-kaba-konusuyor","status":"publish","type":"product","link":"https:\/\/roveyayinevi.com.tr\/index.php\/urun\/leon-kaba-konusuyor\/","title":{"rendered":"Leon Kaba Konu\u015fuyor!"},"content":{"rendered":"<p>K\u00fcf\u00fcr nedir? Ni\u00e7in kaba konu\u015fmamak gerekir? K\u00fcf\u00fcr etmemek i\u00e7in ne yapmal\u0131?Duygu Okulu\u2019nda bir sorun ortaya \u00e7\u0131kt\u0131\u011f\u0131nda, felsefe ve ahlak dersleriyle de\u011fil, birlikte tart\u0131\u015f\u0131larak \u00e7\u00f6z\u00fcl\u00fcr. D\u00fc\u015f\u00fcnce payla\u015f\u0131mlar\u0131 bir\u00e7ok sesin duyulmas\u0131n\u0131 sa\u011flar ve d\u00fc\u015f\u00fcnceyi bir \u00e7\u00f6z\u00fcme varana dek y\u00f6nlendirir.Birlikte ya\u015fama, kendini daha iyi anlamay\u0131 h\u0131zland\u0131rman\u0131n bir arac\u0131d\u0131r.Ba\u015fka ara\u00e7lar da vard\u0131r ve hepsi birden tek bir anahtar kelimenin \u00fczerinde temellenir: \u0130leti\u015fim.Leon k\u00fcf\u00fcr m\u00fc ediyor? K\u00fcf\u00fcr neye denir? Herkes bu t\u00fcr kelimelerin yasak oldu\u011funu s\u00f6yl\u00fcyor, peki ni\u00e7in?<\/p>\n","protected":false},"excerpt":{"rendered":"<p>K\u00fcf\u00fcr nedir? Ni\u00e7in kaba konu\u015fmamak gerekir? K\u00fcf\u00fcr etmemek i\u00e7in ne yapmal\u0131?Duygu Okulu\u2019nda bir sorun ortaya \u00e7\u0131kt\u0131\u011f\u0131nda, felsefe ve ahlak dersleriyle de\u011fil, birlikte tart\u0131\u015f\u0131larak \u00e7\u00f6z\u00fcl\u00fcr. D\u00fc\u015f\u00fcnce payla\u015f\u0131mlar\u0131<span class=\"excerpt-hellip\"> [\u2026]<\/span><\/p>\n","protected":false},"featured_media":0,"template":"","meta":{"_monsterinsights_skip_tracking":false,"_monsterinsights_sitenote_active":false,"_monsterinsights_sitenote_note":"","_monsterinsights_sitenote_category":0},"product_brand":[],"product_cat":[12274,12518],"product_tag":[],"class_list":{"0":"post-737512","1":"product","2":"type-product","3":"status-publish","5":"product_cat-cocuk-ve-genclik-kitaplari","6":"product_cat-okul-oncesi-kitaplar","7":"pa_cilt-ciltsiz","8":"pa_tur-kitap","9":"pa_yayinevi-uyurgezer-kitap","10":"pa_yazar-pakita","12":"first","13":"instock","14":"sale","15":"shipping-taxable","16":"purchasable","17":"product-type-simple"},"_links":{"self":[{"href":"https:\/\/roveyayinevi.com.tr\/index.php\/wp-json\/wp\/v2\/product\/737512","targetHints":{"allow":["GET"]}}],"collection":[{"href":"https:\/\/roveyayinevi.com.tr\/index.php\/wp-json\/wp\/v2\/product"}],"about":[{"href":"https:\/\/roveyayinevi.com.tr\/index.php\/wp-json\/wp\/v2\/types\/product"}],"wp:attachment":[{"href":"https:\/\/roveyayinevi.com.tr\/index.php\/wp-json\/wp\/v2\/media?parent=737512"}],"wp:term":[{"taxonomy":"product_brand","embeddable":true,"href":"https:\/\/roveyayinevi.com.tr\/index.php\/wp-json\/wp\/v2\/product_brand?post=737512"},{"taxonomy":"product_cat","embeddable":true,"href":"https:\/\/roveyayinevi.com.tr\/index.php\/wp-json\/wp\/v2\/product_cat?post=737512"},{"taxonomy":"product_tag","embeddable":true,"href":"https:\/\/roveyayinevi.com.tr\/index.php\/wp-json\/wp\/v2\/product_tag?post=737512"}],"curies":[{"name":"wp","href":"https:\/\/api.w.org\/{rel}","templated":true}]}}