{"id":737510,"date":"2025-08-27T23:30:28","date_gmt":"2025-08-27T20:30:28","guid":{"rendered":"https:\/\/roveyayinevi.com.tr\/index.php\/urun\/deneyin-boylesi\/"},"modified":"2026-04-16T02:46:55","modified_gmt":"2026-04-15T23:46:55","slug":"deneyin-boylesi","status":"publish","type":"product","link":"https:\/\/roveyayinevi.com.tr\/index.php\/urun\/deneyin-boylesi\/","title":{"rendered":"Deneyin B\u00f6ylesi"},"content":{"rendered":"<p>S\u0131nav\u0131n B\u00f6ylesi kitab\u0131yla \u00e7ok sevilen, \u0130spanyol \u00e7ocuk ve gen\u00e7lik edebiyat\u0131n\u0131n \u00fcretken yazar\u0131 Jordi Sierra i Fabra, bu kez fen bilimlerini masaya yat\u0131r\u0131yor. Elementlerin b\u00fcy\u00fcl\u00fc d\u00fcnyas\u0131ndan yola \u00e7\u0131karak kahramanlar\u0131n\u0131 ve okurlar\u0131n\u0131 bir kez daha soluk solu\u011fa bir maceran\u0131n orta yerine b\u0131rak\u0131yor.Jorge, Petra ve Max, okulun fen laboratuvar\u0131n\u0131 yerle bir eden bir kazaya yol a\u00e7m\u0131\u015flard\u0131r. Oysa laboratuvar, fen bilgisi \u00f6\u011fretmenlerinin her \u015feyidir. Fernanda \u00d6\u011fretmen, \u00e7ok ge\u00e7meden sakar \u00f6\u011frencilerine unutamayacaklar\u0131 bir ders vermek i\u00e7in kollar\u0131 s\u0131var. Elementlerin yard\u0131m\u0131yla kusursuz bir plan haz\u0131rlar. \u00c7ocuklar\u0131n sebep oldu\u011fu bu talihsiz kaza kesinlikle yanlar\u0131na k\u00e2r kalmayacakt\u0131r.<\/p>\n","protected":false},"excerpt":{"rendered":"<p>S\u0131nav\u0131n B\u00f6ylesi kitab\u0131yla \u00e7ok sevilen, \u0130spanyol \u00e7ocuk ve gen\u00e7lik edebiyat\u0131n\u0131n \u00fcretken yazar\u0131 Jordi Sierra i Fabra, bu kez fen bilimlerini masaya yat\u0131r\u0131yor. Elementlerin b\u00fcy\u00fcl\u00fc d\u00fcnyas\u0131ndan yola<span class=\"excerpt-hellip\"> [\u2026]<\/span><\/p>\n","protected":false},"featured_media":0,"template":"","meta":{"_monsterinsights_skip_tracking":false,"_monsterinsights_sitenote_active":false,"_monsterinsights_sitenote_note":"","_monsterinsights_sitenote_category":0},"product_brand":[],"product_cat":[12275,12274],"product_tag":[],"class_list":{"0":"post-737510","1":"product","2":"type-product","3":"status-publish","5":"product_cat-6-12-yas-kitaplari","6":"product_cat-cocuk-ve-genclik-kitaplari","7":"pa_cilt-ciltsiz","8":"pa_tur-kitap","9":"pa_yayinevi-uyurgezer-kitap","10":"pa_yazar-jordi-sierra-i-fabra","12":"first","13":"instock","14":"sale","15":"shipping-taxable","16":"purchasable","17":"product-type-simple"},"_links":{"self":[{"href":"https:\/\/roveyayinevi.com.tr\/index.php\/wp-json\/wp\/v2\/product\/737510","targetHints":{"allow":["GET"]}}],"collection":[{"href":"https:\/\/roveyayinevi.com.tr\/index.php\/wp-json\/wp\/v2\/product"}],"about":[{"href":"https:\/\/roveyayinevi.com.tr\/index.php\/wp-json\/wp\/v2\/types\/product"}],"wp:attachment":[{"href":"https:\/\/roveyayinevi.com.tr\/index.php\/wp-json\/wp\/v2\/media?parent=737510"}],"wp:term":[{"taxonomy":"product_brand","embeddable":true,"href":"https:\/\/roveyayinevi.com.tr\/index.php\/wp-json\/wp\/v2\/product_brand?post=737510"},{"taxonomy":"product_cat","embeddable":true,"href":"https:\/\/roveyayinevi.com.tr\/index.php\/wp-json\/wp\/v2\/product_cat?post=737510"},{"taxonomy":"product_tag","embeddable":true,"href":"https:\/\/roveyayinevi.com.tr\/index.php\/wp-json\/wp\/v2\/product_tag?post=737510"}],"curies":[{"name":"wp","href":"https:\/\/api.w.org\/{rel}","templated":true}]}}