{"id":737505,"date":"2025-08-27T23:30:22","date_gmt":"2025-08-27T20:30:22","guid":{"rendered":"https:\/\/roveyayinevi.com.tr\/index.php\/urun\/otizm-spektrum-bozuklugu-ve-sosyal-beceri-ogretimi\/"},"modified":"2026-04-16T02:46:55","modified_gmt":"2026-04-15T23:46:55","slug":"otizm-spektrum-bozuklugu-ve-sosyal-beceri-ogretimi","status":"publish","type":"product","link":"https:\/\/roveyayinevi.com.tr\/index.php\/urun\/otizm-spektrum-bozuklugu-ve-sosyal-beceri-ogretimi\/","title":{"rendered":"Otizm Spektrum Bozuklu\u011fu Ve Sosyal Beceri \u00d6\u011fretimi"},"content":{"rendered":"<p>Do\u011fumdan itibaren sosyal bir \u00e7evre i\u00e7ine giren bireyler bulundu\u011fu bu \u00e7evrede kendilerini hayata haz\u0131rlayacak ve ya\u015fam\u0131n\u0131 devam ettirmesini sa\u011flayacak uygun davran\u0131\u015f ve becerileri edinirler. Bu davran\u0131\u015f ve becerileri edinmeye \u00e7al\u0131\u015f\u0131rken i\u00e7inde bulunduklar\u0131 ve ya\u015famlar\u0131 s\u00fcresince de i\u00e7inde yer alacaklar\u0131 her sosyal ortam\u0131n kendine has olan \u00f6zellikleri ve kurallar\u0131n\u0131 da \u00f6\u011frenmeleri gerekir. Bireyler de bu kurallara uyarak asl\u0131nda toplumsal uyumu sa\u011flamaktad\u0131rlar. Kabul edilebilir bir sosyal davran\u0131\u015f ortaya koymak, bulundu\u011fu sosyal ortama uyum sa\u011flamak, olumlu sosyal ili\u015fkiler kurmak bu ili\u015fkiyi s\u00fcrd\u00fcrebilmek i\u00e7in; bireyin de\u011fi\u015fen sosyal \u00e7evreyi g\u00f6zlemleyerek uygun davran\u0131\u015flarda bulunmas\u0131 gerekmektedir. Bireylerin uygun davran\u0131\u015flarda bulunmas\u0131 \u00f6\u011frenece\u011fi bir\u00e7ok beceri ve davran\u0131\u015fla m\u00fcmk\u00fcnd\u00fcr.   Sosyal beceriler bireyin hayat\u0131n\u0131n her alan\u0131nda di\u011fer bireylerle olumlu etkile\u015fim ve ileti\u015fim kurmas\u0131 i\u00e7in gerekli becerilerdir. Bireyin ayn\u0131 zamanda sahip oldu\u011fu sosyal becerileri uygun yer, zaman ve uygun durumlarda kullanabilme yetene\u011fini de edinmi\u015f olmas\u0131 gerekmektedir. Bu anlamda sosyal becerilerin \u00f6\u011frenilmesi olduk\u00e7a \u00f6nemli ve bir o kadar da gerekli g\u00f6r\u00fcnmektedir. Sosyal becerilerdeki yetersizlikler, otizm spektrum bozuklu\u011funun (OSB) ay\u0131rt edici bir \u00f6zelli\u011fidir. Bu bilgiler \u0131\u015f\u0131\u011f\u0131nda kitab\u0131m\u0131zda OSB ile ilgili en son geli\u015fmeleri de dikkate alarak, OSB, sosyal yeterlik, sosyal beceriler ve sosyal becerilerin \u00f6\u011fretilmesinde kullan\u0131labilecek kan\u0131ta dayal\u0131 m\u00fcdahalelere ili\u015fkin derinlemesine bilgi vermeyi ama\u00e7lad\u0131k.<\/p>\n","protected":false},"excerpt":{"rendered":"<p>Do\u011fumdan itibaren sosyal bir \u00e7evre i\u00e7ine giren bireyler bulundu\u011fu bu \u00e7evrede kendilerini hayata haz\u0131rlayacak ve ya\u015fam\u0131n\u0131 devam ettirmesini sa\u011flayacak uygun davran\u0131\u015f ve becerileri edinirler. Bu davran\u0131\u015f<span class=\"excerpt-hellip\"> [\u2026]<\/span><\/p>\n","protected":false},"featured_media":0,"template":"","meta":{"_monsterinsights_skip_tracking":false,"_monsterinsights_sitenote_active":false,"_monsterinsights_sitenote_note":"","_monsterinsights_sitenote_category":0},"product_brand":[],"product_cat":[12573,12566],"product_tag":[],"class_list":{"0":"post-737505","1":"product","2":"type-product","3":"status-publish","5":"product_cat-akademik-kitaplar","6":"product_cat-egitim","7":"pa_cilt-ciltsiz","8":"pa_tur-kitap","9":"pa_yayinevi-egiten-kitap","10":"pa_yazar-cimen-acar-sunagul-sani-bozkurt","12":"first","13":"instock","14":"sale","15":"shipping-taxable","16":"purchasable","17":"product-type-simple"},"_links":{"self":[{"href":"https:\/\/roveyayinevi.com.tr\/index.php\/wp-json\/wp\/v2\/product\/737505","targetHints":{"allow":["GET"]}}],"collection":[{"href":"https:\/\/roveyayinevi.com.tr\/index.php\/wp-json\/wp\/v2\/product"}],"about":[{"href":"https:\/\/roveyayinevi.com.tr\/index.php\/wp-json\/wp\/v2\/types\/product"}],"wp:attachment":[{"href":"https:\/\/roveyayinevi.com.tr\/index.php\/wp-json\/wp\/v2\/media?parent=737505"}],"wp:term":[{"taxonomy":"product_brand","embeddable":true,"href":"https:\/\/roveyayinevi.com.tr\/index.php\/wp-json\/wp\/v2\/product_brand?post=737505"},{"taxonomy":"product_cat","embeddable":true,"href":"https:\/\/roveyayinevi.com.tr\/index.php\/wp-json\/wp\/v2\/product_cat?post=737505"},{"taxonomy":"product_tag","embeddable":true,"href":"https:\/\/roveyayinevi.com.tr\/index.php\/wp-json\/wp\/v2\/product_tag?post=737505"}],"curies":[{"name":"wp","href":"https:\/\/api.w.org\/{rel}","templated":true}]}}