{"id":737501,"date":"2025-08-27T23:30:19","date_gmt":"2025-08-27T20:30:19","guid":{"rendered":"https:\/\/roveyayinevi.com.tr\/index.php\/urun\/erken-cocukluk-egitimi-politikalari\/"},"modified":"2026-04-13T02:54:43","modified_gmt":"2026-04-12T23:54:43","slug":"erken-cocukluk-egitimi-politikalari","status":"publish","type":"product","link":"https:\/\/roveyayinevi.com.tr\/index.php\/urun\/erken-cocukluk-egitimi-politikalari\/","title":{"rendered":"Erken \u00c7ocukluk E\u011fitimi Politikalar\u0131"},"content":{"rendered":"<p>T\u00fcrkiye\u2019de \u00d6zellikle Son Otuz Y\u0131lda \u00d6\u011fretmen Yeti\u015ftirme, Hizmet \u0130\u00e7i E\u011fitimler, Kurumlar\u0131n Say\u0131s\u0131 Ve \u00c7e\u015fitlili\u011fi, Meb Okul \u00d6ncesi E\u011fitim Programlar\u0131 Ve Yay\u0131nlar Ba\u015fta Olmak \u00dczere Farkl\u0131 Alanlardaki \u00c7al\u0131\u015fmalar Ve Geli\u015fmeler Dikkat \u00c7ekmektedir. \u00c7e\u015fitli Ara\u015ft\u0131rmalar Do\u011frultusunda, Ya\u015fam\u0131n \u0130lk Y\u0131llar\u0131ndaki E\u011fitiminin \u00d6nemi Ortaya Konmu\u015ftur. Art\u0131k Biliyoruz Ki Okul \u00d6ncesi E\u011fitim, \u0130lkokula Haz\u0131rl\u0131\u011f\u0131n \u00c7ok \u00d6tesinde, \u00c7ocuklar\u0131n Ya\u015fam Boyu \u0130yi Olu\u015funu Etkileyerek T\u00fcm Toplum \u0130\u00e7in Katma De\u011fer Yaratmaktad\u0131r. Bu Nedenle Politikalar\u0131n Olu\u015fturulmas\u0131na Ve S\u00fcreklili\u011finin Sa\u011flanmas\u0131 Kritik Bir \u00d6nem Ta\u015f\u0131maktad\u0131r. Kamu Ve \u00d6zel Sekt\u00f6re Ba\u011fl\u0131 Kurum Ve Kurulu\u015flar, Stk\u2019lar, Belediyeler Ve \u00dcniversiteler Ba\u015fta Olmak \u00dczere K\u00fc\u00e7\u00fck \u00c7ocuklar\u0131n E\u011fitimine Y\u00f6nelik \u00c7al\u0131\u015fmalarda, Giri\u015fimlerde Bulunan T\u00fcm Birimler, \u0130\u015f Birli\u011fi \u0130\u00e7inde \u00c7al\u0131\u015farak Okul \u00d6ncesine \u0130li\u015fkin Politikalar\u0131n Olu\u015fturulmas\u0131na Katk\u0131 Sunmaktad\u0131r. Erken \u00c7ocukluk E\u011fitimi Politikalar\u0131 Kitab\u0131 Kapsam\u0131nda Erken \u00c7ocukluk E\u011fitimi, Okul \u00d6ncesi E\u011fitim Kavramlar\u0131, Erken M\u00fcdahale, \u00c7ocuk Haklar\u0131, T\u00fcrkiye\u2019de Okul \u00d6ncesi E\u011fitim, \u00c7ocuk Bak\u0131m Hizmetleri, E\u011fitimciler, Aileler, Risk Alt\u0131ndaki \u00c7ocuklar, \u00d6zel E\u011fitim, Farkl\u0131 \u00dclkelerdeki Erken \u00c7ocukluk E\u011fitimi Politikalar\u0131, Erken \u00c7ocukluk E\u011fitimi Politikalar\u0131nda \u00d6nc\u00fc Kurulu\u015flar, \u00c7ok K\u00fclt\u00fcrl\u00fcl\u00fck, Kalite, Uzaktan E\u011fitim Konular\u0131 Ele Al\u0131nm\u0131\u015ft\u0131r.<\/p>\n","protected":false},"excerpt":{"rendered":"<p>T\u00fcrkiye\u2019de \u00d6zellikle Son Otuz Y\u0131lda \u00d6\u011fretmen Yeti\u015ftirme, Hizmet \u0130\u00e7i E\u011fitimler, Kurumlar\u0131n Say\u0131s\u0131 Ve \u00c7e\u015fitlili\u011fi, Meb Okul \u00d6ncesi E\u011fitim Programlar\u0131 Ve Yay\u0131nlar Ba\u015fta Olmak \u00dczere Farkl\u0131 Alanlardaki<span class=\"excerpt-hellip\"> [\u2026]<\/span><\/p>\n","protected":false},"featured_media":0,"template":"","meta":{"_monsterinsights_skip_tracking":false,"_monsterinsights_sitenote_active":false,"_monsterinsights_sitenote_note":"","_monsterinsights_sitenote_category":0},"product_brand":[],"product_cat":[12573,12566],"product_tag":[],"class_list":{"0":"post-737501","1":"product","2":"type-product","3":"status-publish","5":"product_cat-akademik-kitaplar","6":"product_cat-egitim","7":"pa_cilt-ciltsiz","8":"pa_tur-kitap","9":"pa_yayinevi-egiten-kitap","10":"pa_yazar-hulya-gulay-ogelman-seda-sarac","12":"first","13":"instock","14":"sale","15":"shipping-taxable","16":"purchasable","17":"product-type-simple"},"_links":{"self":[{"href":"https:\/\/roveyayinevi.com.tr\/index.php\/wp-json\/wp\/v2\/product\/737501","targetHints":{"allow":["GET"]}}],"collection":[{"href":"https:\/\/roveyayinevi.com.tr\/index.php\/wp-json\/wp\/v2\/product"}],"about":[{"href":"https:\/\/roveyayinevi.com.tr\/index.php\/wp-json\/wp\/v2\/types\/product"}],"wp:attachment":[{"href":"https:\/\/roveyayinevi.com.tr\/index.php\/wp-json\/wp\/v2\/media?parent=737501"}],"wp:term":[{"taxonomy":"product_brand","embeddable":true,"href":"https:\/\/roveyayinevi.com.tr\/index.php\/wp-json\/wp\/v2\/product_brand?post=737501"},{"taxonomy":"product_cat","embeddable":true,"href":"https:\/\/roveyayinevi.com.tr\/index.php\/wp-json\/wp\/v2\/product_cat?post=737501"},{"taxonomy":"product_tag","embeddable":true,"href":"https:\/\/roveyayinevi.com.tr\/index.php\/wp-json\/wp\/v2\/product_tag?post=737501"}],"curies":[{"name":"wp","href":"https:\/\/api.w.org\/{rel}","templated":true}]}}