{"id":737500,"date":"2025-08-27T23:30:18","date_gmt":"2025-08-27T20:30:18","guid":{"rendered":"https:\/\/roveyayinevi.com.tr\/index.php\/urun\/ozel-gereksinimli-cocugu-olan-anne-baba-el-kitabi-serisi-coklu-yetersizlik\/"},"modified":"2026-04-16T02:46:54","modified_gmt":"2026-04-15T23:46:54","slug":"ozel-gereksinimli-cocugu-olan-anne-baba-el-kitabi-serisi-coklu-yetersizlik","status":"publish","type":"product","link":"https:\/\/roveyayinevi.com.tr\/index.php\/urun\/ozel-gereksinimli-cocugu-olan-anne-baba-el-kitabi-serisi-coklu-yetersizlik\/","title":{"rendered":"\u00d6zel Gereksinimli \u00c7ocu\u011fu Olan Anne \u2013 Baba El Kitab\u0131 Serisi  &#8211; \u00c7oklu Yetersizlik"},"content":{"rendered":"<p>\u00c7oklu yetersizlik durumu bireylerin ve ailelerinin ya\u015fant\u0131lar\u0131n\u0131 yo\u011fun bir \u015fekilde etkilemektedir. Aileler \u00e7ocuklar\u0131nda birden fazla yetersizlik oldu\u011funu \u00f6\u011frendiklerinde ve ilerleyen s\u00fcre\u00e7lerde deneyim ve g\u00f6zlemleri yok ise ne yapacaklar\u0131n\u0131, nas\u0131l yapacaklar\u0131n\u0131, haklar\u0131n\u0131, \u00e7ocuklar\u0131na nas\u0131l davranacaklar\u0131n\u0131, e\u011fitim-\u00f6\u011fretim faaliyetlerini nas\u0131l destekleyeceklerini bilememekte ve uzman bir yol g\u00f6stericiye ihtiya\u00e7 duymaktad\u0131rlar.   Bu ba\u011flamda bu kitap ailelere ve \u00f6\u011fretmen yard\u0131mc\u0131lar\u0131na yol g\u00f6sterecek pratik ve g\u00fcncel bilgileri i\u00e7ermektedir.<\/p>\n","protected":false},"excerpt":{"rendered":"<p>\u00c7oklu yetersizlik durumu bireylerin ve ailelerinin ya\u015fant\u0131lar\u0131n\u0131 yo\u011fun bir \u015fekilde etkilemektedir. Aileler \u00e7ocuklar\u0131nda birden fazla yetersizlik oldu\u011funu \u00f6\u011frendiklerinde ve ilerleyen s\u00fcre\u00e7lerde deneyim ve g\u00f6zlemleri yok ise<span class=\"excerpt-hellip\"> [\u2026]<\/span><\/p>\n","protected":false},"featured_media":0,"template":"","meta":{"_monsterinsights_skip_tracking":false,"_monsterinsights_sitenote_active":false,"_monsterinsights_sitenote_note":"","_monsterinsights_sitenote_category":0},"product_brand":[],"product_cat":[12573,12566],"product_tag":[],"class_list":{"0":"post-737500","1":"product","2":"type-product","3":"status-publish","5":"product_cat-akademik-kitaplar","6":"product_cat-egitim","7":"pa_cilt-ciltsiz","8":"pa_tur-kitap","9":"pa_yayinevi-egiten-kitap","10":"pa_yazar-a-emel-sardohan-yildirim-muzeyyen-eldeniz-cetin","12":"first","13":"instock","14":"sale","15":"shipping-taxable","16":"purchasable","17":"product-type-simple"},"_links":{"self":[{"href":"https:\/\/roveyayinevi.com.tr\/index.php\/wp-json\/wp\/v2\/product\/737500","targetHints":{"allow":["GET"]}}],"collection":[{"href":"https:\/\/roveyayinevi.com.tr\/index.php\/wp-json\/wp\/v2\/product"}],"about":[{"href":"https:\/\/roveyayinevi.com.tr\/index.php\/wp-json\/wp\/v2\/types\/product"}],"wp:attachment":[{"href":"https:\/\/roveyayinevi.com.tr\/index.php\/wp-json\/wp\/v2\/media?parent=737500"}],"wp:term":[{"taxonomy":"product_brand","embeddable":true,"href":"https:\/\/roveyayinevi.com.tr\/index.php\/wp-json\/wp\/v2\/product_brand?post=737500"},{"taxonomy":"product_cat","embeddable":true,"href":"https:\/\/roveyayinevi.com.tr\/index.php\/wp-json\/wp\/v2\/product_cat?post=737500"},{"taxonomy":"product_tag","embeddable":true,"href":"https:\/\/roveyayinevi.com.tr\/index.php\/wp-json\/wp\/v2\/product_tag?post=737500"}],"curies":[{"name":"wp","href":"https:\/\/api.w.org\/{rel}","templated":true}]}}