{"id":737499,"date":"2025-08-27T23:30:17","date_gmt":"2025-08-27T20:30:17","guid":{"rendered":"https:\/\/roveyayinevi.com.tr\/index.php\/urun\/drama-ve-cocuk\/"},"modified":"2026-04-16T02:46:54","modified_gmt":"2026-04-15T23:46:54","slug":"drama-ve-cocuk","status":"publish","type":"product","link":"https:\/\/roveyayinevi.com.tr\/index.php\/urun\/drama-ve-cocuk\/","title":{"rendered":"Drama Ve \u00c7ocuk"},"content":{"rendered":"<p>Draman\u0131n \u00e7ocuklar ad\u0131na yarat\u0131c\u0131 olma, yeni bir \u015feyler \u00fcretme, d\u00fc\u015f\u00fcnme becerilerini destekleme, grupla \u00e7al\u0131\u015farak i\u015f birli\u011fi ve ileti\u015fimi g\u00fc\u00e7lendirme, farkl\u0131 konular\u0131 kal\u0131c\u0131 olarak \u00f6\u011frenme gibi kazan\u0131mlar\u0131, onu her erken \u00e7ocukluk e\u011fitimcisinin haberdar olmas\u0131 gereken, s\u0131n\u0131flar\u0131nda d\u00fczenli ve do\u011fru bir \u015fekilde uygulamalar\u0131n\u0131 zorunlu h\u00e2le getiren bir konuma yerle\u015ftirmektedir. Yap\u0131lan baz\u0131 ara\u015ft\u0131rmalar erken \u00e7ocukluk e\u011fitimcilerinin draman\u0131n de\u011ferinin ve \u00f6neminin fark\u0131nda olduklar\u0131n\u0131 ancak uygulama konusunda yeterli bilgiye ve deneyime sahip olmad\u0131klar\u0131n\u0131 g\u00f6stermektedir.   Bu ba\u011flamda \u201cDrama ve \u00c7ocuk\u201d kitab\u0131nda erken \u00e7ocukluk e\u011fitimcilerinin belirttikleri bu bilgi eksiklerini bilimsel bir bak\u0131\u015f a\u00e7\u0131s\u0131yla desteklemek, etkinlik \u00f6rnekleriyle de uygulamaya ili\u015fkin yeterlilik d\u00fczeylerine katk\u0131 sa\u011flamak hedeflenmi\u015ftir.<\/p>\n","protected":false},"excerpt":{"rendered":"<p>Draman\u0131n \u00e7ocuklar ad\u0131na yarat\u0131c\u0131 olma, yeni bir \u015feyler \u00fcretme, d\u00fc\u015f\u00fcnme becerilerini destekleme, grupla \u00e7al\u0131\u015farak i\u015f birli\u011fi ve ileti\u015fimi g\u00fc\u00e7lendirme, farkl\u0131 konular\u0131 kal\u0131c\u0131 olarak \u00f6\u011frenme gibi kazan\u0131mlar\u0131,<span class=\"excerpt-hellip\"> [\u2026]<\/span><\/p>\n","protected":false},"featured_media":0,"template":"","meta":{"_monsterinsights_skip_tracking":false,"_monsterinsights_sitenote_active":false,"_monsterinsights_sitenote_note":"","_monsterinsights_sitenote_category":0},"product_brand":[],"product_cat":[12573,12566],"product_tag":[],"class_list":{"0":"post-737499","1":"product","2":"type-product","3":"status-publish","5":"product_cat-akademik-kitaplar","6":"product_cat-egitim","7":"pa_cilt-ciltsiz","8":"pa_tur-kitap","9":"pa_yayinevi-egiten-kitap","10":"pa_yazar-filiz-erbay-esra-omeroglu","12":"first","13":"instock","14":"sale","15":"shipping-taxable","16":"purchasable","17":"product-type-simple"},"_links":{"self":[{"href":"https:\/\/roveyayinevi.com.tr\/index.php\/wp-json\/wp\/v2\/product\/737499","targetHints":{"allow":["GET"]}}],"collection":[{"href":"https:\/\/roveyayinevi.com.tr\/index.php\/wp-json\/wp\/v2\/product"}],"about":[{"href":"https:\/\/roveyayinevi.com.tr\/index.php\/wp-json\/wp\/v2\/types\/product"}],"wp:attachment":[{"href":"https:\/\/roveyayinevi.com.tr\/index.php\/wp-json\/wp\/v2\/media?parent=737499"}],"wp:term":[{"taxonomy":"product_brand","embeddable":true,"href":"https:\/\/roveyayinevi.com.tr\/index.php\/wp-json\/wp\/v2\/product_brand?post=737499"},{"taxonomy":"product_cat","embeddable":true,"href":"https:\/\/roveyayinevi.com.tr\/index.php\/wp-json\/wp\/v2\/product_cat?post=737499"},{"taxonomy":"product_tag","embeddable":true,"href":"https:\/\/roveyayinevi.com.tr\/index.php\/wp-json\/wp\/v2\/product_tag?post=737499"}],"curies":[{"name":"wp","href":"https:\/\/api.w.org\/{rel}","templated":true}]}}