{"id":737495,"date":"2025-08-27T23:30:14","date_gmt":"2025-08-27T20:30:14","guid":{"rendered":"https:\/\/roveyayinevi.com.tr\/index.php\/urun\/cocuk-sosyolojisi-2\/"},"modified":"2026-04-16T02:46:54","modified_gmt":"2026-04-15T23:46:54","slug":"cocuk-sosyolojisi-2","status":"publish","type":"product","link":"https:\/\/roveyayinevi.com.tr\/index.php\/urun\/cocuk-sosyolojisi-2\/","title":{"rendered":"\u00c7ocuk Sosyolojisi"},"content":{"rendered":"<p>G\u00fcn\u00fcm\u00fczde \u00e7ocuk ve \u00e7ocukluk kavram\u0131 farkl\u0131 disiplinlerde \u00e7e\u015fitli boyutlarda tart\u0131\u015f\u0131larak ele al\u0131nmaktad\u0131r. Toplumun ende\u011ferli varl\u0131klar\u0131 olan \u00e7ocuklar sa\u011fl\u0131kl\u0131, \u00e7a\u011fda\u015f ve demokratik bir toplum i\u00e7erisinde ya\u015fam\u0131n\u0131 s\u00fcrd\u00fcrme hakk\u0131na sahiptir.Yeti\u015fkinlere nazaran \u00e7ocuklar\u0131n farkl\u0131 ilgi, ihtiya\u00e7, beklenti ve de\u011ferlerinin olmas\u0131 \u00e7ocuklar\u0131n toplum ile do\u011frudanili\u015fkilendirilmesi ihtiyac\u0131n\u0131 ortaya \u00e7\u0131karmaktad\u0131r.\u00dclkeler kendi politikalar\u0131 \u00e7er\u00e7evesinde \u00e7ocuklar\u0131n sa\u011fl\u0131kl\u0131 geli\u015fimi, e\u011fitimi, desteklenmesi ve korunmas\u0131 i\u00e7in her t\u00fcrl\u00fcd\u00fczenlemeleri yapmaktad\u0131rlar. \u00c7ocuk bu s\u00fcre\u00e7te toplumun kontrol\u00fc alt\u0131na al\u0131nmaktad\u0131r. \u00c7ocuk sosyalle\u015fme s\u00fcrecindeyoksulluk, istismara u\u011frama, su\u00e7a s\u00fcr\u00fcklenme, ihmal edilme gibi zor ya\u015fam \u015fartlar\u0131 ile ya\u015fam\u0131n\u0131 s\u00fcrd\u00fcrmek durumundakalabilmektedir.<\/p>\n","protected":false},"excerpt":{"rendered":"<p>G\u00fcn\u00fcm\u00fczde \u00e7ocuk ve \u00e7ocukluk kavram\u0131 farkl\u0131 disiplinlerde \u00e7e\u015fitli boyutlarda tart\u0131\u015f\u0131larak ele al\u0131nmaktad\u0131r. Toplumun ende\u011ferli varl\u0131klar\u0131 olan \u00e7ocuklar sa\u011fl\u0131kl\u0131, \u00e7a\u011fda\u015f ve demokratik bir toplum i\u00e7erisinde ya\u015fam\u0131n\u0131 s\u00fcrd\u00fcrme<span class=\"excerpt-hellip\"> [\u2026]<\/span><\/p>\n","protected":false},"featured_media":0,"template":"","meta":{"_monsterinsights_skip_tracking":false,"_monsterinsights_sitenote_active":false,"_monsterinsights_sitenote_note":"","_monsterinsights_sitenote_category":0},"product_brand":[],"product_cat":[12573,12566],"product_tag":[],"class_list":{"0":"post-737495","1":"product","2":"type-product","3":"status-publish","5":"product_cat-akademik-kitaplar","6":"product_cat-egitim","7":"pa_cilt-ciltsiz","8":"pa_tur-kitap","9":"pa_yayinevi-egiten-kitap","10":"pa_yazar-aysegul-ulutas-keskinkilic-oguz-emre","12":"first","13":"instock","14":"sale","15":"shipping-taxable","16":"purchasable","17":"product-type-simple"},"_links":{"self":[{"href":"https:\/\/roveyayinevi.com.tr\/index.php\/wp-json\/wp\/v2\/product\/737495","targetHints":{"allow":["GET"]}}],"collection":[{"href":"https:\/\/roveyayinevi.com.tr\/index.php\/wp-json\/wp\/v2\/product"}],"about":[{"href":"https:\/\/roveyayinevi.com.tr\/index.php\/wp-json\/wp\/v2\/types\/product"}],"wp:attachment":[{"href":"https:\/\/roveyayinevi.com.tr\/index.php\/wp-json\/wp\/v2\/media?parent=737495"}],"wp:term":[{"taxonomy":"product_brand","embeddable":true,"href":"https:\/\/roveyayinevi.com.tr\/index.php\/wp-json\/wp\/v2\/product_brand?post=737495"},{"taxonomy":"product_cat","embeddable":true,"href":"https:\/\/roveyayinevi.com.tr\/index.php\/wp-json\/wp\/v2\/product_cat?post=737495"},{"taxonomy":"product_tag","embeddable":true,"href":"https:\/\/roveyayinevi.com.tr\/index.php\/wp-json\/wp\/v2\/product_tag?post=737495"}],"curies":[{"name":"wp","href":"https:\/\/api.w.org\/{rel}","templated":true}]}}