{"id":737494,"date":"2025-08-27T23:30:13","date_gmt":"2025-08-27T20:30:13","guid":{"rendered":"https:\/\/roveyayinevi.com.tr\/index.php\/urun\/anadolu-masallarinda-kadin\/"},"modified":"2026-04-16T02:46:54","modified_gmt":"2026-04-15T23:46:54","slug":"anadolu-masallarinda-kadin","status":"publish","type":"product","link":"https:\/\/roveyayinevi.com.tr\/index.php\/urun\/anadolu-masallarinda-kadin\/","title":{"rendered":"Anadolu Masallar\u0131nda Kad\u0131n"},"content":{"rendered":"<p>\u00c7al\u0131\u015fman\u0131n \u00e7\u0131k\u0131\u015f noktas\u0131 olan masallar\u0131n tan\u0131mlar\u0131, \u00f6zellikleri ve masallarda yer alan sembolik tipler hakk\u0131nda bir\u00e7ok kaynaktan yola \u00e7\u0131k\u0131larak genel bilgi verilmi\u015ftir. Masallarda tespit edilen kad\u0131n tipleri, T\u00fcrk \u00f6rf\u00fc ve inan\u00e7 sistemi g\u00f6z ard\u0131 edilmeksizin psikanalitik a\u00e7\u0131dan tahlil edilmeye \u00e7al\u0131\u015f\u0131lm\u0131\u015f, son olarak da masallarda fizik, ahlak ve ak\u0131l a\u00e7\u0131s\u0131ndan aranan ideal kad\u0131n tipleri hakk\u0131nda \u00f6rneklerle bilgi verilmi\u015ftir. Yap\u0131lan \u00e7al\u0131\u015fmalar sonucunda Anadolu masallar\u0131nda tespit edilen kad\u0131n tiplerinin pasif, her \u015feye boyun e\u011fen tipler olmad\u0131klar\u0131, ak\u0131llar\u0131, becerileri ve cesaretleriyle sorunlarla ba\u015f edip kendi ayaklar\u0131 \u00fczerinde durabildikleri tespit edilmi\u015ftir. Bu bak\u0131mdan T\u00fcrk k\u00fclt\u00fcr ve ya\u015fay\u0131\u015f\u0131nda kad\u0131nlar\u0131n olduk\u00e7a \u00f6nemli bir konuma sahip olduklar\u0131n\u0131 s\u00f6yleyebiliriz.<\/p>\n","protected":false},"excerpt":{"rendered":"<p>\u00c7al\u0131\u015fman\u0131n \u00e7\u0131k\u0131\u015f noktas\u0131 olan masallar\u0131n tan\u0131mlar\u0131, \u00f6zellikleri ve masallarda yer alan sembolik tipler hakk\u0131nda bir\u00e7ok kaynaktan yola \u00e7\u0131k\u0131larak genel bilgi verilmi\u015ftir. Masallarda tespit edilen kad\u0131n tipleri,<span class=\"excerpt-hellip\"> [\u2026]<\/span><\/p>\n","protected":false},"featured_media":0,"template":"","meta":{"_monsterinsights_skip_tracking":false,"_monsterinsights_sitenote_active":false,"_monsterinsights_sitenote_note":"","_monsterinsights_sitenote_category":0},"product_brand":[],"product_cat":[12573,12566],"product_tag":[],"class_list":{"0":"post-737494","1":"product","2":"type-product","3":"status-publish","5":"product_cat-akademik-kitaplar","6":"product_cat-egitim","7":"pa_cilt-ciltsiz","8":"pa_tur-kitap","9":"pa_yayinevi-egiten-kitap","10":"pa_yazar-sevim-ciftci","12":"first","13":"instock","14":"sale","15":"shipping-taxable","16":"purchasable","17":"product-type-simple"},"_links":{"self":[{"href":"https:\/\/roveyayinevi.com.tr\/index.php\/wp-json\/wp\/v2\/product\/737494","targetHints":{"allow":["GET"]}}],"collection":[{"href":"https:\/\/roveyayinevi.com.tr\/index.php\/wp-json\/wp\/v2\/product"}],"about":[{"href":"https:\/\/roveyayinevi.com.tr\/index.php\/wp-json\/wp\/v2\/types\/product"}],"wp:attachment":[{"href":"https:\/\/roveyayinevi.com.tr\/index.php\/wp-json\/wp\/v2\/media?parent=737494"}],"wp:term":[{"taxonomy":"product_brand","embeddable":true,"href":"https:\/\/roveyayinevi.com.tr\/index.php\/wp-json\/wp\/v2\/product_brand?post=737494"},{"taxonomy":"product_cat","embeddable":true,"href":"https:\/\/roveyayinevi.com.tr\/index.php\/wp-json\/wp\/v2\/product_cat?post=737494"},{"taxonomy":"product_tag","embeddable":true,"href":"https:\/\/roveyayinevi.com.tr\/index.php\/wp-json\/wp\/v2\/product_tag?post=737494"}],"curies":[{"name":"wp","href":"https:\/\/api.w.org\/{rel}","templated":true}]}}