{"id":737493,"date":"2025-08-27T23:30:12","date_gmt":"2025-08-27T20:30:12","guid":{"rendered":"https:\/\/roveyayinevi.com.tr\/index.php\/urun\/atesbocekleri\/"},"modified":"2026-04-16T02:46:54","modified_gmt":"2026-04-15T23:46:54","slug":"atesbocekleri","status":"publish","type":"product","link":"https:\/\/roveyayinevi.com.tr\/index.php\/urun\/atesbocekleri\/","title":{"rendered":"Ate\u015fb\u00f6cekleri"},"content":{"rendered":"<p>G\u00fclce anneannesinin masallar\u0131na bay\u0131l\u0131r. Atlarla, ku\u015flarla, ate\u015fb\u00f6cekleriyle doludur onun masallar\u0131. Karl\u0131 k\u0131\u015fl\u0131, f\u0131rt\u0131nal\u0131 maceralara g\u00f6t\u00fcr\u00fcr. Ah bir de her dinleyi\u015finde ku\u015fkulan\u0131r G\u00fclce, acaba anneannesinin anlatt\u0131klar\u0131 ger\u00e7ekten masal m\u0131d\u0131r yoksa \u00e7ocuklu\u011fundan birer an\u0131 m\u0131?   Yarat\u0131c\u0131 d\u00fc\u015f\u00fcnme \u00fczerine \u00e7al\u0131\u015fan ve yazd\u0131\u011f\u0131 kitaplar\u0131yla \u00e7ok sevilen yazar Eda Albayrak, okul d\u00f6nemindeki \u00e7ocuklar i\u00e7in kaleme ald\u0131\u011f\u0131 Ate\u015fb\u00f6cekleri\u2019nde bu kez \u00f6yk\u00fcyle i\u00e7 i\u00e7e ge\u00e7en masallar anlat\u0131yor. G\u00fclce\u2019nin anneannesinden dinledi\u011fi \u00fc\u00e7 masal\u0131 da i\u00e7eren bu \u00f6yk\u00fc kitab\u0131, nesiller aras\u0131 ileti\u015fimin g\u00fczel bir \u00f6rne\u011fi olma \u00f6zelli\u011fi ta\u015f\u0131yor. <\/p>\n","protected":false},"excerpt":{"rendered":"<p>G\u00fclce anneannesinin masallar\u0131na bay\u0131l\u0131r. Atlarla, ku\u015flarla, ate\u015fb\u00f6cekleriyle doludur onun masallar\u0131. Karl\u0131 k\u0131\u015fl\u0131, f\u0131rt\u0131nal\u0131 maceralara g\u00f6t\u00fcr\u00fcr. Ah bir de her dinleyi\u015finde ku\u015fkulan\u0131r G\u00fclce, acaba anneannesinin anlatt\u0131klar\u0131 ger\u00e7ekten<span class=\"excerpt-hellip\"> [\u2026]<\/span><\/p>\n","protected":false},"featured_media":0,"template":"","meta":{"_monsterinsights_skip_tracking":false,"_monsterinsights_sitenote_active":false,"_monsterinsights_sitenote_note":"","_monsterinsights_sitenote_category":0},"product_brand":[],"product_cat":[12275,12274],"product_tag":[],"class_list":{"0":"post-737493","1":"product","2":"type-product","3":"status-publish","5":"product_cat-6-12-yas-kitaplari","6":"product_cat-cocuk-ve-genclik-kitaplari","7":"pa_cilt-ciltsiz","8":"pa_tur-kitap","9":"pa_yayinevi-redhouse-kidz-yayinlari","10":"pa_yazar-eda-albayrak","12":"first","13":"instock","14":"sale","15":"shipping-taxable","16":"purchasable","17":"product-type-simple"},"_links":{"self":[{"href":"https:\/\/roveyayinevi.com.tr\/index.php\/wp-json\/wp\/v2\/product\/737493","targetHints":{"allow":["GET"]}}],"collection":[{"href":"https:\/\/roveyayinevi.com.tr\/index.php\/wp-json\/wp\/v2\/product"}],"about":[{"href":"https:\/\/roveyayinevi.com.tr\/index.php\/wp-json\/wp\/v2\/types\/product"}],"wp:attachment":[{"href":"https:\/\/roveyayinevi.com.tr\/index.php\/wp-json\/wp\/v2\/media?parent=737493"}],"wp:term":[{"taxonomy":"product_brand","embeddable":true,"href":"https:\/\/roveyayinevi.com.tr\/index.php\/wp-json\/wp\/v2\/product_brand?post=737493"},{"taxonomy":"product_cat","embeddable":true,"href":"https:\/\/roveyayinevi.com.tr\/index.php\/wp-json\/wp\/v2\/product_cat?post=737493"},{"taxonomy":"product_tag","embeddable":true,"href":"https:\/\/roveyayinevi.com.tr\/index.php\/wp-json\/wp\/v2\/product_tag?post=737493"}],"curies":[{"name":"wp","href":"https:\/\/api.w.org\/{rel}","templated":true}]}}