{"id":737490,"date":"2025-08-27T23:30:09","date_gmt":"2025-08-27T20:30:09","guid":{"rendered":"https:\/\/roveyayinevi.com.tr\/index.php\/urun\/yapay-sen-yapay-zeka-ve-zihnin-gelecegi\/"},"modified":"2026-04-16T02:46:54","modified_gmt":"2026-04-15T23:46:54","slug":"yapay-sen-yapay-zeka-ve-zihnin-gelecegi","status":"publish","type":"product","link":"https:\/\/roveyayinevi.com.tr\/index.php\/urun\/yapay-sen-yapay-zeka-ve-zihnin-gelecegi\/","title":{"rendered":"Yapay Sen Yapay Zeka ve Zihnin Gelece\u011fi"},"content":{"rendered":"<p>\u0130nsanlar k\u0131sa vadede d\u00fcnyan\u0131n en zeki t\u00fcr\u00fc olmaktan \u00e7\u0131kabilir. Yapay zek\u00e2 \u00e7al\u0131\u015fmalar\u0131ndaki ilerleme h\u0131z\u0131 g\u00f6z \u00f6n\u00fcne al\u0131nd\u0131\u011f\u0131nda \u00e7ok yak\u0131n bir gelecekte insan seviyesinden daha y\u00fcksek bir zek\u00e2 ve yeni nesil yapay zek\u00e2lar\u0131n ortaya \u00e7\u0131kabilece\u011fi tahmin ediliyor. Peki bu geli\u015fmelerin zihnin gelece\u011fi i\u00e7in anlam\u0131 nedir?   Yapay Sen\u2019de Susan Schneider, yapay zek\u00e2n\u0131n yeni y\u00f6nlere do\u011fru yol almas\u0131 ka\u00e7\u0131n\u0131lmaz olsa da ileriye do\u011fru mant\u0131kl\u0131 bir yol haritas\u0131 \u00e7izmenin elimizde oldu\u011funu; yapay zek\u00e2 teknolojisi beyni yeniden \u015fekillendirirken ve potansiyel olarak makine zihinleri yarat\u0131rken \u00e7ok dikkatli olmam\u0131z gerekti\u011fini s\u00f6yl\u00fcyor. Zira Homo sapiens, zihin tasar\u0131mc\u0131lar\u0131 olarak, nas\u0131l kullanaca\u011f\u0131n\u0131 tam olarak bilmedi\u011fi \u201cara\u00e7\u201dlarla, yani benlik, zihin ve bilin\u00e7le oynayacak. Ancak Schneider\u2019a g\u00f6re bunlar\u0131n do\u011fas\u0131n\u0131n yetersiz bir \u015fekilde kavranmas\u0131, yapay zek\u00e2 ve beyin geli\u015ftirme teknolojisinin kullan\u0131m\u0131na zarar verebilir, hatta bilin\u00e7li varl\u0131klar\u0131n yok olmas\u0131na ya da ac\u0131 \u00e7ekmesine neden olabilir. Dolay\u0131s\u0131yla, algoritmalar\u0131n alt\u0131nda yatan felsefi meseleleri kavramak zorunday\u0131z.   Robotlar ger\u00e7ekten bilin\u00e7li olabilir mi? Elon Musk ve Ray Kurzweil gibi teknoloji liderlerinin ileri s\u00fcrd\u00fc\u011f\u00fc gibi yapay zek\u00e2yla birle\u015febilir miyiz? Zihin sadece bir program m\u0131d\u0131r? Bilin\u00e7, karma\u015f\u0131k zek\u00e2n\u0131n ka\u00e7\u0131n\u0131lmaz bir yan \u00fcr\u00fcn\u00fc m\u00fcd\u00fcr? Zihin tasar\u0131m\u0131n\u0131n genel tehlikeleri nelerdir? Yapay zek\u00e2ya dair bu zorlu sorulara yan\u0131t arayan Yapay Sen, cesur yeni d\u00fcnyam\u0131zdaki seyrimizin nas\u0131l olaca\u011f\u0131n\u0131 merak eden okurlar i\u00e7in kapsaml\u0131 bir ara\u015ft\u0131rma sunuyor.<\/p>\n","protected":false},"excerpt":{"rendered":"<p>\u0130nsanlar k\u0131sa vadede d\u00fcnyan\u0131n en zeki t\u00fcr\u00fc olmaktan \u00e7\u0131kabilir. Yapay zek\u00e2 \u00e7al\u0131\u015fmalar\u0131ndaki ilerleme h\u0131z\u0131 g\u00f6z \u00f6n\u00fcne al\u0131nd\u0131\u011f\u0131nda \u00e7ok yak\u0131n bir gelecekte insan seviyesinden daha y\u00fcksek bir<span class=\"excerpt-hellip\"> [\u2026]<\/span><\/p>\n","protected":false},"featured_media":0,"template":"","meta":{"_monsterinsights_skip_tracking":false,"_monsterinsights_sitenote_active":false,"_monsterinsights_sitenote_note":"","_monsterinsights_sitenote_category":0},"product_brand":[],"product_cat":[16038,12388],"product_tag":[],"class_list":{"0":"post-737490","1":"product","2":"type-product","3":"status-publish","5":"product_cat-arastirma-inceleme-referans-felsefe","6":"product_cat-felsefe","7":"pa_cilt-ciltsiz","8":"pa_tur-kitap","9":"pa_yayinevi-tellekt","10":"pa_yazar-susan-schneider","12":"first","13":"instock","14":"sale","15":"shipping-taxable","16":"purchasable","17":"product-type-simple"},"_links":{"self":[{"href":"https:\/\/roveyayinevi.com.tr\/index.php\/wp-json\/wp\/v2\/product\/737490","targetHints":{"allow":["GET"]}}],"collection":[{"href":"https:\/\/roveyayinevi.com.tr\/index.php\/wp-json\/wp\/v2\/product"}],"about":[{"href":"https:\/\/roveyayinevi.com.tr\/index.php\/wp-json\/wp\/v2\/types\/product"}],"wp:attachment":[{"href":"https:\/\/roveyayinevi.com.tr\/index.php\/wp-json\/wp\/v2\/media?parent=737490"}],"wp:term":[{"taxonomy":"product_brand","embeddable":true,"href":"https:\/\/roveyayinevi.com.tr\/index.php\/wp-json\/wp\/v2\/product_brand?post=737490"},{"taxonomy":"product_cat","embeddable":true,"href":"https:\/\/roveyayinevi.com.tr\/index.php\/wp-json\/wp\/v2\/product_cat?post=737490"},{"taxonomy":"product_tag","embeddable":true,"href":"https:\/\/roveyayinevi.com.tr\/index.php\/wp-json\/wp\/v2\/product_tag?post=737490"}],"curies":[{"name":"wp","href":"https:\/\/api.w.org\/{rel}","templated":true}]}}