{"id":737485,"date":"2025-08-27T23:30:03","date_gmt":"2025-08-27T20:30:03","guid":{"rendered":"https:\/\/roveyayinevi.com.tr\/index.php\/urun\/cocugunuz-hastalandiginda-ne-yapmalisiniz\/"},"modified":"2026-04-16T02:46:54","modified_gmt":"2026-04-15T23:46:54","slug":"cocugunuz-hastalandiginda-ne-yapmalisiniz","status":"publish","type":"product","link":"https:\/\/roveyayinevi.com.tr\/index.php\/urun\/cocugunuz-hastalandiginda-ne-yapmalisiniz\/","title":{"rendered":"\u00c7ocu\u011funuz Hastaland\u0131\u011f\u0131nda Ne Yapmal\u0131s\u0131n\u0131z?"},"content":{"rendered":"<p>\u00c7OCU\u011eUNUZ HASTALANDI\u011eINDA NE YAPMALISINIZ? Ebeveynlik ve \u00e7ocuk bak\u0131m\u0131 konusunda pek \u00e7ok kitap bulabilirsiniz ama \u00e7ocu\u011funuz hastaland\u0131\u011f\u0131nda nelere dikkat edece\u011finize, ne yapaca\u011f\u0131n\u0131za ili\u015fkin kitap bulman\u0131z biraz zordur. \u2022 Hastal\u0131kla birlikte ortaya \u00e7\u0131kan yeni sorunlar\u0131 \u00e7\u00f6zmek, s\u0131k\u0131nt\u0131lar\u0131 a\u015fmak i\u00e7in nas\u0131l duygusal destek verebilirsiniz? \u2022 Hastane kayg\u0131s\u0131n\u0131 hafifletmek veya beslenme sorunlar\u0131na y\u00f6n vermek i\u00e7in neler yapabilirsiniz? \u2022 \u00c7ocu\u011funuza hastal\u0131klar\u0131 hakk\u0131nda ne s\u00f6yleyece\u011finiz ve ne zaman s\u00f6yleyece\u011finiz konusunda nas\u0131l karar vermelisiniz? \u2022 Kendinizi ve ailenizin geri kalan\u0131n\u0131 ihmal etmemeyi nas\u0131l ba\u015far\u0131rs\u0131n\u0131z? Deneyimli iki klinik psikolog, bu gibi sorulara yan\u0131t verirken, \u00e7ok \u00f6zel ama bir o kadar da \u00f6nemli ve hassas olan bu konuda ebeveynleri ve t\u00fcm aile bireylerini bilgilendiriyor. 2 ya\u015f\u0131ndaki \u00e7ocuktan18 ya\u015f\u0131ndaki gence kadar t\u00fcm \u00e7ocuklar\u0131n ve ergenlerin kar\u015f\u0131la\u015fabilece\u011fi sa\u011fl\u0131k sorunlar\u0131yla nas\u0131l ba\u015fa \u00e7\u0131k\u0131laca\u011f\u0131n\u0131 ele al\u0131rken kolayca uygulanabilecek pratik \u00f6nerilerde bulunuyorlar. \u00c7ocukla birlikte t\u00fcm aileyi s\u0131k\u0131nt\u0131ya, endi\u015feye s\u00fcr\u00fckleyen bu s\u00fcreci bir t\u00fcr sa\u011fl\u0131k rehberi olan bu kitapla y\u00f6netmek daha kolay olacakt\u0131r<\/p>\n","protected":false},"excerpt":{"rendered":"<p>\u00c7OCU\u011eUNUZ HASTALANDI\u011eINDA NE YAPMALISINIZ? Ebeveynlik ve \u00e7ocuk bak\u0131m\u0131 konusunda pek \u00e7ok kitap bulabilirsiniz ama \u00e7ocu\u011funuz hastaland\u0131\u011f\u0131nda nelere dikkat edece\u011finize, ne yapaca\u011f\u0131n\u0131za ili\u015fkin kitap bulman\u0131z biraz zordur.<span class=\"excerpt-hellip\"> [\u2026]<\/span><\/p>\n","protected":false},"featured_media":0,"template":"","meta":{"_monsterinsights_skip_tracking":false,"_monsterinsights_sitenote_active":false,"_monsterinsights_sitenote_note":"","_monsterinsights_sitenote_category":0},"product_brand":[],"product_cat":[12831,12324],"product_tag":[],"class_list":{"0":"post-737485","1":"product","2":"type-product","3":"status-publish","5":"product_cat-aile-ve-cocuk","6":"product_cat-sosyoloji","7":"pa_cilt-ciltsiz","8":"pa_tur-kitap","9":"pa_yayinevi-kuraldisi-yayinevi","10":"pa_yazar-mandy-bryon-penny-titman","12":"first","13":"instock","14":"sale","15":"shipping-taxable","16":"purchasable","17":"product-type-simple"},"_links":{"self":[{"href":"https:\/\/roveyayinevi.com.tr\/index.php\/wp-json\/wp\/v2\/product\/737485","targetHints":{"allow":["GET"]}}],"collection":[{"href":"https:\/\/roveyayinevi.com.tr\/index.php\/wp-json\/wp\/v2\/product"}],"about":[{"href":"https:\/\/roveyayinevi.com.tr\/index.php\/wp-json\/wp\/v2\/types\/product"}],"wp:attachment":[{"href":"https:\/\/roveyayinevi.com.tr\/index.php\/wp-json\/wp\/v2\/media?parent=737485"}],"wp:term":[{"taxonomy":"product_brand","embeddable":true,"href":"https:\/\/roveyayinevi.com.tr\/index.php\/wp-json\/wp\/v2\/product_brand?post=737485"},{"taxonomy":"product_cat","embeddable":true,"href":"https:\/\/roveyayinevi.com.tr\/index.php\/wp-json\/wp\/v2\/product_cat?post=737485"},{"taxonomy":"product_tag","embeddable":true,"href":"https:\/\/roveyayinevi.com.tr\/index.php\/wp-json\/wp\/v2\/product_tag?post=737485"}],"curies":[{"name":"wp","href":"https:\/\/api.w.org\/{rel}","templated":true}]}}