{"id":737484,"date":"2025-08-27T23:30:02","date_gmt":"2025-08-27T20:30:02","guid":{"rendered":"https:\/\/roveyayinevi.com.tr\/index.php\/urun\/piyano-icin-12-turku-duzenlemesi\/"},"modified":"2026-04-16T02:46:54","modified_gmt":"2026-04-15T23:46:54","slug":"piyano-icin-12-turku-duzenlemesi","status":"publish","type":"product","link":"https:\/\/roveyayinevi.com.tr\/index.php\/urun\/piyano-icin-12-turku-duzenlemesi\/","title":{"rendered":"Piyano i\u00e7in 12 T\u00fcrk\u00fc D\u00fczenlemesi"},"content":{"rendered":"<p>Piyano i\u00e7in 12 T\u00fcrk\u00fc D\u00fczenlemesi P\u0131nar \u015eahin Bu kitap T\u00fcrk halk t\u00fcrk\u00fclerinin piyano i\u00e7in d\u00fczenlenmesiyle olu\u015fturulmu\u015f yeni ve \u00f6zg\u00fcn bir \u00e7al\u0131\u015fmad\u0131r. Eserler hem piyano \u00f6\u011frencilerinin teknik ve m\u00fczikal geli\u015fimlerine katk\u0131 sa\u011flayacak; hem de makamsal tonlar\u0131n en belirgin \u00f6zelliklerini duyuracak \u015fekildedir. Bu bak\u0131mdan t\u00fcrk\u00fclerin \u00e7o\u011fu d\u00f6rtl\u00fc armoni kullan\u0131larak d\u00fczenlenmi\u015ftir. Kitapta farkl\u0131 y\u00f6relerden se\u00e7ilen 12 t\u00fcrk\u00fc yer almaktad\u0131r. Bu t\u00fcrk\u00fclerin isimleri \u015f\u00f6yledir: Konya y\u00f6resinden Konya Divan Aya\u011f\u0131, Sivas y\u00f6resinden Temir A\u011fa ve \u00d6tme B\u00fclb\u00fcl \u00d6tme, Kars y\u00f6resinden I\u011fd\u0131r\u2019\u0131n Al Almas\u0131, Mu\u011fla y\u00f6resinden Kerimo\u011flu,  Tamburi Cemil Beyin H\u00fcseyni Oyun Havas\u0131, \u0130zmir y\u00f6resinden Ah Bir Ata\u015f Ver, K\u0131r\u015fehir y\u00f6resinden Z\u00fcl\u00fcf D\u00f6k\u00fclm\u00fc\u015f Y\u00fcze ve Hasret D\u00fc\u015ft\u00fc G\u00f6nl\u00fcme, K\u0131rklareli y\u00f6resinden Uzun Kavak Ne Gidersin Engine, \u00c2\u015f\u0131k Veysel\u2019den Uzun \u0130nce Bir Yolday\u0131m, Erzincan y\u00f6resinden Erzincan A\u011f\u0131r Halay\u0131. T\u00fcrk\u00fclerin canl\u0131 \u00e7al\u0131narak kaydedilen video kay\u0131tlar\u0131na, her eserin ilk sayfas\u0131ndaki QR kodlar\u0131ndan ula\u015fabilirsiniz. Kitab\u0131n hem amat\u00f6r hem de mesleki piyano e\u011fitimine katk\u0131 sa\u011flamas\u0131 ve b\u00fct\u00fcn piyano e\u011fitimcileri ile \u00f6\u011frencileri taraf\u0131ndan sevilerek seslendirilmesi dile\u011fiyle\u2026 <\/p>\n","protected":false},"excerpt":{"rendered":"<p>Piyano i\u00e7in 12 T\u00fcrk\u00fc D\u00fczenlemesi P\u0131nar \u015eahin Bu kitap T\u00fcrk halk t\u00fcrk\u00fclerinin piyano i\u00e7in d\u00fczenlenmesiyle olu\u015fturulmu\u015f yeni ve \u00f6zg\u00fcn bir \u00e7al\u0131\u015fmad\u0131r. Eserler hem piyano \u00f6\u011frencilerinin teknik<span class=\"excerpt-hellip\"> [\u2026]<\/span><\/p>\n","protected":false},"featured_media":0,"template":"","meta":{"_monsterinsights_skip_tracking":false,"_monsterinsights_sitenote_active":false,"_monsterinsights_sitenote_note":"","_monsterinsights_sitenote_category":0},"product_brand":[],"product_cat":[14556,14557],"product_tag":[],"class_list":{"0":"post-737484","1":"product","2":"type-product","3":"status-publish","5":"product_cat-muzik","6":"product_cat-nota-kitaplari","7":"pa_cilt-ciltsiz","8":"pa_tur-kitap","9":"pa_yayinevi-muzik-egitimi-yayinlari","10":"pa_yazar-pinar-sahin","12":"first","13":"instock","14":"sale","15":"shipping-taxable","16":"purchasable","17":"product-type-simple"},"_links":{"self":[{"href":"https:\/\/roveyayinevi.com.tr\/index.php\/wp-json\/wp\/v2\/product\/737484","targetHints":{"allow":["GET"]}}],"collection":[{"href":"https:\/\/roveyayinevi.com.tr\/index.php\/wp-json\/wp\/v2\/product"}],"about":[{"href":"https:\/\/roveyayinevi.com.tr\/index.php\/wp-json\/wp\/v2\/types\/product"}],"wp:attachment":[{"href":"https:\/\/roveyayinevi.com.tr\/index.php\/wp-json\/wp\/v2\/media?parent=737484"}],"wp:term":[{"taxonomy":"product_brand","embeddable":true,"href":"https:\/\/roveyayinevi.com.tr\/index.php\/wp-json\/wp\/v2\/product_brand?post=737484"},{"taxonomy":"product_cat","embeddable":true,"href":"https:\/\/roveyayinevi.com.tr\/index.php\/wp-json\/wp\/v2\/product_cat?post=737484"},{"taxonomy":"product_tag","embeddable":true,"href":"https:\/\/roveyayinevi.com.tr\/index.php\/wp-json\/wp\/v2\/product_tag?post=737484"}],"curies":[{"name":"wp","href":"https:\/\/api.w.org\/{rel}","templated":true}]}}