{"id":737483,"date":"2025-08-27T23:30:01","date_gmt":"2025-08-27T20:30:01","guid":{"rendered":"https:\/\/roveyayinevi.com.tr\/index.php\/urun\/sultani-kul-eder-ask\/"},"modified":"2026-04-16T02:46:54","modified_gmt":"2026-04-15T23:46:54","slug":"sultani-kul-eder-ask","status":"publish","type":"product","link":"https:\/\/roveyayinevi.com.tr\/index.php\/urun\/sultani-kul-eder-ask\/","title":{"rendered":"Sultan\u0131 Kul Eder A\u015fk"},"content":{"rendered":"<p>SULTANI KUL EDER A\u015eK Sultan \u0130kinci Bayezit ve \u015eiirleri   Son y\u0131llarda tarih \u00e7al\u0131\u015fmalar\u0131 toplumun yak\u0131ndan ilgilendi\u011fi bir alan. Bu ilgi yepyeni konular\u0131, \u00f6zellikle de k\u00fclt\u00fcr tarihi alan\u0131ndaki \u00e7al\u0131\u015fmalar\u0131 g\u00fcndemimize ta\u015f\u0131yor. Bu \u00e7er\u00e7evede padi\u015fahlar\u0131n, siyasi faaliyetleri yan\u0131nda k\u00fclt\u00fcre de y\u00f6nelerek hem sanat\u0131 desteklemelerine hem de bizzat \u00fcretmelerine dair yay\u0131nlar g\u00fcndemimizde yer almaya ba\u015flad\u0131. \u0130kinci Bayezit; Osmanl\u0131\u2019n\u0131n zirveye do\u011fru y\u00fcr\u00fcd\u00fc\u011f\u00fc bir d\u00f6nemde do\u011fdu, b\u00f6yle bir devleti y\u00f6netecek misyonla ve \u00f6zenle yeti\u015ftirildi, imparatorlu\u011fa y\u00fcr\u00fcyen devletin kurumsalla\u015fmas\u0131 gerekti\u011fini fark ederek her alanda tam bir sistem kurucu oldu. Bu konumu, k\u00fclt\u00fcr ve sanat\u0131n geli\u015fimi a\u00e7\u0131s\u0131ndan da \u00f6nemlidir. Padi\u015fah olarak sadece bir hami sultan rol\u00fcyle yetinmedi, y\u00f6netimindeki sanat\u00e7\u0131lar\u0131n kapasite ve kabiliyetlerini fark ederek bunlar\u0131n geli\u015fimini te\u015fvik etti. Dahas\u0131 hat sanat\u0131yla ve musikiyle ilgilendi; \u015fiirler yaz\u0131p bunlar\u0131 bir divanda toplad\u0131. Bu \u00f6zellikleriyle de yeniden ke\u015ffedilmeyi fazlas\u0131yla hak ediyor. Elinizdeki kitap; iki yetkin akademisyen taraf\u0131ndan kaleme al\u0131nd\u0131. Devleti, sanat\u0131, siyaseti, \u00e7a\u011f\u0131, d\u00fcn\u00fc ve asl\u0131nda bug\u00fcn\u00fc bir sultan\u0131 merkeze alarak anlat\u0131yor. Tarihle edebiyat; sanatla siyaset; \u00fclke y\u00f6netimiyle g\u00f6n\u00fcl ve a\u015fk i\u00e7 i\u00e7e. <\/p>\n","protected":false},"excerpt":{"rendered":"<p>SULTANI KUL EDER A\u015eK Sultan \u0130kinci Bayezit ve \u015eiirleri Son y\u0131llarda tarih \u00e7al\u0131\u015fmalar\u0131 toplumun yak\u0131ndan ilgilendi\u011fi bir alan. Bu ilgi yepyeni konular\u0131, \u00f6zellikle de k\u00fclt\u00fcr tarihi<span class=\"excerpt-hellip\"> [\u2026]<\/span><\/p>\n","protected":false},"featured_media":0,"template":"","meta":{"_monsterinsights_skip_tracking":false,"_monsterinsights_sitenote_active":false,"_monsterinsights_sitenote_note":"","_monsterinsights_sitenote_category":0},"product_brand":[],"product_cat":[12291,12509],"product_tag":[],"class_list":{"0":"post-737483","1":"product","2":"type-product","3":"status-publish","5":"product_cat-edebiyat","6":"product_cat-siir","7":"pa_cilt-ciltsiz","8":"pa_tur-kitap","9":"pa_yayinevi-muhit-kitap","10":"pa_yazar-mustafa-isen-tuba-isinsu-durmus","12":"first","13":"instock","14":"sale","15":"shipping-taxable","16":"purchasable","17":"product-type-simple"},"_links":{"self":[{"href":"https:\/\/roveyayinevi.com.tr\/index.php\/wp-json\/wp\/v2\/product\/737483","targetHints":{"allow":["GET"]}}],"collection":[{"href":"https:\/\/roveyayinevi.com.tr\/index.php\/wp-json\/wp\/v2\/product"}],"about":[{"href":"https:\/\/roveyayinevi.com.tr\/index.php\/wp-json\/wp\/v2\/types\/product"}],"wp:attachment":[{"href":"https:\/\/roveyayinevi.com.tr\/index.php\/wp-json\/wp\/v2\/media?parent=737483"}],"wp:term":[{"taxonomy":"product_brand","embeddable":true,"href":"https:\/\/roveyayinevi.com.tr\/index.php\/wp-json\/wp\/v2\/product_brand?post=737483"},{"taxonomy":"product_cat","embeddable":true,"href":"https:\/\/roveyayinevi.com.tr\/index.php\/wp-json\/wp\/v2\/product_cat?post=737483"},{"taxonomy":"product_tag","embeddable":true,"href":"https:\/\/roveyayinevi.com.tr\/index.php\/wp-json\/wp\/v2\/product_tag?post=737483"}],"curies":[{"name":"wp","href":"https:\/\/api.w.org\/{rel}","templated":true}]}}