{"id":737482,"date":"2025-08-27T23:29:59","date_gmt":"2025-08-27T20:29:59","guid":{"rendered":"https:\/\/roveyayinevi.com.tr\/index.php\/urun\/savasta-yavuz-siirde-selim\/"},"modified":"2026-04-16T02:46:54","modified_gmt":"2026-04-15T23:46:54","slug":"savasta-yavuz-siirde-selim","status":"publish","type":"product","link":"https:\/\/roveyayinevi.com.tr\/index.php\/urun\/savasta-yavuz-siirde-selim\/","title":{"rendered":"Sava\u015fta Yavuz \u015eiirde Selim"},"content":{"rendered":"<p>Sava\u015fta Yavuz \u015eiirde Selim   Pek \u00e7ok padi\u015fah gibi Yavuz Sultan Selim de \u015fairdir. Bir yandan cenkler edip \u00fclkeler fethederken di\u011fer yandan da g\u00f6zleri ahuya ba\u011flanm\u0131\u015f, onun a\u015fk\u0131ndan aciz kalm\u0131\u015f bir \u00e2\u015f\u0131kt\u0131r. Sultan Selim, \u015fiirlerini hem T\u00fcrk\u00e7e hem de Fars\u00e7a yazm\u0131\u015ft\u0131r. Onun \u015fiirleri incelenince kar\u015f\u0131m\u0131za \u00fc\u00e7 ki\u015filik tarz\u0131 \u00e7\u0131kar: \u00c2\u015f\u0131k, dervi\u015f ve padi\u015fah. Sultan Selim\u2019in T\u00fcrk\u00e7e \u015fiirlerinin dikkat \u00e7eken baz\u0131 \u00f6zellikleri vard\u0131r. Kaynaklarda Tatar dilinde \u015fiir yazd\u0131\u011f\u0131 s\u00f6ylenir; Tatar dili dedikleri Ali \u015eir Nevayi\u2019nin dilidir. Dilde, g\u00f6n\u00fclde, devlette ge\u00e7mi\u015fle bir ahenk ve irtibat vard\u0131r. Revani ve Halimi, padi\u015fah\u0131n \u00e7ok sevdi\u011fi \u015fairlerdi. Trabzon\u2019daki sancak beyli\u011finden beri yan\u0131nda bulundurdu\u011fu Halimi\u2019yi \u0130stanbul\u2019a \u00e7a\u011f\u0131rm\u0131\u015f, geldi\u011finde onu saray\u0131n kap\u0131s\u0131na \u00e7\u0131karak kar\u015f\u0131lam\u0131\u015f ve ona, \u201cSaltanata nail olduk ama dostlar h\u00e2linden gafil olduk. B\u00f6yle saltanattan ne zevk olur?\u201d diyerek \u00f6m\u00fcr boyu yan\u0131ndan ay\u0131rmayaca\u011f\u0131 \u015faire verdi\u011fi de\u011feri ortaya koymu\u015ftur. Hem kendi \u015fair hem de \u015fairleri ve sanat\u0131 himaye eden kudretli bir sultan. Onun g\u00f6nl\u00fcnde; Edirne, Tuna, \u0130stanbul, Semerkant, Horasan, \u015eiraz, Ba\u011fdat, Tebriz, \u00c7in ve Ma\u00e7in birer sevgili. Elinizdeki kitap \u00e2\u015f\u0131k, sufi ve \u015fair bir padi\u015fah\u0131n hayat\u0131n\u0131, sanat\u0131n\u0131 ve \u015fiirlerini b\u00fct\u00fcn derinli\u011fiyle g\u00f6zler \u00f6n\u00fcne seriyor. <\/p>\n","protected":false},"excerpt":{"rendered":"<p>Sava\u015fta Yavuz \u015eiirde Selim Pek \u00e7ok padi\u015fah gibi Yavuz Sultan Selim de \u015fairdir. Bir yandan cenkler edip \u00fclkeler fethederken di\u011fer yandan da g\u00f6zleri ahuya ba\u011flanm\u0131\u015f, onun<span class=\"excerpt-hellip\"> [\u2026]<\/span><\/p>\n","protected":false},"featured_media":0,"template":"","meta":{"_monsterinsights_skip_tracking":false,"_monsterinsights_sitenote_active":false,"_monsterinsights_sitenote_note":"","_monsterinsights_sitenote_category":0},"product_brand":[],"product_cat":[12291,12509],"product_tag":[],"class_list":{"0":"post-737482","1":"product","2":"type-product","3":"status-publish","5":"product_cat-edebiyat","6":"product_cat-siir","7":"pa_cilt-ciltsiz","8":"pa_tur-kitap","9":"pa_yayinevi-muhit-kitap","10":"pa_yazar-m-fatih-koksal","12":"first","13":"instock","14":"sale","15":"shipping-taxable","16":"purchasable","17":"product-type-simple"},"_links":{"self":[{"href":"https:\/\/roveyayinevi.com.tr\/index.php\/wp-json\/wp\/v2\/product\/737482","targetHints":{"allow":["GET"]}}],"collection":[{"href":"https:\/\/roveyayinevi.com.tr\/index.php\/wp-json\/wp\/v2\/product"}],"about":[{"href":"https:\/\/roveyayinevi.com.tr\/index.php\/wp-json\/wp\/v2\/types\/product"}],"wp:attachment":[{"href":"https:\/\/roveyayinevi.com.tr\/index.php\/wp-json\/wp\/v2\/media?parent=737482"}],"wp:term":[{"taxonomy":"product_brand","embeddable":true,"href":"https:\/\/roveyayinevi.com.tr\/index.php\/wp-json\/wp\/v2\/product_brand?post=737482"},{"taxonomy":"product_cat","embeddable":true,"href":"https:\/\/roveyayinevi.com.tr\/index.php\/wp-json\/wp\/v2\/product_cat?post=737482"},{"taxonomy":"product_tag","embeddable":true,"href":"https:\/\/roveyayinevi.com.tr\/index.php\/wp-json\/wp\/v2\/product_tag?post=737482"}],"curies":[{"name":"wp","href":"https:\/\/api.w.org\/{rel}","templated":true}]}}