{"id":737480,"date":"2025-08-27T23:29:57","date_gmt":"2025-08-27T20:29:57","guid":{"rendered":"https:\/\/roveyayinevi.com.tr\/index.php\/urun\/safsata-gercekler\/"},"modified":"2026-02-03T03:02:49","modified_gmt":"2026-02-03T00:02:49","slug":"safsata-gercekler","status":"publish","type":"product","link":"https:\/\/roveyayinevi.com.tr\/index.php\/urun\/safsata-gercekler\/","title":{"rendered":"Safsata &amp; Ger\u00e7ekler"},"content":{"rendered":"<p>G\u00fcn\u00fcm\u00fczde, hayat\u0131n ola\u011fan ak\u0131\u015f\u0131na uygun olmayan, i\u00e7inde mant\u0131k hatas\u0131 bulunan ama insanlar\u0131 ikna etmekte kullan\u0131lan bir\u00e7ok safsata kullan\u0131lmaktad\u0131r. Ger\u00e7ekleri tahrif etmek ve insanlar\u0131 kand\u0131rmak i\u00e7in kullan\u0131lan safsatalar\u0131n bilinmesi sa\u011fl\u0131kl\u0131 d\u00fc\u015f\u00fcnmemiz a\u00e7\u0131s\u0131ndan \u00f6nem ta\u015f\u0131maktad\u0131r.  Bu safsatalara akli ve mizahi bir pencereden bakarak hem d\u00fc\u015f\u00fcnmeyi hem de g\u00fcld\u00fcrmeyi ama\u00e7lad\u0131m.    Kitab\u0131n ger\u00e7ekler b\u00f6l\u00fcm\u00fcnde me\u015fhur s\u00f6zlerin tarih\u00e7elerini ve d\u00fc\u015f\u00fcnd\u00fcrd\u00fcklerini anlatt\u0131m. Do\u011fru san\u0131lan me\u015fhur yanl\u0131\u015flar olarak dilimize yerle\u015fmi\u015f ve ger\u00e7eklikle ilgili olmayan s\u00f6zlere ayna tuttum. Bunu yaparken t\u00fcm literat\u00fcrdeki s\u00f6zlerden sadece \u00f6rnekleme usul\u00fc ile s\u00f6zler se\u00e7tim. Merakl\u0131s\u0131 i\u00e7in yeni d\u00fc\u015f\u00fcncelere ve \u00e7al\u0131\u015fmalara kap\u0131 aralad\u0131m.      Kitaba ek olarak hayat \u00f6yk\u00fcmden kesitler sundum. Her insan\u0131n mutlaka kendine ait \u00f6yk\u00fcleri vard\u0131r. Geride \u00f6yk\u00fc b\u0131rakmayan insan sanki hi\u00e7 ya\u015famam\u0131\u015f gibi gelir bana.  \u00d6yk\u00fclerin i\u00e7inde hayata dair deneyimler vard\u0131r.  E\u011fer insan bu deneyimleri ba\u015fkas\u0131na aktarmazsa, yanarak kaybolan bir g\u00f6kta\u015f\u0131n\u0131n ilk ve son g\u00f6r\u00fcnt\u00fcs\u00fc gibi kaybolur, gider. Bunlar\u0131n kaybolmas\u0131na g\u00f6nl\u00fcm raz\u0131 olmad\u0131, ba\u015fkalar\u0131na da \u0131\u015f\u0131k olsun istedim.    Kitab\u0131 okuyanlar\u0131n zihninde yeni k\u0131v\u0131lc\u0131mlar ve y\u00fcz\u00fcnde yeni tebess\u00fcmler olu\u015fmas\u0131n\u0131 ve kendi an\u0131lar\u0131na yeni yolculuklar yapmas\u0131n\u0131 umut ediyorum.    Durdu G\u00fcne\u015f  <\/p>\n","protected":false},"excerpt":{"rendered":"<p>G\u00fcn\u00fcm\u00fczde, hayat\u0131n ola\u011fan ak\u0131\u015f\u0131na uygun olmayan, i\u00e7inde mant\u0131k hatas\u0131 bulunan ama insanlar\u0131 ikna etmekte kullan\u0131lan bir\u00e7ok safsata kullan\u0131lmaktad\u0131r. Ger\u00e7ekleri tahrif etmek ve insanlar\u0131 kand\u0131rmak i\u00e7in kullan\u0131lan<span class=\"excerpt-hellip\"> [\u2026]<\/span><\/p>\n","protected":false},"featured_media":0,"template":"","meta":{"_monsterinsights_skip_tracking":false,"_monsterinsights_sitenote_active":false,"_monsterinsights_sitenote_note":"","_monsterinsights_sitenote_category":0},"product_brand":[],"product_cat":[12777,12291],"product_tag":[],"class_list":{"0":"post-737480","1":"product","2":"type-product","3":"status-publish","5":"product_cat-deneme","6":"product_cat-edebiyat","7":"pa_cilt-ciltsiz","8":"pa_tur-kitap","9":"pa_yayinevi-gulnar-yayinlari","10":"pa_yazar-durdu-gunes","12":"first","13":"instock","14":"sale","15":"shipping-taxable","16":"purchasable","17":"product-type-simple"},"_links":{"self":[{"href":"https:\/\/roveyayinevi.com.tr\/index.php\/wp-json\/wp\/v2\/product\/737480","targetHints":{"allow":["GET"]}}],"collection":[{"href":"https:\/\/roveyayinevi.com.tr\/index.php\/wp-json\/wp\/v2\/product"}],"about":[{"href":"https:\/\/roveyayinevi.com.tr\/index.php\/wp-json\/wp\/v2\/types\/product"}],"wp:attachment":[{"href":"https:\/\/roveyayinevi.com.tr\/index.php\/wp-json\/wp\/v2\/media?parent=737480"}],"wp:term":[{"taxonomy":"product_brand","embeddable":true,"href":"https:\/\/roveyayinevi.com.tr\/index.php\/wp-json\/wp\/v2\/product_brand?post=737480"},{"taxonomy":"product_cat","embeddable":true,"href":"https:\/\/roveyayinevi.com.tr\/index.php\/wp-json\/wp\/v2\/product_cat?post=737480"},{"taxonomy":"product_tag","embeddable":true,"href":"https:\/\/roveyayinevi.com.tr\/index.php\/wp-json\/wp\/v2\/product_tag?post=737480"}],"curies":[{"name":"wp","href":"https:\/\/api.w.org\/{rel}","templated":true}]}}