{"id":737475,"date":"2025-08-27T23:29:51","date_gmt":"2025-08-27T20:29:51","guid":{"rendered":"https:\/\/roveyayinevi.com.tr\/index.php\/urun\/sakuranin-sesi\/"},"modified":"2026-04-16T02:46:54","modified_gmt":"2026-04-15T23:46:54","slug":"sakuranin-sesi","status":"publish","type":"product","link":"https:\/\/roveyayinevi.com.tr\/index.php\/urun\/sakuranin-sesi\/","title":{"rendered":"Sakuran\u0131n Sesi"},"content":{"rendered":"<p>EL\u0130F YEL\u0130S   1991 y\u0131l\u0131nda \u0130stanbul\u2019da do\u011fdu. E\u011fitimini \u00c7ocuk Geli\u015fimi alan\u0131nda tamamlad\u0131ktan sonra \u00f6zel e\u011fitim kurumlar\u0131nda \u00f6\u011fretmenlik yapt\u0131. T\u00fcrk Dili ve Edebiyat\u0131 B\u00f6l\u00fcm\u00fc\u2019nde e\u011fitimine devam etmektedir. E\u015f zamanl\u0131 olarak geleneksel sanatlarla ilgilendi. Hat ve Ebru sanatlar\u0131 \u00fczerine e\u011fitimler al\u0131p \u00e7ocuklar i\u00e7in at\u00f6lyeler d\u00fczenledi. Yazma ser\u00fcvenine ba\u015flamas\u0131na o\u011flu ve k\u0131z\u0131 ile olan an\u0131lar\u0131n\u0131 derlemesi, geleneksel sanatlar \u00fczerine \u00e7al\u0131\u015fmalar\u0131 ve \u00dcsk\u00fcdar\u2019\u0131n o tatl\u0131 sesi vesile oldu. \u00c7ocuklar i\u00e7in \u00e7al\u0131\u015fmalar\u0131  devam etmektedir.     Benim ad\u0131m, Sakura. Kiraz a\u011fac\u0131n\u0131n pembe \u00e7i\u00e7e\u011fi. \u015eimdi \u00f6\u011freneceksin, hakk\u0131mdaki bir\u00e7ok \u015feyi\u2026   Kiraz a\u011fac\u0131n\u0131n \u00e7i\u00e7e\u011fi sakura, bizlere kendi hik\u00e2yesini anlat\u0131yor: Ya\u015fam\u0131 boyunca g\u00f6rd\u00fcklerini ve s\u0131n\u0131rs\u0131z duygular\u0131n\u0131 \u015fiirsel bir anlat\u0131mla kelimelere d\u00f6k\u00fcyor\u2026   \u00c7ocuklar\u0131m\u0131zla geleneksel sanatlar\u0131 bulu\u015fturmay\u0131 da ama\u00e7layan, ebru sanat\u0131n\u0131n \u00f6zg\u00fcn tarz\u0131yla resimlenmi\u015f Sakuran\u0131n Sesi sizi e\u015fsiz bir yolculu\u011fa davet ediyor. <\/p>\n","protected":false},"excerpt":{"rendered":"<p>EL\u0130F YEL\u0130S 1991 y\u0131l\u0131nda \u0130stanbul\u2019da do\u011fdu. E\u011fitimini \u00c7ocuk Geli\u015fimi alan\u0131nda tamamlad\u0131ktan sonra \u00f6zel e\u011fitim kurumlar\u0131nda \u00f6\u011fretmenlik yapt\u0131. T\u00fcrk Dili ve Edebiyat\u0131 B\u00f6l\u00fcm\u00fc\u2019nde e\u011fitimine devam etmektedir. E\u015f<span class=\"excerpt-hellip\"> [\u2026]<\/span><\/p>\n","protected":false},"featured_media":0,"template":"","meta":{"_monsterinsights_skip_tracking":false,"_monsterinsights_sitenote_active":false,"_monsterinsights_sitenote_note":"","_monsterinsights_sitenote_category":0},"product_brand":[],"product_cat":[12275,12274],"product_tag":[],"class_list":{"0":"post-737475","1":"product","2":"type-product","3":"status-publish","5":"product_cat-6-12-yas-kitaplari","6":"product_cat-cocuk-ve-genclik-kitaplari","7":"pa_cilt-ciltsiz","8":"pa_tur-kitap","9":"pa_yayinevi-turkuvaz-kitap","10":"pa_yazar-elif-yelis","12":"first","13":"instock","14":"sale","15":"shipping-taxable","16":"purchasable","17":"product-type-simple"},"_links":{"self":[{"href":"https:\/\/roveyayinevi.com.tr\/index.php\/wp-json\/wp\/v2\/product\/737475","targetHints":{"allow":["GET"]}}],"collection":[{"href":"https:\/\/roveyayinevi.com.tr\/index.php\/wp-json\/wp\/v2\/product"}],"about":[{"href":"https:\/\/roveyayinevi.com.tr\/index.php\/wp-json\/wp\/v2\/types\/product"}],"wp:attachment":[{"href":"https:\/\/roveyayinevi.com.tr\/index.php\/wp-json\/wp\/v2\/media?parent=737475"}],"wp:term":[{"taxonomy":"product_brand","embeddable":true,"href":"https:\/\/roveyayinevi.com.tr\/index.php\/wp-json\/wp\/v2\/product_brand?post=737475"},{"taxonomy":"product_cat","embeddable":true,"href":"https:\/\/roveyayinevi.com.tr\/index.php\/wp-json\/wp\/v2\/product_cat?post=737475"},{"taxonomy":"product_tag","embeddable":true,"href":"https:\/\/roveyayinevi.com.tr\/index.php\/wp-json\/wp\/v2\/product_tag?post=737475"}],"curies":[{"name":"wp","href":"https:\/\/api.w.org\/{rel}","templated":true}]}}