{"id":737474,"date":"2025-08-27T23:29:49","date_gmt":"2025-08-27T20:29:49","guid":{"rendered":"https:\/\/roveyayinevi.com.tr\/index.php\/urun\/en-guzel-japon-masallari\/"},"modified":"2026-04-16T02:46:53","modified_gmt":"2026-04-15T23:46:53","slug":"en-guzel-japon-masallari","status":"publish","type":"product","link":"https:\/\/roveyayinevi.com.tr\/index.php\/urun\/en-guzel-japon-masallari\/","title":{"rendered":"En G\u00fczel Japon Masallar\u0131"},"content":{"rendered":"<p>En G\u00fczel Japon Masallar\u0131 Masallar hem her\u015feyin m\u00fcmk\u00fcn oldu\u011fu hayal d\u00fcnyas\u0131na a\u00e7\u0131lan kap\u0131lard\u0131r, hem de ger\u00e7e\u011fin ve bilgeli\u011fin en saf haline giden yollar. D\u00fcnya hem \u00e7ok b\u00fcy\u00fckt\u00fcr, hem de her k\u00f6\u015fesinde kendimizden bir par\u00e7a bulacak kadar dar.Serimizin alt\u0131nc\u0131 kitab\u0131nda hem \u00e7ok uzak hem de \u00e7ok yak\u0131n sayd\u0131\u011f\u0131m\u0131z Japonya&#8217;ya konuk oluyoruz. \u00dclkenin dil ve k\u00fclt\u00fcr\u00fcn\u00fc yak\u0131ndan tan\u0131yan Ali Volkan Erdemir&#8217;in se\u00e7ip T\u00fcrk\u00e7ele\u015ftirdi\u011fi bu dokuz masal\u0131, Japonyal\u0131 bir \u00e7izer olan Hiroko Fujiwara resimledi. <\/p>\n","protected":false},"excerpt":{"rendered":"<p>En G\u00fczel Japon Masallar\u0131 Masallar hem her\u015feyin m\u00fcmk\u00fcn oldu\u011fu hayal d\u00fcnyas\u0131na a\u00e7\u0131lan kap\u0131lard\u0131r, hem de ger\u00e7e\u011fin ve bilgeli\u011fin en saf haline giden yollar. D\u00fcnya hem \u00e7ok<span class=\"excerpt-hellip\"> [\u2026]<\/span><\/p>\n","protected":false},"featured_media":0,"template":"","meta":{"_monsterinsights_skip_tracking":false,"_monsterinsights_sitenote_active":false,"_monsterinsights_sitenote_note":"","_monsterinsights_sitenote_category":0},"product_brand":[],"product_cat":[12274,12523],"product_tag":[],"class_list":{"0":"post-737474","1":"product","2":"type-product","3":"status-publish","5":"product_cat-cocuk-ve-genclik-kitaplari","6":"product_cat-masallar","7":"pa_cilt-ciltsiz","8":"pa_tur-kitap","9":"pa_yayinevi-nesin-yayinlari","10":"pa_yazar-nesin-yayinlari-kolektif","12":"first","13":"instock","14":"sale","15":"shipping-taxable","16":"purchasable","17":"product-type-simple"},"_links":{"self":[{"href":"https:\/\/roveyayinevi.com.tr\/index.php\/wp-json\/wp\/v2\/product\/737474","targetHints":{"allow":["GET"]}}],"collection":[{"href":"https:\/\/roveyayinevi.com.tr\/index.php\/wp-json\/wp\/v2\/product"}],"about":[{"href":"https:\/\/roveyayinevi.com.tr\/index.php\/wp-json\/wp\/v2\/types\/product"}],"wp:attachment":[{"href":"https:\/\/roveyayinevi.com.tr\/index.php\/wp-json\/wp\/v2\/media?parent=737474"}],"wp:term":[{"taxonomy":"product_brand","embeddable":true,"href":"https:\/\/roveyayinevi.com.tr\/index.php\/wp-json\/wp\/v2\/product_brand?post=737474"},{"taxonomy":"product_cat","embeddable":true,"href":"https:\/\/roveyayinevi.com.tr\/index.php\/wp-json\/wp\/v2\/product_cat?post=737474"},{"taxonomy":"product_tag","embeddable":true,"href":"https:\/\/roveyayinevi.com.tr\/index.php\/wp-json\/wp\/v2\/product_tag?post=737474"}],"curies":[{"name":"wp","href":"https:\/\/api.w.org\/{rel}","templated":true}]}}