{"id":737470,"date":"2025-08-27T23:29:44","date_gmt":"2025-08-27T20:29:44","guid":{"rendered":"https:\/\/roveyayinevi.com.tr\/index.php\/urun\/eglenceli-kodlama-kolay\/"},"modified":"2026-04-16T02:46:53","modified_gmt":"2026-04-15T23:46:53","slug":"eglenceli-kodlama-kolay","status":"publish","type":"product","link":"https:\/\/roveyayinevi.com.tr\/index.php\/urun\/eglenceli-kodlama-kolay\/","title":{"rendered":"E\u011flenceli Kodlama Kolay"},"content":{"rendered":"<p>D\u00fcnya de\u011fi\u015fiyor. \u00c7ocuklar da, masallar da&#8230; Bir\u00e7ok masala bakt\u0131\u011f\u0131m\u0131zda asl\u0131nda temelde yanl\u0131\u015f bir \u015feylerin oldu\u011funu fark ederiz. Kargan\u0131n a\u011fz\u0131ndaki peyniri onu kand\u0131rarak elde eden tilki gibi. Ama sonu\u00e7ta masal diyerek g\u00fcl\u00fcp ge\u00e7eriz. Belki de \u00f6yle yapmamal\u0131y\u0131z! Bu kitaplarda, masallar\u0131 olmas\u0131 gerekti\u011fi gibi yeniden d\u00fczenledik. Yukar\u0131daki karga \u00f6rne\u011findeki olumsuzluklar\u0131, erdemlerle de\u011fi\u015ftirdik. Kar\u0131nca, art\u0131k kap\u0131s\u0131n\u0131 \u00e7alan a\u011fustos b\u00f6ce\u011fini kap\u0131dan \u00e7evirmiyor. Onu i\u00e7eri davet edip hatas\u0131n\u0131 anlat\u0131yor, kavramas\u0131n\u0131 sa\u011fl\u0131yor.Bir\u00e7ok temel davran\u0131\u015f bi\u00e7imi, \u00e7ocukken ye\u015ferir, geli\u015fir ve karakter haline gelir. E\u011fer \u00e7ocuklar\u0131m\u0131za hen\u00fcz geli\u015fme \u00e7a\u011f\u0131ndayken do\u011fru, olmas\u0131 gereken bilgileri kodlarsak, yeti\u015fkin olduklar\u0131nda d\u00fcr\u00fcst, erdem ve de\u011ferlerden haberi olan, onlar\u0131 umursayan bireyler olmalar\u0131na katk\u0131m\u0131z olur. Bu kitab\u0131n ba\u015fl\u0131ca amac\u0131 \u00e7ocuklar\u0131m\u0131za basit kodlama e\u011fitimi ile analitik d\u00fc\u015f\u00fcnceyi anlatmak, bunun yan\u0131 s\u0131ra kodlamalar\u0131 i\u015flerken birtak\u0131m de\u011ferleri de \u00f6\u011fretmek.E\u011flenceli ve birbirinden de\u011fi\u015fik masallar\u0131 kendi k\u00fclt\u00fcr\u00fcm\u00fczle yo\u011furduk, olmas\u0131 gereken h\u00e2le getirdik. B\u00f6ylece akl\u0131m\u0131zda, acaba tilkinin kargay\u0131 kand\u0131rmas\u0131 \u00e7ocu\u011fumun \u00f6\u011frenmesi gereken bir \u015fey mi, diye bir soru i\u015fareti kalmayacak. <\/p>\n","protected":false},"excerpt":{"rendered":"<p>D\u00fcnya de\u011fi\u015fiyor. \u00c7ocuklar da, masallar da&#8230; Bir\u00e7ok masala bakt\u0131\u011f\u0131m\u0131zda asl\u0131nda temelde yanl\u0131\u015f bir \u015feylerin oldu\u011funu fark ederiz. Kargan\u0131n a\u011fz\u0131ndaki peyniri onu kand\u0131rarak elde eden tilki gibi.<span class=\"excerpt-hellip\"> [\u2026]<\/span><\/p>\n","protected":false},"featured_media":0,"template":"","meta":{"_monsterinsights_skip_tracking":false,"_monsterinsights_sitenote_active":false,"_monsterinsights_sitenote_note":"","_monsterinsights_sitenote_category":0},"product_brand":[],"product_cat":[12275,12274],"product_tag":[],"class_list":{"0":"post-737470","1":"product","2":"type-product","3":"status-publish","5":"product_cat-6-12-yas-kitaplari","6":"product_cat-cocuk-ve-genclik-kitaplari","7":"pa_cilt-ciltsiz","8":"pa_tur-kitap","9":"pa_yayinevi-fark-yayinlari","10":"pa_yazar-serhat-filiz","12":"first","13":"instock","14":"sale","15":"shipping-taxable","16":"purchasable","17":"product-type-simple"},"_links":{"self":[{"href":"https:\/\/roveyayinevi.com.tr\/index.php\/wp-json\/wp\/v2\/product\/737470","targetHints":{"allow":["GET"]}}],"collection":[{"href":"https:\/\/roveyayinevi.com.tr\/index.php\/wp-json\/wp\/v2\/product"}],"about":[{"href":"https:\/\/roveyayinevi.com.tr\/index.php\/wp-json\/wp\/v2\/types\/product"}],"wp:attachment":[{"href":"https:\/\/roveyayinevi.com.tr\/index.php\/wp-json\/wp\/v2\/media?parent=737470"}],"wp:term":[{"taxonomy":"product_brand","embeddable":true,"href":"https:\/\/roveyayinevi.com.tr\/index.php\/wp-json\/wp\/v2\/product_brand?post=737470"},{"taxonomy":"product_cat","embeddable":true,"href":"https:\/\/roveyayinevi.com.tr\/index.php\/wp-json\/wp\/v2\/product_cat?post=737470"},{"taxonomy":"product_tag","embeddable":true,"href":"https:\/\/roveyayinevi.com.tr\/index.php\/wp-json\/wp\/v2\/product_tag?post=737470"}],"curies":[{"name":"wp","href":"https:\/\/api.w.org\/{rel}","templated":true}]}}