{"id":737469,"date":"2025-08-27T23:29:43","date_gmt":"2025-08-27T20:29:43","guid":{"rendered":"https:\/\/roveyayinevi.com.tr\/index.php\/urun\/mukemmel-yabanci\/"},"modified":"2026-04-16T02:46:53","modified_gmt":"2026-04-15T23:46:53","slug":"mukemmel-yabanci","status":"publish","type":"product","link":"https:\/\/roveyayinevi.com.tr\/index.php\/urun\/mukemmel-yabanci\/","title":{"rendered":"M\u00fckemmel Yabanc\u0131"},"content":{"rendered":"<p>M\u00fckemmel Yabanc\u0131 Megan Miranda     BU KASABADAK\u0130 HERKES\u0130N G\u0130ZLEYECEK B\u0130R \u015eEY\u0130 VAR   En yak\u0131n arkada\u015f\u0131n, en korkun\u00e7 k\u00e2busuna d\u00f6n\u00fc\u015f\u00fcrse\u2026   Leah Stevens bir zamanlar \u00e7ok me\u015fhur bir muhabirken, gazetedeki i\u015fini ve mesleki itibar\u0131n\u0131 sonsuza dek kaybettikten sonra \u00e7aresizce hayata yeniden ba\u015flamak zorunda kal\u0131r. Beklemedi\u011fi bir anda eski ev arkada\u015f\u0131 Emmy Grey\u2019le bir araya geldi\u011findeyse arad\u0131\u011f\u0131 kurtulu\u015f f\u0131rsat\u0131n\u0131 buldu\u011funu d\u00fc\u015f\u00fcn\u00fcr.             Leah ve Emmy temiz bir sayfa a\u00e7ma umuduyla k\u00fc\u00e7\u00fck bir kasabaya yerle\u015firler. Ancak bir hafta i\u00e7inde, t\u0131pk\u0131 Leah\u2019ya benzeyen bir kad\u0131n yak\u0131nlarda bir yerde \u00f6l\u00fcme terk edilmi\u015f halde bulunur ve Emmy de bu esnada s\u0131rra kadem basar. Leah payla\u015ft\u0131klar\u0131 evde cevaplar ararken Emmy Grey hakk\u0131nda ne kadar az \u015fey bildi\u011fini fark eder; bununla beraber yerel polis, Emmy\u2019nin izini bulmaya \u00e7al\u0131\u015f\u0131rken Leah\u2019n\u0131n g\u00fcvenilirli\u011fini ve i\u015flenen su\u00e7taki muhtemel rol\u00fcn\u00fc sorgulamaya ba\u015flar. Leah ad\u0131n\u0131 temize \u00e7\u0131karmak i\u00e7in tek bir yol oldu\u011funu bilmektedir: Emmy Grey\u2019i bulmak. Peki ya Emmy Grey ad\u0131nda biri hi\u00e7bir zaman var olmam\u0131\u015fsa? <\/p>\n","protected":false},"excerpt":{"rendered":"<p>M\u00fckemmel Yabanc\u0131 Megan Miranda BU KASABADAK\u0130 HERKES\u0130N G\u0130ZLEYECEK B\u0130R \u015eEY\u0130 VAR En yak\u0131n arkada\u015f\u0131n, en korkun\u00e7 k\u00e2busuna d\u00f6n\u00fc\u015f\u00fcrse\u2026 Leah Stevens bir zamanlar \u00e7ok me\u015fhur bir muhabirken,<span class=\"excerpt-hellip\"> [\u2026]<\/span><\/p>\n","protected":false},"featured_media":0,"template":"","meta":{"_monsterinsights_skip_tracking":false,"_monsterinsights_sitenote_active":false,"_monsterinsights_sitenote_note":"","_monsterinsights_sitenote_category":0},"product_brand":[],"product_cat":[12291,12711],"product_tag":[],"class_list":{"0":"post-737469","1":"product","2":"type-product","3":"status-publish","5":"product_cat-edebiyat","6":"product_cat-roman-oyku","7":"pa_cilt-ciltsiz","8":"pa_tur-kitap","9":"pa_yayinevi-indigo-kitap","10":"pa_yazar-megan-miranda","12":"first","13":"instock","14":"sale","15":"shipping-taxable","16":"purchasable","17":"product-type-simple"},"_links":{"self":[{"href":"https:\/\/roveyayinevi.com.tr\/index.php\/wp-json\/wp\/v2\/product\/737469","targetHints":{"allow":["GET"]}}],"collection":[{"href":"https:\/\/roveyayinevi.com.tr\/index.php\/wp-json\/wp\/v2\/product"}],"about":[{"href":"https:\/\/roveyayinevi.com.tr\/index.php\/wp-json\/wp\/v2\/types\/product"}],"wp:attachment":[{"href":"https:\/\/roveyayinevi.com.tr\/index.php\/wp-json\/wp\/v2\/media?parent=737469"}],"wp:term":[{"taxonomy":"product_brand","embeddable":true,"href":"https:\/\/roveyayinevi.com.tr\/index.php\/wp-json\/wp\/v2\/product_brand?post=737469"},{"taxonomy":"product_cat","embeddable":true,"href":"https:\/\/roveyayinevi.com.tr\/index.php\/wp-json\/wp\/v2\/product_cat?post=737469"},{"taxonomy":"product_tag","embeddable":true,"href":"https:\/\/roveyayinevi.com.tr\/index.php\/wp-json\/wp\/v2\/product_tag?post=737469"}],"curies":[{"name":"wp","href":"https:\/\/api.w.org\/{rel}","templated":true}]}}