{"id":737467,"date":"2025-08-27T23:29:40","date_gmt":"2025-08-27T20:29:40","guid":{"rendered":"https:\/\/roveyayinevi.com.tr\/index.php\/urun\/merakli-cocuklar-icin-100-zeka-oyunu\/"},"modified":"2026-04-16T02:46:53","modified_gmt":"2026-04-15T23:46:53","slug":"merakli-cocuklar-icin-100-zeka-oyunu","status":"publish","type":"product","link":"https:\/\/roveyayinevi.com.tr\/index.php\/urun\/merakli-cocuklar-icin-100-zeka-oyunu\/","title":{"rendered":"Merakli \u00c7ocuklar \u0130\u00e7in 100 Zeka Oyunu"},"content":{"rendered":"<p>MERAKLI \u00c7OCUKLAR \u0130\u00c7\u0130N 100 ZEK\u00c2 OYUNU Zek\u00e2 oyunlar\u0131n\u0131n e\u011flenceli d\u00fcnyas\u0131na ho\u015f geldiniz! Merakl\u0131 \u00c7ocuklar \u0130\u00e7in 100 Zek\u00e2 Oyunu kitab\u0131nda; Sihirli Piramit, Harf Sudoku, A B C Ba\u011flama, Kelime Yerle\u015ftirme, Takuzu, Anagram, Say\u0131 Kartlar\u0131, Kakuro, Amiral Batt\u0131 gibi bir\u00e7ok oyun var. T\u00fcm \u00dcst\u00fcn Zek\u00e2l\u0131 \u00c7ocuklar ve Aileleri Dayan\u0131\u015fma Derne\u011fi (T\u00dcZAD) Ba\u015fkan\u0131 Hasan Topdemir taraf\u0131ndan haz\u0131rlanan bu kitaptaki oyunlarla problem \u00e7\u00f6zme; h\u0131zl\u0131 d\u00fc\u015f\u00fcnme; \u015fekilsel, s\u00f6zel ve say\u0131sal alg\u0131lama yeteneklerinizi geli\u015ftirecek, e\u011flenerek \u00f6\u011freneceksiniz. <\/p>\n","protected":false},"excerpt":{"rendered":"<p>MERAKLI \u00c7OCUKLAR \u0130\u00c7\u0130N 100 ZEK\u00c2 OYUNU Zek\u00e2 oyunlar\u0131n\u0131n e\u011flenceli d\u00fcnyas\u0131na ho\u015f geldiniz! Merakl\u0131 \u00c7ocuklar \u0130\u00e7in 100 Zek\u00e2 Oyunu kitab\u0131nda; Sihirli Piramit, Harf Sudoku, A B C<span class=\"excerpt-hellip\"> [\u2026]<\/span><\/p>\n","protected":false},"featured_media":0,"template":"","meta":{"_monsterinsights_skip_tracking":false,"_monsterinsights_sitenote_active":false,"_monsterinsights_sitenote_note":"","_monsterinsights_sitenote_category":0},"product_brand":[],"product_cat":[12274,17859],"product_tag":[],"class_list":{"0":"post-737467","1":"product","2":"type-product","3":"status-publish","5":"product_cat-cocuk-ve-genclik-kitaplari","6":"product_cat-oyun-kitaplari","7":"pa_cilt-ciltsiz","8":"pa_tur-kitap","9":"pa_yayinevi-beyaz-balina-yayinlari","10":"pa_yazar-hasan-topdemir","12":"first","13":"instock","14":"sale","15":"shipping-taxable","16":"purchasable","17":"product-type-simple"},"_links":{"self":[{"href":"https:\/\/roveyayinevi.com.tr\/index.php\/wp-json\/wp\/v2\/product\/737467","targetHints":{"allow":["GET"]}}],"collection":[{"href":"https:\/\/roveyayinevi.com.tr\/index.php\/wp-json\/wp\/v2\/product"}],"about":[{"href":"https:\/\/roveyayinevi.com.tr\/index.php\/wp-json\/wp\/v2\/types\/product"}],"wp:attachment":[{"href":"https:\/\/roveyayinevi.com.tr\/index.php\/wp-json\/wp\/v2\/media?parent=737467"}],"wp:term":[{"taxonomy":"product_brand","embeddable":true,"href":"https:\/\/roveyayinevi.com.tr\/index.php\/wp-json\/wp\/v2\/product_brand?post=737467"},{"taxonomy":"product_cat","embeddable":true,"href":"https:\/\/roveyayinevi.com.tr\/index.php\/wp-json\/wp\/v2\/product_cat?post=737467"},{"taxonomy":"product_tag","embeddable":true,"href":"https:\/\/roveyayinevi.com.tr\/index.php\/wp-json\/wp\/v2\/product_tag?post=737467"}],"curies":[{"name":"wp","href":"https:\/\/api.w.org\/{rel}","templated":true}]}}