{"id":737466,"date":"2025-08-27T23:29:38","date_gmt":"2025-08-27T20:29:38","guid":{"rendered":"https:\/\/roveyayinevi.com.tr\/index.php\/urun\/merakli-cocuklar-icin-100-matematik-oyunu\/"},"modified":"2026-04-16T02:46:53","modified_gmt":"2026-04-15T23:46:53","slug":"merakli-cocuklar-icin-100-matematik-oyunu","status":"publish","type":"product","link":"https:\/\/roveyayinevi.com.tr\/index.php\/urun\/merakli-cocuklar-icin-100-matematik-oyunu\/","title":{"rendered":"Merakli \u00c7ocuklar \u0130\u00e7in 100 Matematik Oyunu"},"content":{"rendered":"<p>MERAKLI \u00c7OCUKLAR \u0130\u00c7\u0130N 100 MATEMAT\u0130K OYUNU Bu oyunlarla matemati\u011fi \u00e7ok seveceksiniz.   Merakl\u0131 \u00c7ocuklar \u0130\u00e7in 100 Matematik Oyunu kitab\u0131nda; Resimli Denklem, \u0130\u015flem Karesi, Say\u0131 Kartlar\u0131, Toplama Ba\u011flar\u0131, \u00c7arpan Kareler, Patlayan Balonlar, Say\u0131lar\u0131n Yolculu\u011fu gibi bir\u00e7ok oyun var. T\u00fcm \u00dcst\u00fcn Zek\u00e2l\u0131 \u00c7ocuklar ve Aileleri Dayan\u0131\u015fma Derne\u011fi (T\u00dcZAD) Ba\u015fkan\u0131 Hasan Topdemir taraf\u0131ndan haz\u0131rlanan bu kitaptaki oyunlar, e\u011flendirerek \u00f6\u011fretiyor, matematik kavramlar\u0131n\u0131 g\u00f6rselle\u015ftiriyor ve bilgileri kal\u0131c\u0131 h\u00e2le getiriyor. <\/p>\n","protected":false},"excerpt":{"rendered":"<p>MERAKLI \u00c7OCUKLAR \u0130\u00c7\u0130N 100 MATEMAT\u0130K OYUNU Bu oyunlarla matemati\u011fi \u00e7ok seveceksiniz. Merakl\u0131 \u00c7ocuklar \u0130\u00e7in 100 Matematik Oyunu kitab\u0131nda; Resimli Denklem, \u0130\u015flem Karesi, Say\u0131 Kartlar\u0131, Toplama Ba\u011flar\u0131,<span class=\"excerpt-hellip\"> [\u2026]<\/span><\/p>\n","protected":false},"featured_media":0,"template":"","meta":{"_monsterinsights_skip_tracking":false,"_monsterinsights_sitenote_active":false,"_monsterinsights_sitenote_note":"","_monsterinsights_sitenote_category":0},"product_brand":[],"product_cat":[12274,17859],"product_tag":[],"class_list":{"0":"post-737466","1":"product","2":"type-product","3":"status-publish","5":"product_cat-cocuk-ve-genclik-kitaplari","6":"product_cat-oyun-kitaplari","7":"pa_cilt-ciltsiz","8":"pa_tur-kitap","9":"pa_yayinevi-beyaz-balina-yayinlari","10":"pa_yazar-hasan-topdemir","12":"first","13":"instock","14":"sale","15":"shipping-taxable","16":"purchasable","17":"product-type-simple"},"_links":{"self":[{"href":"https:\/\/roveyayinevi.com.tr\/index.php\/wp-json\/wp\/v2\/product\/737466","targetHints":{"allow":["GET"]}}],"collection":[{"href":"https:\/\/roveyayinevi.com.tr\/index.php\/wp-json\/wp\/v2\/product"}],"about":[{"href":"https:\/\/roveyayinevi.com.tr\/index.php\/wp-json\/wp\/v2\/types\/product"}],"wp:attachment":[{"href":"https:\/\/roveyayinevi.com.tr\/index.php\/wp-json\/wp\/v2\/media?parent=737466"}],"wp:term":[{"taxonomy":"product_brand","embeddable":true,"href":"https:\/\/roveyayinevi.com.tr\/index.php\/wp-json\/wp\/v2\/product_brand?post=737466"},{"taxonomy":"product_cat","embeddable":true,"href":"https:\/\/roveyayinevi.com.tr\/index.php\/wp-json\/wp\/v2\/product_cat?post=737466"},{"taxonomy":"product_tag","embeddable":true,"href":"https:\/\/roveyayinevi.com.tr\/index.php\/wp-json\/wp\/v2\/product_tag?post=737466"}],"curies":[{"name":"wp","href":"https:\/\/api.w.org\/{rel}","templated":true}]}}