{"id":737465,"date":"2025-08-27T23:29:37","date_gmt":"2025-08-27T20:29:37","guid":{"rendered":"https:\/\/roveyayinevi.com.tr\/index.php\/urun\/merakli-cocuklar-icin-100-akil-ve-mantik-oyunu\/"},"modified":"2026-04-16T02:46:53","modified_gmt":"2026-04-15T23:46:53","slug":"merakli-cocuklar-icin-100-akil-ve-mantik-oyunu","status":"publish","type":"product","link":"https:\/\/roveyayinevi.com.tr\/index.php\/urun\/merakli-cocuklar-icin-100-akil-ve-mantik-oyunu\/","title":{"rendered":"Merakl\u0131 \u00c7ocuklar \u0130\u00e7in 100 Ak\u0131l Ve Mant\u0131k Oyunu"},"content":{"rendered":"<p>MERAKLI \u00c7OCUKLAR \u0130\u00c7\u0130N 100 AKIL VE MANTIK OYUNU D\u00fc\u015f\u00fcnme becerilerinizi oyunlarla geli\u015ftirebilirsiniz. Merakl\u0131 \u00c7ocuklar \u0130\u00e7in 100 Ak\u0131l ve Mant\u0131k Oyunu kitab\u0131nda; Resfebe, Kay\u0131p Harfler, Say\u0131 Avc\u0131s\u0131, Kelime Piramidi gibi bir\u00e7ok oyun var. T\u00fcm \u00dcst\u00fcn Zek\u00e2l\u0131 \u00c7ocuklar ve Aileleri Dayan\u0131\u015fma Derne\u011fi (T\u00dcZAD) Ba\u015fkan\u0131 Hasan Topdemir taraf\u0131ndan haz\u0131rlanan bu kitaptaki oyunlarla \u00e7\u00f6z\u00fcm \u00fcretme, \u00e7ok y\u00f6nl\u00fc ve sistemli d\u00fc\u015f\u00fcnme, mant\u0131k y\u00fcr\u00fctme yeteneklerinizi ve fark\u0131ndal\u0131\u011f\u0131n\u0131z\u0131 geli\u015ftirecek, e\u011flenerek \u00f6\u011freneceksiniz. <\/p>\n","protected":false},"excerpt":{"rendered":"<p>MERAKLI \u00c7OCUKLAR \u0130\u00c7\u0130N 100 AKIL VE MANTIK OYUNU D\u00fc\u015f\u00fcnme becerilerinizi oyunlarla geli\u015ftirebilirsiniz. Merakl\u0131 \u00c7ocuklar \u0130\u00e7in 100 Ak\u0131l ve Mant\u0131k Oyunu kitab\u0131nda; Resfebe, Kay\u0131p Harfler, Say\u0131 Avc\u0131s\u0131,<span class=\"excerpt-hellip\"> [\u2026]<\/span><\/p>\n","protected":false},"featured_media":0,"template":"","meta":{"_monsterinsights_skip_tracking":false,"_monsterinsights_sitenote_active":false,"_monsterinsights_sitenote_note":"","_monsterinsights_sitenote_category":0},"product_brand":[],"product_cat":[12274,17859],"product_tag":[],"class_list":{"0":"post-737465","1":"product","2":"type-product","3":"status-publish","5":"product_cat-cocuk-ve-genclik-kitaplari","6":"product_cat-oyun-kitaplari","7":"pa_cilt-ciltsiz","8":"pa_tur-kitap","9":"pa_yayinevi-beyaz-balina-yayinlari","10":"pa_yazar-hasan-topdemir","12":"first","13":"instock","14":"sale","15":"shipping-taxable","16":"purchasable","17":"product-type-simple"},"_links":{"self":[{"href":"https:\/\/roveyayinevi.com.tr\/index.php\/wp-json\/wp\/v2\/product\/737465","targetHints":{"allow":["GET"]}}],"collection":[{"href":"https:\/\/roveyayinevi.com.tr\/index.php\/wp-json\/wp\/v2\/product"}],"about":[{"href":"https:\/\/roveyayinevi.com.tr\/index.php\/wp-json\/wp\/v2\/types\/product"}],"wp:attachment":[{"href":"https:\/\/roveyayinevi.com.tr\/index.php\/wp-json\/wp\/v2\/media?parent=737465"}],"wp:term":[{"taxonomy":"product_brand","embeddable":true,"href":"https:\/\/roveyayinevi.com.tr\/index.php\/wp-json\/wp\/v2\/product_brand?post=737465"},{"taxonomy":"product_cat","embeddable":true,"href":"https:\/\/roveyayinevi.com.tr\/index.php\/wp-json\/wp\/v2\/product_cat?post=737465"},{"taxonomy":"product_tag","embeddable":true,"href":"https:\/\/roveyayinevi.com.tr\/index.php\/wp-json\/wp\/v2\/product_tag?post=737465"}],"curies":[{"name":"wp","href":"https:\/\/api.w.org\/{rel}","templated":true}]}}