{"id":737464,"date":"2025-08-27T23:29:36","date_gmt":"2025-08-27T20:29:36","guid":{"rendered":"https:\/\/roveyayinevi.com.tr\/index.php\/urun\/kutsal-ormanin-renkleri\/"},"modified":"2026-04-16T02:46:53","modified_gmt":"2026-04-15T23:46:53","slug":"kutsal-ormanin-renkleri","status":"publish","type":"product","link":"https:\/\/roveyayinevi.com.tr\/index.php\/urun\/kutsal-ormanin-renkleri\/","title":{"rendered":"Kutsal Orman&#8217;\u0131n Renkleri"},"content":{"rendered":"<p>\u201cPenceresinin etraf\u0131n\u0131 saran beyaz yapraklar\u0131n aras\u0131ndan, alacal\u0131 Kutsal Orman a\u011fa\u00e7lar\u0131ndan olu\u015fan Anthyr kentini, belki de ilk kez t\u00fcm dikkatini vererek inceledi. Anthyr kentinin dokusu; yedi u\u00e7lu, dalgal\u0131 kenarl\u0131 ye\u015fil yapraklar\u0131 ve a\u00e7\u0131kl\u0131 koyulu kahverengi tonlarda, reng\u00e2renk damarl\u0131 kabuklar\u0131yla \u00fcnl\u00fc Tela a\u011fa\u00e7lar\u0131ndan olu\u015fuyordu. Geni\u015f, \u00e7entikli yapraklar\u0131n birbirine nazik\u00e7e dokunu\u015flar\u0131n\u0131n f\u0131s\u0131lt\u0131s\u0131 ku\u015f c\u0131v\u0131lt\u0131lar\u0131n\u0131n ne\u015feli \u015fark\u0131lar\u0131na ritim tutuyor, topra\u011f\u0131n taze kokusu \u00e7i\u00e7eklerin burun ka\u015f\u0131nd\u0131ran keskin kokular\u0131na kar\u0131\u015f\u0131yordu. Laeriel g\u00fcl\u00fcmsedi. Anthyr\u2019den her zaman oldu\u011fu gibi huzur yay\u0131l\u0131yordu.\u201d   Kuara D\u00fcnyas\u0131\u2019nda, Kutsal Orman\u2019\u0131n derinliklerinde Laeriel ve elf arkada\u015flar\u0131n\u0131n \u00dcstat Okul\u2019da ba\u015flayan maceras\u0131nda ya\u015fanacaklar\u0131 duydu\u011funuzda \u201csivrintilerinize\u201d inanamayacaks\u0131n\u0131z. Kovucular, Toplay\u0131c\u0131lar,  elfler, Kutsal Orman, Tela a\u011fa\u00e7lar\u0131\u2026 Bu b\u00fcy\u00fcl\u00fc d\u00fcnyada Laeriel\u2019in ser\u00fcvenine siz de ortak olun! <\/p>\n","protected":false},"excerpt":{"rendered":"<p>\u201cPenceresinin etraf\u0131n\u0131 saran beyaz yapraklar\u0131n aras\u0131ndan, alacal\u0131 Kutsal Orman a\u011fa\u00e7lar\u0131ndan olu\u015fan Anthyr kentini, belki de ilk kez t\u00fcm dikkatini vererek inceledi. Anthyr kentinin dokusu; yedi u\u00e7lu,<span class=\"excerpt-hellip\"> [\u2026]<\/span><\/p>\n","protected":false},"featured_media":0,"template":"","meta":{"_monsterinsights_skip_tracking":false,"_monsterinsights_sitenote_active":false,"_monsterinsights_sitenote_note":"","_monsterinsights_sitenote_category":0},"product_brand":[],"product_cat":[12291,12711],"product_tag":[],"class_list":{"0":"post-737464","1":"product","2":"type-product","3":"status-publish","5":"product_cat-edebiyat","6":"product_cat-roman-oyku","7":"pa_cilt-ciltsiz","8":"pa_tur-kitap","9":"pa_yayinevi-luna-yayinlari","10":"pa_yazar-burcu-coskun-sengul","12":"first","13":"instock","14":"sale","15":"shipping-taxable","16":"purchasable","17":"product-type-simple"},"_links":{"self":[{"href":"https:\/\/roveyayinevi.com.tr\/index.php\/wp-json\/wp\/v2\/product\/737464","targetHints":{"allow":["GET"]}}],"collection":[{"href":"https:\/\/roveyayinevi.com.tr\/index.php\/wp-json\/wp\/v2\/product"}],"about":[{"href":"https:\/\/roveyayinevi.com.tr\/index.php\/wp-json\/wp\/v2\/types\/product"}],"wp:attachment":[{"href":"https:\/\/roveyayinevi.com.tr\/index.php\/wp-json\/wp\/v2\/media?parent=737464"}],"wp:term":[{"taxonomy":"product_brand","embeddable":true,"href":"https:\/\/roveyayinevi.com.tr\/index.php\/wp-json\/wp\/v2\/product_brand?post=737464"},{"taxonomy":"product_cat","embeddable":true,"href":"https:\/\/roveyayinevi.com.tr\/index.php\/wp-json\/wp\/v2\/product_cat?post=737464"},{"taxonomy":"product_tag","embeddable":true,"href":"https:\/\/roveyayinevi.com.tr\/index.php\/wp-json\/wp\/v2\/product_tag?post=737464"}],"curies":[{"name":"wp","href":"https:\/\/api.w.org\/{rel}","templated":true}]}}