{"id":737460,"date":"2025-08-27T23:29:31","date_gmt":"2025-08-27T20:29:31","guid":{"rendered":"https:\/\/roveyayinevi.com.tr\/index.php\/urun\/fable\/"},"modified":"2026-04-16T02:46:53","modified_gmt":"2026-04-15T23:46:53","slug":"fable","status":"publish","type":"product","link":"https:\/\/roveyayinevi.com.tr\/index.php\/urun\/fable\/","title":{"rendered":"Fable"},"content":{"rendered":"<p>H\u0131rs\u0131zlarla Dolu Bir AdaGizemli Bir M\u00fcrettebatYazg\u0131s\u0131 Tenine Kaz\u0131nm\u0131\u015f Bir K\u0131zDar Bo\u011faz\u2019daki en g\u00fc\u00e7l\u00fc t\u00fcccar\u0131n k\u0131z\u0131 olan Fable\u2019\u0131n bildi\u011fi tek yuva denizdi. Ta ki amans\u0131z bir f\u0131rt\u0131na her \u015feyini ondan alana kadar. H\u0131rs\u0131zlarla dolu bir adaya terk edildi\u011fi ve hayatta kalmak i\u00e7in her \u015feyi yapt\u0131\u011f\u0131 d\u00f6rt y\u0131l boyunca, onu adada kaderiyle ba\u015f ba\u015fa b\u0131rakan babas\u0131n\u0131n kurallar\u0131 ve annesinden ald\u0131\u011f\u0131 e\u015fsiz yetene\u011finden ba\u015fka g\u00fcvenebilece\u011fi bir \u015fey yoktu.Denizin derinliklerine dal\u0131p \u00e7\u0131kard\u0131\u011f\u0131 her m\u00fccevher onu hayat\u0131n\u0131n en \u00f6nemli yolculu\u011funa haz\u0131rl\u0131yordu. Y\u0131llard\u0131r tan\u0131d\u0131\u011f\u0131n\u0131 sand\u0131\u011f\u0131 West\u2019in gemisine atlay\u0131p hakk\u0131 olana ula\u015fmaya \u00e7al\u0131\u015f\u0131rken, kendini s\u0131rlarla \u00f6r\u00fclm\u00fc\u015f ticaret a\u011f\u0131n\u0131n tam ortas\u0131nda bulacakt\u0131.G\u00fcvenmek, denizin kendisinden bile tehlikeliydi ancak bu yolculuktan hep beraber canl\u0131 \u00e7\u0131kacaklarsa, m\u00fcrettebat\u0131n f\u0131rt\u0131nalardan daha fazlas\u0131n\u0131 atlatmas\u0131 gerekecekti.\u201cFable vah\u015fi bir d\u00fcnyada direnciyle parl\u0131yor ama k\u0131r\u0131lganl\u0131\u011f\u0131n\u0131 g\u00f6stermekten de hi\u00e7 \u00e7ekinmiyor. Hayatta kalmak i\u00e7in gerekeni yapmaktan hi\u00e7 korkmayan biri o. Bu hik\u00e2ye yakama yap\u0131\u015ft\u0131 ve b\u0131rakmay\u0131 reddetti!\u201d \u2014Shelby Mahurin, Y\u0131lan ve G\u00fcvercin\u2019in New York Times \u00e7oksatan yazar\u0131\u201cMerak uyand\u0131r\u0131c\u0131, s\u00fcr\u00fckleyici ve kesinlikle ustal\u0131kla yaz\u0131lm\u0131\u015f. Fable sizi g\u00fczellik vaadiyle cezbedecek ve Young\u2019\u0131n alameti farikas\u0131 olan cesaretle avucunun i\u00e7ine alacak.\u201d \u2014Adalyn Grace\u201cDeniz ve derinliklerinde sakl\u0131 olan \u015feylerin vaadi, bu kitab\u0131 ak\u0131lalmaz bir h\u0131zla okumam\u0131 sa\u011flad\u0131. Fable\u2019\u0131 sadece okumuyorsunuz, kendinizi bir anda i\u00e7inde buluyorsunuz.\u201d \u2014Shea Ernshaw\u201cKaranl\u0131k bir denizcilik hik\u00e2yesi\u2026 S\u00fcr\u00fckleyici ve t\u00fcm duyulara hitap ediyor. G\u00fc\u00e7l\u00fc kad\u0131n karakterlere doyamayan okurlar i\u00e7in birebir.\u201d \u2014Kirkus\u201cAdrienne Young, her k\u00f6\u015fe ba\u015f\u0131nda bir tehlikenin bekledi\u011fi bir d\u00fcnya kurmu\u015f.\u201d \u2014Publishers Weekly\u201cKay\u0131p hazineler, a\u015fk ve hayatta kalmak \u00fczerine heyecan verici bir hik\u00e2ye.\u201d \u2014School Library Journal\u201cYazar olarak Adrienne Young\u2019\u0131n g\u00fcc\u00fc, hem g\u00fc\u00e7l\u00fc kad\u0131n karakterleri hem de capcanl\u0131 ve ayr\u0131nt\u0131l\u0131 d\u00fcnyalar\u0131 ayn\u0131 beceriyle yazabilmesinde sakl\u0131.\u201d \u2014Culturess<\/p>\n","protected":false},"excerpt":{"rendered":"<p>H\u0131rs\u0131zlarla Dolu Bir AdaGizemli Bir M\u00fcrettebatYazg\u0131s\u0131 Tenine Kaz\u0131nm\u0131\u015f Bir K\u0131zDar Bo\u011faz\u2019daki en g\u00fc\u00e7l\u00fc t\u00fcccar\u0131n k\u0131z\u0131 olan Fable\u2019\u0131n bildi\u011fi tek yuva denizdi. Ta ki amans\u0131z bir f\u0131rt\u0131na<span class=\"excerpt-hellip\"> [\u2026]<\/span><\/p>\n","protected":false},"featured_media":0,"template":"","meta":{"_monsterinsights_skip_tracking":false,"_monsterinsights_sitenote_active":false,"_monsterinsights_sitenote_note":"","_monsterinsights_sitenote_category":0},"product_brand":[],"product_cat":[12291,14777],"product_tag":[],"class_list":{"0":"post-737460","1":"product","2":"type-product","3":"status-publish","5":"product_cat-edebiyat","6":"product_cat-fantastik","7":"pa_cilt-ciltsiz","8":"pa_tur-kitap","9":"pa_yayinevi-yabanci-yayinevi","10":"pa_yazar-adrienne-young","12":"first","13":"instock","14":"sale","15":"shipping-taxable","16":"purchasable","17":"product-type-simple"},"_links":{"self":[{"href":"https:\/\/roveyayinevi.com.tr\/index.php\/wp-json\/wp\/v2\/product\/737460","targetHints":{"allow":["GET"]}}],"collection":[{"href":"https:\/\/roveyayinevi.com.tr\/index.php\/wp-json\/wp\/v2\/product"}],"about":[{"href":"https:\/\/roveyayinevi.com.tr\/index.php\/wp-json\/wp\/v2\/types\/product"}],"wp:attachment":[{"href":"https:\/\/roveyayinevi.com.tr\/index.php\/wp-json\/wp\/v2\/media?parent=737460"}],"wp:term":[{"taxonomy":"product_brand","embeddable":true,"href":"https:\/\/roveyayinevi.com.tr\/index.php\/wp-json\/wp\/v2\/product_brand?post=737460"},{"taxonomy":"product_cat","embeddable":true,"href":"https:\/\/roveyayinevi.com.tr\/index.php\/wp-json\/wp\/v2\/product_cat?post=737460"},{"taxonomy":"product_tag","embeddable":true,"href":"https:\/\/roveyayinevi.com.tr\/index.php\/wp-json\/wp\/v2\/product_tag?post=737460"}],"curies":[{"name":"wp","href":"https:\/\/api.w.org\/{rel}","templated":true}]}}