{"id":737456,"date":"2025-08-27T23:29:26","date_gmt":"2025-08-27T20:29:26","guid":{"rendered":"https:\/\/roveyayinevi.com.tr\/index.php\/urun\/deliligin-buyusu\/"},"modified":"2026-04-08T02:55:19","modified_gmt":"2026-04-07T23:55:19","slug":"deliligin-buyusu","status":"publish","type":"product","link":"https:\/\/roveyayinevi.com.tr\/index.php\/urun\/deliligin-buyusu\/","title":{"rendered":"Delili\u011fin B\u00fcy\u00fcs\u00fc"},"content":{"rendered":"<p>Bug\u00fcn benim gibi sevdal\u0131 var m\u0131Bug\u00fcn benim gibi deliYerlere serilmi\u015f Y\u00dcRE\u011e\u0130 KAN \u0130\u00c7\u0130NDE.Ben de\u011filsem kim \u015fu adamB\u0130R ZAMANLAR VARDIM, ben bendim.BUG\u00dcN VAR OLAN neyin nesiHayyamHepimizin inan\u00e7lar\u0131, hayalleri ve tutkular\u0131 var. Onlars\u0131z hayata ba\u011flanamazd\u0131k. Bu inan\u00e7lardan belki de en g\u00fc\u00e7l\u00fcs\u00fc yeniden hayata gelmektir. Tekrar tekrar do\u011fmak, hayata burada veya ba\u015fka bir yerde devam etmek, daima yar\u0131m kalan bir maceray\u0131 s\u00fcrd\u00fcrmek&#8230; A\u015fk ve M\u00fczik Sonsuza Dek\u2019in kahraman\u0131 Sunguralp de b\u00f6yle tutkulu, yeniden do\u011fdu\u011fu inanc\u0131yla dolu bir roman karakteri. Sunguralp inan\u00e7lar\u0131m\u0131z\u0131 a\u015fk olmadan s\u00fcrd\u00fcremeyece\u011fimizi, tutkular\u0131m\u0131z\u0131n pe\u015finde ko\u015fmadan inan\u00e7 sahibi olamayaca\u011f\u0131m\u0131z\u0131 \u00f6\u011fretiyor bize. \u0130nan\u00e7 ise kayna\u011f\u0131n\u0131 a\u015fktan al\u0131r. A\u015fk ger\u00e7eklikle ili\u015fkimizi, d\u00fcnyay\u0131 alg\u0131lay\u0131\u015f\u0131m\u0131z\u0131 de\u011fi\u015ftirir; m\u00fczik gibi, sanat gibi. A\u015fk bize s\u0131radan biri olmad\u0131\u011f\u0131m\u0131z hissini ya\u015fat\u0131r, \u00f6zg\u00fcrle\u015ftirir, bizi s\u0131n\u0131rlayan ba\u011flar\u0131 bir s\u00fcreli\u011fine de olsa \u00e7\u00f6zer. D\u0131\u015far\u0131dan bakabilseydik kendimize bu deli de kim diye sorard\u0131k herhalde.Ergun Kocab\u0131y\u0131k<\/p>\n","protected":false},"excerpt":{"rendered":"<p>Bug\u00fcn benim gibi sevdal\u0131 var m\u0131Bug\u00fcn benim gibi deliYerlere serilmi\u015f Y\u00dcRE\u011e\u0130 KAN \u0130\u00c7\u0130NDE.Ben de\u011filsem kim \u015fu adamB\u0130R ZAMANLAR VARDIM, ben bendim.BUG\u00dcN VAR OLAN neyin nesiHayyamHepimizin inan\u00e7lar\u0131,<span class=\"excerpt-hellip\"> [\u2026]<\/span><\/p>\n","protected":false},"featured_media":0,"template":"","meta":{"_monsterinsights_skip_tracking":false,"_monsterinsights_sitenote_active":false,"_monsterinsights_sitenote_note":"","_monsterinsights_sitenote_category":0},"product_brand":[],"product_cat":[12291,12711],"product_tag":[],"class_list":{"0":"post-737456","1":"product","2":"type-product","3":"status-publish","5":"product_cat-edebiyat","6":"product_cat-roman-oyku","7":"pa_cilt-ciltsiz","8":"pa_tur-kitap","9":"pa_yayinevi-yeni-insan-yayinlari","10":"pa_yazar-sebnem-uralcan","12":"first","13":"instock","14":"sale","15":"shipping-taxable","16":"purchasable","17":"product-type-simple"},"_links":{"self":[{"href":"https:\/\/roveyayinevi.com.tr\/index.php\/wp-json\/wp\/v2\/product\/737456","targetHints":{"allow":["GET"]}}],"collection":[{"href":"https:\/\/roveyayinevi.com.tr\/index.php\/wp-json\/wp\/v2\/product"}],"about":[{"href":"https:\/\/roveyayinevi.com.tr\/index.php\/wp-json\/wp\/v2\/types\/product"}],"wp:attachment":[{"href":"https:\/\/roveyayinevi.com.tr\/index.php\/wp-json\/wp\/v2\/media?parent=737456"}],"wp:term":[{"taxonomy":"product_brand","embeddable":true,"href":"https:\/\/roveyayinevi.com.tr\/index.php\/wp-json\/wp\/v2\/product_brand?post=737456"},{"taxonomy":"product_cat","embeddable":true,"href":"https:\/\/roveyayinevi.com.tr\/index.php\/wp-json\/wp\/v2\/product_cat?post=737456"},{"taxonomy":"product_tag","embeddable":true,"href":"https:\/\/roveyayinevi.com.tr\/index.php\/wp-json\/wp\/v2\/product_tag?post=737456"}],"curies":[{"name":"wp","href":"https:\/\/api.w.org\/{rel}","templated":true}]}}