{"id":737455,"date":"2025-08-27T23:29:25","date_gmt":"2025-08-27T20:29:25","guid":{"rendered":"https:\/\/roveyayinevi.com.tr\/index.php\/urun\/bilsem-2-sinif-soru-bankasi\/"},"modified":"2026-04-16T02:46:52","modified_gmt":"2026-04-15T23:46:52","slug":"bilsem-2-sinif-soru-bankasi","status":"publish","type":"product","link":"https:\/\/roveyayinevi.com.tr\/index.php\/urun\/bilsem-2-sinif-soru-bankasi\/","title":{"rendered":"Bilsem 2. S\u0131n\u0131f Soru Bankas\u0131"},"content":{"rendered":"<p>Sevgili \u00d6\u011fretmenler, Say\u0131n Veliler ! Her \u00e7ocu\u011fun farkl\u0131 \u00f6zellikte ve alg\u0131 d\u00fczeyinin her \u00e7ocukta farkl\u0131 oldu\u011funu biliyoruz.   Bu nedenle haz\u0131rlad\u0131\u011f\u0131m\u0131z bu kitap, bu amaca hizmet etmeyi ama\u00e7lamaktad\u0131r. Haz\u0131rlad\u0131\u011f\u0131m\u0131z bu kitapla \u00f6\u011frencilerimizin g\u00f6rsel ve zihinsel zekalar\u0131 harekete ge\u00e7irilmek istenmektedir.   Bilim ve Sanat Merkezi s\u0131nav kapsam\u0131na uygun bu kitapla alg\u0131 ve dikkat ile beraber bilgi de\u011ferlenilmektedir. Her test belli say\u0131da sorudan olu\u015fmakta ve belli s\u00fcre verilmektedir. Bu sebeple \u00f6\u011frencimizi s\u0131nava bire bir haz\u0131rlamay\u0131 ama\u00e7lad\u0131k.   Her test biriminde cevaplar cevap anahtarlar\u0131ndan kontrol edilebilir. Ba\u015far\u0131 \u2018\u2018ba\u015faraca\u011f\u0131m\u2019\u2019 diyenlerindir. Bu unutulmamal\u0131d\u0131r. \u015eimdiden t\u00fcm \u00f6\u011frencilerimize, siz velilerimize, \u00f6\u011fretmenlerimize sa\u011fl\u0131k ve ba\u015far\u0131 dileriz. <\/p>\n","protected":false},"excerpt":{"rendered":"<p>Sevgili \u00d6\u011fretmenler, Say\u0131n Veliler ! Her \u00e7ocu\u011fun farkl\u0131 \u00f6zellikte ve alg\u0131 d\u00fczeyinin her \u00e7ocukta farkl\u0131 oldu\u011funu biliyoruz. Bu nedenle haz\u0131rlad\u0131\u011f\u0131m\u0131z bu kitap, bu amaca hizmet etmeyi<span class=\"excerpt-hellip\"> [\u2026]<\/span><\/p>\n","protected":false},"featured_media":0,"template":"","meta":{"_monsterinsights_skip_tracking":false,"_monsterinsights_sitenote_active":false,"_monsterinsights_sitenote_note":"","_monsterinsights_sitenote_category":0},"product_brand":[],"product_cat":[72756,12566,45572,42911,13473],"product_tag":[],"class_list":{"0":"post-737455","1":"product","2":"type-product","3":"status-publish","5":"product_cat-2-sinif-tum-dersler-soru","6":"product_cat-egitim","7":"product_cat-ilkogretim-2-sinif","8":"product_cat-ilkogretim-yardimci-kitaplar","9":"product_cat-sinavlara-hazirlik-okula-yardimci-kaynaklar","10":"pa_cilt-ciltsiz","11":"pa_tur-kitap","12":"pa_yayinevi-fark-yayinlari","13":"pa_yazar-tacettin-kandemir","15":"first","16":"instock","17":"sale","18":"shipping-taxable","19":"purchasable","20":"product-type-simple"},"_links":{"self":[{"href":"https:\/\/roveyayinevi.com.tr\/index.php\/wp-json\/wp\/v2\/product\/737455","targetHints":{"allow":["GET"]}}],"collection":[{"href":"https:\/\/roveyayinevi.com.tr\/index.php\/wp-json\/wp\/v2\/product"}],"about":[{"href":"https:\/\/roveyayinevi.com.tr\/index.php\/wp-json\/wp\/v2\/types\/product"}],"wp:attachment":[{"href":"https:\/\/roveyayinevi.com.tr\/index.php\/wp-json\/wp\/v2\/media?parent=737455"}],"wp:term":[{"taxonomy":"product_brand","embeddable":true,"href":"https:\/\/roveyayinevi.com.tr\/index.php\/wp-json\/wp\/v2\/product_brand?post=737455"},{"taxonomy":"product_cat","embeddable":true,"href":"https:\/\/roveyayinevi.com.tr\/index.php\/wp-json\/wp\/v2\/product_cat?post=737455"},{"taxonomy":"product_tag","embeddable":true,"href":"https:\/\/roveyayinevi.com.tr\/index.php\/wp-json\/wp\/v2\/product_tag?post=737455"}],"curies":[{"name":"wp","href":"https:\/\/api.w.org\/{rel}","templated":true}]}}