{"id":737453,"date":"2025-08-27T23:29:23","date_gmt":"2025-08-27T20:29:23","guid":{"rendered":"https:\/\/roveyayinevi.com.tr\/index.php\/urun\/aslan-yurekli-kedim\/"},"modified":"2026-04-16T02:46:52","modified_gmt":"2026-04-15T23:46:52","slug":"aslan-yurekli-kedim","status":"publish","type":"product","link":"https:\/\/roveyayinevi.com.tr\/index.php\/urun\/aslan-yurekli-kedim\/","title":{"rendered":"Aslan Y\u00fcrekli Kedim"},"content":{"rendered":"<p>Emirgan Mahallesi\u2019nin biricik kedisi Toti Noti bir g\u00fcn birdenbire ortadan kayboluverir. D\u00fc\u011f\u00fcn tela\u015f\u0131ndan dalg\u0131nla\u015fan sahipleri \u00f6nce buna bir anlam veremezler. Eve gelen azman k\u00f6pe\u011fin bu i\u015fte bir rol\u00fc var m\u0131d\u0131r? Yoksa ba\u015f\u0131na bir i\u015f mi gelmi\u015ftir? Yedi mahalleye haberler sal\u0131n\u0131r, ad\u0131na \u00f6d\u00fcller konur. Ama Toti yoktur. Acaba bulut olup g\u00f6ky\u00fcz\u00fcne mi gizlenmi\u015ftir? Yahut da buharla\u015f\u0131p hayalet bir kediye mi d\u00f6n\u00fc\u015fm\u00fc\u015ft\u00fcr? Kim bilir, belki de bu i\u015fin s\u0131rr\u0131n\u0131 Adile Teyze ve M\u00fcnir Amca \u00e7\u00f6zecektir. MA-KUT Arama Kurtarma Timi zaten bunun i\u00e7in vard\u0131r. \u00d6yleyse \u00fcmitsiz olmamak gerekir\u2026 Ayda \u00c7ay\u0131r\u2019\u0131n nahif kaleminden s\u00fcrprizlerle dolu, yepyeni bir kedi maceras\u0131 sizleri bekliyor. <\/p>\n","protected":false},"excerpt":{"rendered":"<p>Emirgan Mahallesi\u2019nin biricik kedisi Toti Noti bir g\u00fcn birdenbire ortadan kayboluverir. D\u00fc\u011f\u00fcn tela\u015f\u0131ndan dalg\u0131nla\u015fan sahipleri \u00f6nce buna bir anlam veremezler. Eve gelen azman k\u00f6pe\u011fin bu i\u015fte<span class=\"excerpt-hellip\"> [\u2026]<\/span><\/p>\n","protected":false},"featured_media":0,"template":"","meta":{"_monsterinsights_skip_tracking":false,"_monsterinsights_sitenote_active":false,"_monsterinsights_sitenote_note":"","_monsterinsights_sitenote_category":0},"product_brand":[],"product_cat":[12275,12274],"product_tag":[],"class_list":{"0":"post-737453","1":"product","2":"type-product","3":"status-publish","5":"product_cat-6-12-yas-kitaplari","6":"product_cat-cocuk-ve-genclik-kitaplari","7":"pa_cilt-ciltsiz","8":"pa_tur-kitap","9":"pa_yayinevi-luna-cocuk-yayinlari","10":"pa_yazar-ayda-cayir","12":"first","13":"instock","14":"sale","15":"shipping-taxable","16":"purchasable","17":"product-type-simple"},"_links":{"self":[{"href":"https:\/\/roveyayinevi.com.tr\/index.php\/wp-json\/wp\/v2\/product\/737453","targetHints":{"allow":["GET"]}}],"collection":[{"href":"https:\/\/roveyayinevi.com.tr\/index.php\/wp-json\/wp\/v2\/product"}],"about":[{"href":"https:\/\/roveyayinevi.com.tr\/index.php\/wp-json\/wp\/v2\/types\/product"}],"wp:attachment":[{"href":"https:\/\/roveyayinevi.com.tr\/index.php\/wp-json\/wp\/v2\/media?parent=737453"}],"wp:term":[{"taxonomy":"product_brand","embeddable":true,"href":"https:\/\/roveyayinevi.com.tr\/index.php\/wp-json\/wp\/v2\/product_brand?post=737453"},{"taxonomy":"product_cat","embeddable":true,"href":"https:\/\/roveyayinevi.com.tr\/index.php\/wp-json\/wp\/v2\/product_cat?post=737453"},{"taxonomy":"product_tag","embeddable":true,"href":"https:\/\/roveyayinevi.com.tr\/index.php\/wp-json\/wp\/v2\/product_tag?post=737453"}],"curies":[{"name":"wp","href":"https:\/\/api.w.org\/{rel}","templated":true}]}}