{"id":737451,"date":"2025-08-27T23:29:20","date_gmt":"2025-08-27T20:29:20","guid":{"rendered":"https:\/\/roveyayinevi.com.tr\/index.php\/urun\/zamanda-yolculuk\/"},"modified":"2026-04-16T02:46:52","modified_gmt":"2026-04-15T23:46:52","slug":"zamanda-yolculuk","status":"publish","type":"product","link":"https:\/\/roveyayinevi.com.tr\/index.php\/urun\/zamanda-yolculuk\/","title":{"rendered":"Zamanda Yolculuk"},"content":{"rendered":"<p>\u201cZaman\u0131n do\u011frusal oldu\u011funa g\u00fcveniriz. Muntazam \u015fekilde ebediyen ilerledi\u011fini d\u00fc\u015f\u00fcn\u00fcr\u00fcz. Sonsuza dek. Ancak ge\u00e7mi\u015f, \u015fu an ve gelecek aras\u0131ndaki fark ill\u00fczyondan ba\u015fka bir \u015fey de\u011fildir. D\u00fcn, bug\u00fcn ve yar\u0131n pe\u015f pe\u015fe gelmez. Sonsuz bir d\u00f6ng\u00fc halinde birbirlerine ba\u011fl\u0131d\u0131rlar. Her \u015fey birbirine ba\u011fl\u0131d\u0131r&#8230; Hayat bir labirenttir. Baz\u0131 insanlar hayatlar\u0131n\u0131 bir \u00e7\u0131k\u0131\u015f yolu arayarak ge\u00e7irirler. Ama tek yol vard\u0131r, o da daha derine g\u00f6t\u00fcr\u00fcr. Merkezine varana kadar bunu anlayamazs\u0131n.\u201d<\/p>\n","protected":false},"excerpt":{"rendered":"<p>\u201cZaman\u0131n do\u011frusal oldu\u011funa g\u00fcveniriz. Muntazam \u015fekilde ebediyen ilerledi\u011fini d\u00fc\u015f\u00fcn\u00fcr\u00fcz. Sonsuza dek. Ancak ge\u00e7mi\u015f, \u015fu an ve gelecek aras\u0131ndaki fark ill\u00fczyondan ba\u015fka bir \u015fey de\u011fildir. D\u00fcn, bug\u00fcn<span class=\"excerpt-hellip\"> [\u2026]<\/span><\/p>\n","protected":false},"featured_media":0,"template":"","meta":{"_monsterinsights_skip_tracking":false,"_monsterinsights_sitenote_active":false,"_monsterinsights_sitenote_note":"","_monsterinsights_sitenote_category":0},"product_brand":[],"product_cat":[12540,12291],"product_tag":[],"class_list":{"0":"post-737451","1":"product","2":"type-product","3":"status-publish","5":"product_cat-bilim-kurgu","6":"product_cat-edebiyat","7":"pa_cilt-ciltsiz","8":"pa_tur-kitap","9":"pa_yayinevi-theseus-yayinevi","10":"pa_yazar-h-g-tannhaus","12":"first","13":"instock","14":"sale","15":"shipping-taxable","16":"purchasable","17":"product-type-simple"},"_links":{"self":[{"href":"https:\/\/roveyayinevi.com.tr\/index.php\/wp-json\/wp\/v2\/product\/737451","targetHints":{"allow":["GET"]}}],"collection":[{"href":"https:\/\/roveyayinevi.com.tr\/index.php\/wp-json\/wp\/v2\/product"}],"about":[{"href":"https:\/\/roveyayinevi.com.tr\/index.php\/wp-json\/wp\/v2\/types\/product"}],"wp:attachment":[{"href":"https:\/\/roveyayinevi.com.tr\/index.php\/wp-json\/wp\/v2\/media?parent=737451"}],"wp:term":[{"taxonomy":"product_brand","embeddable":true,"href":"https:\/\/roveyayinevi.com.tr\/index.php\/wp-json\/wp\/v2\/product_brand?post=737451"},{"taxonomy":"product_cat","embeddable":true,"href":"https:\/\/roveyayinevi.com.tr\/index.php\/wp-json\/wp\/v2\/product_cat?post=737451"},{"taxonomy":"product_tag","embeddable":true,"href":"https:\/\/roveyayinevi.com.tr\/index.php\/wp-json\/wp\/v2\/product_tag?post=737451"}],"curies":[{"name":"wp","href":"https:\/\/api.w.org\/{rel}","templated":true}]}}