{"id":737450,"date":"2025-08-27T23:29:19","date_gmt":"2025-08-27T20:29:19","guid":{"rendered":"https:\/\/roveyayinevi.com.tr\/index.php\/urun\/zaman-polisi-1-hapis-gunleri\/"},"modified":"2026-04-16T02:46:52","modified_gmt":"2026-04-15T23:46:52","slug":"zaman-polisi-1-hapis-gunleri","status":"publish","type":"product","link":"https:\/\/roveyayinevi.com.tr\/index.php\/urun\/zaman-polisi-1-hapis-gunleri\/","title":{"rendered":"Zaman Polisi 1: Hapis G\u00fcnleri"},"content":{"rendered":"<p>D\u00fcnya \u00e7ap\u0131nda pop\u00fcler \u0130ngiliz yazar Jodi Taylor\u2019un yeni dizisi Zaman Polisi kar\u015f\u0131n\u0131zda.Doctor Who, Terry Pratchett ve Jasper Fforde hayranlar\u0131n\u0131n ka\u00e7\u0131rmamas\u0131 gereken, esprili ve duygusal maceraya ortak olun.Bug\u00fcn Zaman Polisine kat\u0131l\u0131n!Zaman \u00e7izgisinde yolculuk yap\u0131n\u2026 Yasal olarak!Heyecan ve macera.Yeterli \u00fccretler.Hizmet s\u0131ras\u0131nda c\u00f6mert \u00f6l\u00fcm avantajlar\u0131 \u2013 siz gittikten sonra sevdiklerinizin ac\u0131 \u00e7ekmeyece\u011fini garanti ediyoruz.\u0130ki, yedi ve hayatta kalanlar i\u00e7in on y\u0131ll\u0131k s\u00f6zle\u015fmeler.Zaman Polisi, sizleri zamanda yolculu\u011funa davet ediyor. Zaman \u00e7izgisini -yolu her ne olursa olsun- korumaya yemin etmi\u015f, g\u00fc\u00e7l\u00fc ve uluslararas\u0131 organizasyon Zaman Polisine kat\u0131l\u0131n. Zaman Polisi tarihinin g\u00f6rd\u00fc\u011f\u00fc en garip \u00e7aylaklar; Jane, Luke ve Matthew ile zamanda seyahat edin.Gelece\u011finizi garanti alt\u0131na almak i\u00e7in ge\u00e7mi\u015fi korumak&#8230;Hi\u00e7 bu d\u00fcnyada bir fark yaratabilmi\u015f olmay\u0131 dilediniz mi?G\u00fcnl\u00fck s\u0131radan ya\u015famdan s\u0131k\u0131ld\u0131n\u0131z m\u0131?Daha farkl\u0131 bir \u015feyin \u00f6zlemini \u00e7ekiyor musunuz?<\/p>\n","protected":false},"excerpt":{"rendered":"<p>D\u00fcnya \u00e7ap\u0131nda pop\u00fcler \u0130ngiliz yazar Jodi Taylor\u2019un yeni dizisi Zaman Polisi kar\u015f\u0131n\u0131zda.Doctor Who, Terry Pratchett ve Jasper Fforde hayranlar\u0131n\u0131n ka\u00e7\u0131rmamas\u0131 gereken, esprili ve duygusal maceraya ortak<span class=\"excerpt-hellip\"> [\u2026]<\/span><\/p>\n","protected":false},"featured_media":0,"template":"","meta":{"_monsterinsights_skip_tracking":false,"_monsterinsights_sitenote_active":false,"_monsterinsights_sitenote_note":"","_monsterinsights_sitenote_category":0},"product_brand":[],"product_cat":[12540,12291],"product_tag":[],"class_list":{"0":"post-737450","1":"product","2":"type-product","3":"status-publish","5":"product_cat-bilim-kurgu","6":"product_cat-edebiyat","7":"pa_cilt-ciltsiz","8":"pa_tur-kitap","9":"pa_yayinevi-theseus-yayinevi","10":"pa_yazar-jodi-taylor","12":"first","13":"instock","14":"sale","15":"shipping-taxable","16":"purchasable","17":"product-type-simple"},"_links":{"self":[{"href":"https:\/\/roveyayinevi.com.tr\/index.php\/wp-json\/wp\/v2\/product\/737450","targetHints":{"allow":["GET"]}}],"collection":[{"href":"https:\/\/roveyayinevi.com.tr\/index.php\/wp-json\/wp\/v2\/product"}],"about":[{"href":"https:\/\/roveyayinevi.com.tr\/index.php\/wp-json\/wp\/v2\/types\/product"}],"wp:attachment":[{"href":"https:\/\/roveyayinevi.com.tr\/index.php\/wp-json\/wp\/v2\/media?parent=737450"}],"wp:term":[{"taxonomy":"product_brand","embeddable":true,"href":"https:\/\/roveyayinevi.com.tr\/index.php\/wp-json\/wp\/v2\/product_brand?post=737450"},{"taxonomy":"product_cat","embeddable":true,"href":"https:\/\/roveyayinevi.com.tr\/index.php\/wp-json\/wp\/v2\/product_cat?post=737450"},{"taxonomy":"product_tag","embeddable":true,"href":"https:\/\/roveyayinevi.com.tr\/index.php\/wp-json\/wp\/v2\/product_tag?post=737450"}],"curies":[{"name":"wp","href":"https:\/\/api.w.org\/{rel}","templated":true}]}}